{"id":11805,"date":"2026-04-09T14:14:59","date_gmt":"2026-04-09T12:14:59","guid":{"rendered":"https:\/\/kavita.com\/eu-projects"},"modified":"2026-04-10T08:59:05","modified_gmt":"2026-04-10T06:59:05","slug":"eu-projects","status":"publish","type":"page","link":"https:\/\/kavita.com\/en\/eu-projects","title":{"rendered":"EU projects"},"content":{"rendered":"<section class=\"l-section wpb_row lines-right height_medium\"><div class=\"l-section-h i-cf\"><div class=\"g-cols vc_row via_flex valign_top type_default stacking_default\"><div class=\"vc_col-sm-12 wpb_column vc_column_container\"><div class=\"vc_column-inner\"><div class=\"wpb_wrapper\"><div class=\"g-cols wpb_row us_custom_ae390122 via_flex valign_middle type_default stacking_default\"><div class=\"vc_col-sm-12 wpb_column vc_column_container\"><div class=\"vc_column-inner\"><div class=\"wpb_wrapper\"><h1 class=\"w-post-elm post_title us_custom_58c515de has_text_color entry-title color_link_inherit\">EU projects<\/h1><\/div><\/div><\/div><\/div><div class=\"w-separator size_small\"><\/div><div class=\"wpb_text_column\"><div class=\"wpb_wrapper\"><h2>Solar power plants<\/h2>\n<\/div><\/div><div class=\"w-separator size_small\"><\/div><div class=\"wpb_text_column\"><div class=\"wpb_wrapper\"><p data-start=\"305\" data-end=\"534\">To increase operational efficiency and reduce energy costs, we installed a 30.6 kW solar power plant. The project was implemented with support from the joint project &#8220;Investment support for onshore solar power plants&#8221;. <\/p>\n<p data-start=\"536\" data-end=\"700\">This investment allows us to manage our electricity demand more efficiently, reduce our dependence on external suppliers and contribute to more environmentally friendly solutions.<\/p>\n<p data-start=\"702\" data-end=\"873\">The project is being implemented under the economic recovery and resilience plan &#8220;Next Generation Lithuania&#8221;, funded by the European Union&#8217;s NextGenerationEU instrument.<\/p>\n<\/div><\/div><div class=\"w-separator size_small\"><\/div><div class=\"w-image align_none\"><div class=\"w-image-h\"><img decoding=\"async\" width=\"2560\" height=\"1152\" src=\"https:\/\/kavita.com\/wp-content\/uploads\/2026\/04\/Kavita-se1-faktinis-scaled.jpeg\" class=\"attachment-full size-full\" alt=\"\" loading=\"lazy\" srcset=\"https:\/\/kavita.com\/wp-content\/uploads\/2026\/04\/Kavita-se1-faktinis-scaled.jpeg 2560w, https:\/\/kavita.com\/wp-content\/uploads\/2026\/04\/Kavita-se1-faktinis-300x135.jpeg 300w, https:\/\/kavita.com\/wp-content\/uploads\/2026\/04\/Kavita-se1-faktinis-1024x461.jpeg 1024w\" sizes=\"auto, (max-width: 2560px) 100vw, 2560px\" \/><\/div><\/div><div class=\"w-image align_none\"><div class=\"w-image-h\"><img decoding=\"async\" width=\"300\" height=\"192\" src=\"https:\/\/kavita.com\/wp-content\/uploads\/2026\/04\/FB-photo-300x192.jpg\" class=\"attachment-medium size-medium\" alt=\"\" loading=\"lazy\" srcset=\"https:\/\/kavita.com\/wp-content\/uploads\/2026\/04\/FB-photo-300x192.jpg 300w, https:\/\/kavita.com\/wp-content\/uploads\/2026\/04\/FB-photo.jpg 800w\" sizes=\"auto, (max-width: 300px) 100vw, 300px\" \/><\/div><\/div><\/div><\/div><\/div><\/div><\/div><\/section>\n","protected":false},"excerpt":{"rendered":"EU projectsSolar power plants To increase operational efficiency and reduce energy costs, we installed a 30.6 kW solar power plant. The project was implemented with support from the joint project &#8220;Investment support for onshore solar power plants&#8221;. This investment allows us to manage our electricity demand more efficiently, reduce our dependence on external suppliers and...","protected":false},"author":11,"featured_media":0,"parent":0,"menu_order":0,"comment_status":"closed","ping_status":"closed","template":"","meta":{"footnotes":""},"class_list":["post-11805","page","type-page","status-publish","hentry"],"acf":[],"yoast_head":"<!-- This site is optimized with the Yoast SEO plugin v27.3 - https:\/\/yoast.com\/product\/yoast-seo-wordpress\/ -->\n<title>EU projects | Kavita<\/title>\n<meta name=\"robots\" content=\"index, follow, max-snippet:-1, max-image-preview:large, max-video-preview:-1\" \/>\n<link rel=\"canonical\" href=\"https:\/\/kavita.com\/en\/eu-projects\" \/>\n<meta property=\"og:locale\" content=\"en_US\" \/>\n<meta property=\"og:type\" content=\"article\" \/>\n<meta property=\"og:title\" content=\"EU projects | Kavita\" \/>\n<meta property=\"og:url\" content=\"https:\/\/kavita.com\/en\/eu-projects\" \/>\n<meta property=\"og:site_name\" content=\"Kavita\" \/>\n<meta property=\"article:modified_time\" content=\"2026-04-10T06:59:05+00:00\" \/>\n<meta name=\"twitter:card\" content=\"summary_large_image\" \/>\n<meta name=\"twitter:label1\" content=\"Est. reading time\" \/>\n\t<meta name=\"twitter:data1\" content=\"1 minute\" \/>\n<script type=\"application\/ld+json\" class=\"yoast-schema-graph\">{\"@context\":\"https:\\\/\\\/schema.org\",\"@graph\":[{\"@type\":\"WebPage\",\"@id\":\"https:\\\/\\\/kavita.com\\\/en\\\/eu-projects\",\"url\":\"https:\\\/\\\/kavita.com\\\/en\\\/eu-projects\",\"name\":\"EU projects | Kavita\",\"isPartOf\":{\"@id\":\"https:\\\/\\\/kavita.com\\\/en#website\"},\"datePublished\":\"2026-04-09T12:14:59+00:00\",\"dateModified\":\"2026-04-10T06:59:05+00:00\",\"breadcrumb\":{\"@id\":\"https:\\\/\\\/kavita.com\\\/en\\\/eu-projects#breadcrumb\"},\"inLanguage\":\"en-US\",\"potentialAction\":[{\"@type\":\"ReadAction\",\"target\":[\"https:\\\/\\\/kavita.com\\\/en\\\/eu-projects\"]}]},{\"@type\":\"BreadcrumbList\",\"@id\":\"https:\\\/\\\/kavita.com\\\/en\\\/eu-projects#breadcrumb\",\"itemListElement\":[{\"@type\":\"ListItem\",\"position\":1,\"name\":\"Home\",\"item\":\"https:\\\/\\\/kavita.com\\\/en\\\/home\"},{\"@type\":\"ListItem\",\"position\":2,\"name\":\"EU projects\"}]},{\"@type\":\"WebSite\",\"@id\":\"https:\\\/\\\/kavita.com\\\/en#website\",\"url\":\"https:\\\/\\\/kavita.com\\\/en\",\"name\":\"Kavita\",\"description\":\"Dirbame su aki\u0173 ir regos prie\u017ei\u016bros  specialistais nuo 1994\",\"potentialAction\":[{\"@type\":\"SearchAction\",\"target\":{\"@type\":\"EntryPoint\",\"urlTemplate\":\"https:\\\/\\\/kavita.com\\\/en?s={search_term_string}\"},\"query-input\":{\"@type\":\"PropertyValueSpecification\",\"valueRequired\":true,\"valueName\":\"search_term_string\"}}],\"inLanguage\":\"en-US\"}]}<\/script>\n<!-- \/ Yoast SEO plugin. -->","yoast_head_json":{"title":"EU projects | Kavita","robots":{"index":"index","follow":"follow","max-snippet":"max-snippet:-1","max-image-preview":"max-image-preview:large","max-video-preview":"max-video-preview:-1"},"canonical":"https:\/\/kavita.com\/en\/eu-projects","og_locale":"en_US","og_type":"article","og_title":"EU projects | Kavita","og_url":"https:\/\/kavita.com\/en\/eu-projects","og_site_name":"Kavita","article_modified_time":"2026-04-10T06:59:05+00:00","twitter_card":"summary_large_image","twitter_misc":{"Est. reading time":"1 minute"},"schema":{"@context":"https:\/\/schema.org","@graph":[{"@type":"WebPage","@id":"https:\/\/kavita.com\/en\/eu-projects","url":"https:\/\/kavita.com\/en\/eu-projects","name":"EU projects | Kavita","isPartOf":{"@id":"https:\/\/kavita.com\/en#website"},"datePublished":"2026-04-09T12:14:59+00:00","dateModified":"2026-04-10T06:59:05+00:00","breadcrumb":{"@id":"https:\/\/kavita.com\/en\/eu-projects#breadcrumb"},"inLanguage":"en-US","potentialAction":[{"@type":"ReadAction","target":["https:\/\/kavita.com\/en\/eu-projects"]}]},{"@type":"BreadcrumbList","@id":"https:\/\/kavita.com\/en\/eu-projects#breadcrumb","itemListElement":[{"@type":"ListItem","position":1,"name":"Home","item":"https:\/\/kavita.com\/en\/home"},{"@type":"ListItem","position":2,"name":"EU projects"}]},{"@type":"WebSite","@id":"https:\/\/kavita.com\/en#website","url":"https:\/\/kavita.com\/en","name":"Kavita","description":"Dirbame su aki\u0173 ir regos prie\u017ei\u016bros  specialistais nuo 1994","potentialAction":[{"@type":"SearchAction","target":{"@type":"EntryPoint","urlTemplate":"https:\/\/kavita.com\/en?s={search_term_string}"},"query-input":{"@type":"PropertyValueSpecification","valueRequired":true,"valueName":"search_term_string"}}],"inLanguage":"en-US"}]}},"_links":{"self":[{"href":"https:\/\/kavita.com\/en\/wp-json\/wp\/v2\/pages\/11805","targetHints":{"allow":["GET"]}}],"collection":[{"href":"https:\/\/kavita.com\/en\/wp-json\/wp\/v2\/pages"}],"about":[{"href":"https:\/\/kavita.com\/en\/wp-json\/wp\/v2\/types\/page"}],"author":[{"embeddable":true,"href":"https:\/\/kavita.com\/en\/wp-json\/wp\/v2\/users\/11"}],"replies":[{"embeddable":true,"href":"https:\/\/kavita.com\/en\/wp-json\/wp\/v2\/comments?post=11805"}],"version-history":[{"count":2,"href":"https:\/\/kavita.com\/en\/wp-json\/wp\/v2\/pages\/11805\/revisions"}],"predecessor-version":[{"id":11818,"href":"https:\/\/kavita.com\/en\/wp-json\/wp\/v2\/pages\/11805\/revisions\/11818"}],"wp:attachment":[{"href":"https:\/\/kavita.com\/en\/wp-json\/wp\/v2\/media?parent=11805"}],"curies":[{"name":"wp","href":"https:\/\/api.w.org\/{rel}","templated":true}]}}