{"id":7657,"date":"2025-07-31T16:32:59","date_gmt":"2025-07-31T14:32:59","guid":{"rendered":"https:\/\/kavita.com\/why-be-a-partner"},"modified":"2025-11-05T08:49:20","modified_gmt":"2025-11-05T06:49:20","slug":"why-be-a-partner","status":"publish","type":"page","link":"https:\/\/kavita.com\/en\/why-be-a-partner","title":{"rendered":"Why be a partner?"},"content":{"rendered":"<section class=\"l-section wpb_row lines-right height_medium\"><div class=\"l-section-h i-cf\"><div class=\"g-cols vc_row via_flex valign_top type_default stacking_default\"><div class=\"vc_col-sm-12 wpb_column vc_column_container\"><div class=\"vc_column-inner\"><div class=\"wpb_wrapper\"><div class=\"g-cols wpb_row us_custom_1714277d via_flex valign_middle type_default stacking_default\"><div class=\"vc_col-sm-12 wpb_column vc_column_container\"><div class=\"vc_column-inner\"><div class=\"wpb_wrapper\"><h1 class=\"w-post-elm post_title us_custom_58c515de has_text_color entry-title color_link_inherit\">Why be a partner?<\/h1><\/div><\/div><\/div><\/div><div class=\"w-separator size_medium\"><\/div><div class=\"g-cols wpb_row via_flex valign_top type_default stacking_default\"><div class=\"vc_col-sm-8 wpb_column vc_column_container\"><div class=\"vc_column-inner\"><div class=\"wpb_wrapper\"><div class=\"w-vwrapper align_none valign_top\" style=\"--vwrapper-gap:20px\"><div class=\"wpb_text_column\"><div class=\"wpb_wrapper\"><h2>Time-tested professionalism<\/h2>\n<\/div><\/div><div class=\"wpb_text_column\"><div class=\"wpb_wrapper\"><p>For 30 years, we have been working closely with vision and hearing care professionals and medical institutions, supplying high quality goods and medical equipment at attractive prices and offering a wide range of services.<\/p>\n<\/div><\/div><\/div><div class=\"w-btn-wrapper align_none\"><a class=\"w-btn us-btn-style_1 us_custom_af6a9b6a quotation-popup\" href=\"#quotation-popup\"><span class=\"w-btn-label\">Fill in the request<\/span><\/a><\/div><\/div><\/div><\/div><div class=\"vc_col-sm-4 wpb_column vc_column_container\"><div class=\"vc_column-inner\"><div class=\"wpb_wrapper\"><\/div><\/div><\/div><\/div><div class=\"w-separator size_medium\"><\/div><div class=\"g-cols wpb_row via_flex valign_top type_default stacking_default\"><div class=\"vc_col-sm-4 wpb_column vc_column_container\"><div class=\"vc_column-inner\"><div class=\"wpb_wrapper\"><div class=\"w-vwrapper align_none valign_top\" style=\"--vwrapper-gap:20px\"><div class=\"wpb_text_column\"><div class=\"wpb_wrapper\"><p><strong>30 years on the market<\/strong><\/p>\n<\/div><\/div><div class=\"wpb_text_column\"><div class=\"wpb_wrapper\"><p>We have 30 years of valuable experience in providing the best optical and healthcare products on the market.<\/p>\n<\/div><\/div><\/div><\/div><\/div><\/div><div class=\"vc_col-sm-4 wpb_column vc_column_container\"><div class=\"vc_column-inner\"><div class=\"wpb_wrapper\"><div class=\"w-vwrapper align_none valign_top\" style=\"--vwrapper-gap:20px\"><div class=\"wpb_text_column\"><div class=\"wpb_wrapper\"><p><strong>More than 5 000 products for sale<\/strong><\/p>\n<\/div><\/div><div class=\"wpb_text_column\"><div class=\"wpb_wrapper\"><p>Our customers can choose from more than 5000 different products &#8211; from glasses and contact lenses to medical equipment.<\/p>\n<\/div><\/div><\/div><\/div><\/div><\/div><div class=\"vc_col-sm-4 wpb_column vc_column_container\"><div class=\"vc_column-inner\"><div class=\"wpb_wrapper\"><div class=\"w-vwrapper align_none valign_top\" style=\"--vwrapper-gap:20px\"><div class=\"wpb_text_column\"><div class=\"wpb_wrapper\"><p><strong>1500 sqm of total warehouse space <\/strong><\/p>\n<\/div><\/div><div class=\"wpb_text_column\"><div class=\"wpb_wrapper\"><p>We manage a 1500 sqm warehouse, which allows us to ensure fast and smooth distribution and delivery of goods.<\/p>\n<\/div><\/div><\/div><\/div><\/div><\/div><\/div><div class=\"w-separator size_medium\"><\/div><div class=\"g-cols wpb_row via_flex valign_top type_default stacking_default\"><div class=\"vc_col-sm-4 wpb_column vc_column_container\"><div class=\"vc_column-inner\"><div class=\"wpb_wrapper\"><div class=\"w-vwrapper align_none valign_top\" style=\"--vwrapper-gap:20px\"><div class=\"wpb_text_column\"><div class=\"wpb_wrapper\"><p><strong>Certified quality<\/strong><\/p>\n<\/div><\/div><div class=\"wpb_text_column\"><div class=\"wpb_wrapper\"><p>We are committed to ourselves and our customers to continuous process improvement, innovation and rational use of resources. &#8220;Kavita is certified according to ISO 9001:2015 and ISO 14001:2015 standards.<\/p>\n<\/div><\/div><\/div><\/div><\/div><\/div><div class=\"vc_col-sm-4 wpb_column vc_column_container\"><div class=\"vc_column-inner\"><div class=\"wpb_wrapper\"><div class=\"w-vwrapper align_none valign_top\" style=\"--vwrapper-gap:20px\"><div class=\"wpb_text_column\"><div class=\"wpb_wrapper\"><p><strong>International experience<\/strong><\/p>\n<\/div><\/div><div class=\"wpb_text_column\"><div class=\"wpb_wrapper\"><p>We are an international company &#8211; Kavita operates and supplies goods and services not only in Lithuania, but also in foreign markets &#8211; Latvia, Estonia, Poland, Georgia, Slovakia and other countries.<\/p>\n<\/div><\/div><\/div><\/div><\/div><\/div><div class=\"vc_col-sm-4 wpb_column vc_column_container\"><div class=\"vc_column-inner\"><div class=\"wpb_wrapper\"><div class=\"w-vwrapper align_none valign_top\" style=\"--vwrapper-gap:20px\"><div class=\"wpb_text_column\"><div class=\"wpb_wrapper\"><p><strong>350 employees<\/strong><\/p>\n<\/div><\/div><div class=\"wpb_text_column\"><div class=\"wpb_wrapper\"><p>&#8220;The Kavita group of companies brings together more than 350 professionals from different fields.<\/p>\n<\/div><\/div><\/div><\/div><\/div><\/div><\/div><div class=\"w-separator size_medium\"><\/div><div class=\"g-cols wpb_row via_flex valign_top type_default stacking_default\"><div class=\"vc_col-sm-6 wpb_column vc_column_container\"><div class=\"vc_column-inner\"><div class=\"wpb_wrapper\"><div class=\"w-vwrapper align_none valign_top\" style=\"--vwrapper-gap:20px\"><div class=\"wpb_text_column\"><div class=\"wpb_wrapper\"><p><strong>More than 50 brands<\/strong><\/p>\n<\/div><\/div><div class=\"wpb_text_column\"><div class=\"wpb_wrapper\"><p>We have strong partnerships and relationships with trusted brands &#8211; we are the official representatives of Johnson &amp; Johnson contact lens manufacturer and work with world-renowned eyewear brands.<\/p>\n<\/div><\/div><\/div><\/div><\/div><\/div><div class=\"vc_col-sm-6 wpb_column vc_column_container\"><div class=\"vc_column-inner\"><div class=\"wpb_wrapper\"><div class=\"w-vwrapper align_none valign_top\" style=\"--vwrapper-gap:20px\"><div class=\"wpb_text_column\"><div class=\"wpb_wrapper\"><p><strong> <\/strong><\/p>\n<\/div><\/div><div class=\"wpb_text_column\"><div class=\"wpb_wrapper\"><p>We have earned the trust and respect of our suppliers, and we are also the representatives of many of the best-known medical equipment manufacturers.<\/p>\n<\/div><\/div><\/div><\/div><\/div><\/div><\/div><\/div><\/div><\/div><\/div><\/div><\/section><section class=\"l-section wpb_row height_medium\"><div class=\"l-section-overlay\" style=\"background:var(--color-footer-bg)\"><\/div><div class=\"l-section-h i-cf\"><div class=\"g-cols vc_row via_flex valign_top type_default stacking_default\"><div class=\"vc_col-sm-12 wpb_column vc_column_container\"><div class=\"vc_column-inner\"><div class=\"wpb_wrapper\"><div class=\"g-cols wpb_row via_flex valign_top type_default stacking_default\"><div class=\"vc_col-sm-12 wpb_column vc_column_container\"><div class=\"vc_column-inner\"><div class=\"wpb_wrapper\"><div class=\"wpb_text_column\"><div class=\"wpb_wrapper\"><h2>Services provided<\/h2>\n<\/div><\/div><\/div><\/div><\/div><\/div><div class=\"w-separator size_medium\"><\/div><div class=\"g-cols wpb_row no-paddings via_flex valign_top type_default stacking_default\"><div class=\"vc_col-sm-3 wpb_column vc_column_container\"><div class=\"vc_column-inner\"><div class=\"wpb_wrapper\">\n    <div id=\"custom-icon-title-8746\" class=\"custom-icon-title-element\">\n        <div class=\"icon-title-wrapper\">\n            <div class=\"icon-container\">\n                                                            <img decoding=\"async\" src=\"https:\/\/kavita.com\/wp-content\/uploads\/2025\/07\/icon-communication.png\" alt=\"Icon\" style=\"width: 60px; height: 60px; object-fit: contain;\" \/>\n                                                <\/div>\n                            <div class=\"content-container\">\n                    <h4 class=\"element-title\">\n                        Consultation                    <\/h4>\n                <\/div>\n                    <\/div>\n                    <div class=\"description-container\">\n                <p class=\"element-description\">\n                    Esame daugiau nei pardav\u0117jai \u2013 teikiame savo klientams profesionalias konsultacijas ir apmokymus, sumontuojame \u012fsigyt\u0105 \u012frang\u0105 ir apmokome specialistus dirbti su ja.                <\/p>\n            <\/div>\n            <\/div>\n\n<\/div><\/div><\/div><div class=\"vc_col-sm-3 wpb_column vc_column_container\"><div class=\"vc_column-inner\"><div class=\"wpb_wrapper\">\n    <div id=\"custom-icon-title-1755\" class=\"custom-icon-title-element\">\n        <div class=\"icon-title-wrapper\">\n            <div class=\"icon-container\">\n                                                            <img decoding=\"async\" src=\"https:\/\/kavita.com\/wp-content\/uploads\/2025\/07\/icon-ecommerce.png\" alt=\"Icon\" style=\"width: 60px; height: 60px; object-fit: contain;\" \/>\n                                                <\/div>\n                            <div class=\"content-container\">\n                    <h4 class=\"element-title\">\n                        E-commerce                    <\/h4>\n                <\/div>\n                    <\/div>\n                    <div class=\"description-container\">\n                <p class=\"element-description\">\n                    Suteikiame lengv\u0105 ir patogi\u0105 prieig\u0105 prie m\u016bs\u0173 produkt\u0173 ir \u0161iuolaikin\u0117s didmenin\u0117s prekybos.                <\/p>\n            <\/div>\n            <\/div>\n\n<\/div><\/div><\/div><div class=\"vc_col-sm-3 wpb_column vc_column_container\"><div class=\"vc_column-inner\"><div class=\"wpb_wrapper\">\n    <div id=\"custom-icon-title-1660\" class=\"custom-icon-title-element\">\n        <div class=\"icon-title-wrapper\">\n            <div class=\"icon-container\">\n                                                            <img decoding=\"async\" src=\"https:\/\/kavita.com\/wp-content\/uploads\/2025\/07\/icon-manufacturer.png\" alt=\"Icon\" style=\"width: 60px; height: 60px; object-fit: contain;\" \/>\n                                                <\/div>\n                            <div class=\"content-container\">\n                    <h4 class=\"element-title\">\n                        Production                    <\/h4>\n                <\/div>\n                    <\/div>\n                    <div class=\"description-container\">\n                <p class=\"element-description\">\n                    Savo klientams mes si\u016blome galimyb\u0119 ne tik u\u017esakyti atskirus akini\u0173 komponentus, bet ir j\u0173 gamyb\u0105 \u2013 turime i\u0161skirtin\u0119 galimyb\u0119 naudodami moderni\u0105 akini\u0173 gamybos technologij\u0105 pagaminti akinius ir i\u0161si\u0173sti galutin\u012f produkt\u0105 klientui.                <\/p>\n            <\/div>\n            <\/div>\n\n<\/div><\/div><\/div><div class=\"vc_col-sm-3 wpb_column vc_column_container\"><div class=\"vc_column-inner\"><div class=\"wpb_wrapper\">\n    <div id=\"custom-icon-title-3531\" class=\"custom-icon-title-element\">\n        <div class=\"icon-title-wrapper\">\n            <div class=\"icon-container\">\n                                                            <img decoding=\"async\" src=\"https:\/\/kavita.com\/wp-content\/uploads\/2025\/07\/icon-communication.png\" alt=\"Icon\" style=\"width: 60px; height: 60px; object-fit: contain;\" \/>\n                                                <\/div>\n                            <div class=\"content-container\">\n                    <h4 class=\"element-title\">\n                        Maintenance                    <\/h4>\n                <\/div>\n                    <\/div>\n                    <div class=\"description-container\">\n                <p class=\"element-description\">\n                    \u012esigytai \u012frangai si\u016blome periodi\u0161kai atliekam\u0105 prevencin\u0119 diagnostik\u0105, garantin\u0117s ir pogarantin\u0117s prie\u017ei\u016bros paslaugas.                <\/p>\n            <\/div>\n            <\/div>\n\n<\/div><\/div><\/div><\/div><\/div><\/div><\/div><\/div><\/div><\/section><section class=\"l-section wpb_row lines-right height_medium\"><div class=\"l-section-h i-cf\"><div class=\"g-cols vc_row via_flex valign_top type_default stacking_default\"><div class=\"vc_col-sm-12 wpb_column vc_column_container\"><div class=\"vc_column-inner\"><div class=\"wpb_wrapper\"><div class=\"g-cols wpb_row via_flex valign_top type_default stacking_default\"><div class=\"vc_col-sm-4 wpb_column vc_column_container\"><div class=\"vc_column-inner\"><div class=\"wpb_wrapper\"><div class=\"w-image align_none\"><div class=\"w-image-h\"><img decoding=\"async\" width=\"649\" height=\"366\" src=\"https:\/\/kavita.com\/wp-content\/uploads\/2025\/07\/become-partner-pc.png\" class=\"attachment-large size-large\" alt=\"\" loading=\"lazy\" srcset=\"https:\/\/kavita.com\/wp-content\/uploads\/2025\/07\/become-partner-pc.png 649w, https:\/\/kavita.com\/wp-content\/uploads\/2025\/07\/become-partner-pc-300x169.png 300w\" sizes=\"auto, (max-width: 649px) 100vw, 649px\" \/><\/div><\/div><\/div><\/div><\/div><div class=\"vc_col-sm-8 wpb_column vc_column_container\"><div class=\"vc_column-inner\"><div class=\"wpb_wrapper\"><div class=\"w-vwrapper align_none valign_top\" style=\"--vwrapper-gap:20px\"><div class=\"wpb_text_column\"><div class=\"wpb_wrapper\"><h2>Order management system<\/h2>\n<\/div><\/div><div class=\"wpb_text_column\"><div class=\"wpb_wrapper\"><p>The Order Management (Partner) system helps customers and partners to manage their ordering process and information conveniently and quickly in one place.<\/p>\n<p>Log in to see the complete electronic product catalogue with three-dimensional pictures and descriptions of spectacle frames, to make an accurate selection of spectacle lenses, to take advantage of the special offers available only for users of the system, to see the stock availability and delivery date, to track the status of the shipment and to benefit from other advantages to help you to efficiently manage your orders.<\/p>\n<\/div><\/div><div class=\"wpb_text_column us_custom_c87c4442 has_text_color\"><div class=\"wpb_wrapper\"><\/div><\/div><\/div><\/div><\/div><\/div><\/div><div class=\"w-separator size_medium\"><\/div><div class=\"g-cols wpb_row via_flex valign_top type_default stacking_default\"><div class=\"vc_col-sm-4 wpb_column vc_column_container\"><div class=\"vc_column-inner\"><div class=\"wpb_wrapper\"><div class=\"w-vwrapper align_none valign_top\" style=\"--vwrapper-gap:20px\"><div class=\"wpb_text_column\"><div class=\"wpb_wrapper\"><p><strong>Online product catalogue<\/strong><\/p>\n<\/div><\/div><div class=\"wpb_text_column\"><div class=\"wpb_wrapper\"><p>See the full range in one place, with three-dimensional photos, prices and descriptions of the frames.<\/p>\n<\/div><\/div><\/div><\/div><\/div><\/div><div class=\"vc_col-sm-4 wpb_column vc_column_container\"><div class=\"vc_column-inner\"><div class=\"wpb_wrapper\"><div class=\"w-vwrapper align_none valign_top\" style=\"--vwrapper-gap:20px\"><div class=\"wpb_text_column\"><div class=\"wpb_wrapper\"><p><strong>Special offers<\/strong><\/p>\n<\/div><\/div><div class=\"wpb_text_column\"><div class=\"wpb_wrapper\"><p>For users of the Order Management System, we offer exclusive deals to help you save money.<\/p>\n<\/div><\/div><\/div><\/div><\/div><\/div><div class=\"vc_col-sm-4 wpb_column vc_column_container\"><div class=\"vc_column-inner\"><div class=\"wpb_wrapper\"><div class=\"w-vwrapper align_none valign_top\" style=\"--vwrapper-gap:20px\"><div class=\"wpb_text_column\"><div class=\"wpb_wrapper\"><p><strong>Unique order code<\/strong><\/p>\n<\/div><\/div><div class=\"wpb_text_column\"><div class=\"wpb_wrapper\"><p>A unique code that you can assign to each order will help you create and track your orders smoothly.<\/p>\n<\/div><\/div><\/div><\/div><\/div><\/div><\/div><div class=\"w-separator size_medium\"><\/div><div class=\"g-cols wpb_row via_flex valign_top type_default stacking_default\"><div class=\"vc_col-sm-4 wpb_column vc_column_container\"><div class=\"vc_column-inner\"><div class=\"wpb_wrapper\"><div class=\"w-vwrapper align_none valign_top\" style=\"--vwrapper-gap:20px\"><div class=\"wpb_text_column\"><div class=\"wpb_wrapper\"><p><strong>Availability of goods in stock<\/strong><\/p>\n<\/div><\/div><div class=\"wpb_text_column\"><div class=\"wpb_wrapper\"><p>To help you plan your orders, the system provides you with information on stock levels and delivery times.<\/p>\n<\/div><\/div><\/div><\/div><\/div><\/div><div class=\"vc_col-sm-4 wpb_column vc_column_container\"><div class=\"vc_column-inner\"><div class=\"wpb_wrapper\"><div class=\"w-vwrapper align_none valign_top\" style=\"--vwrapper-gap:20px\"><div class=\"wpb_text_column\"><div class=\"wpb_wrapper\"><p><strong>Faster order fulfilment<\/strong><\/p>\n<\/div><\/div><div class=\"wpb_text_column\"><div class=\"wpb_wrapper\"><p>We make the ordering process more convenient and ensure that the information you need is always available in the system, so your order is processed faster and smoother.<\/p>\n<\/div><\/div><\/div><\/div><\/div><\/div><div class=\"vc_col-sm-4 wpb_column vc_column_container\"><div class=\"vc_column-inner\"><div class=\"wpb_wrapper\"><div class=\"w-vwrapper align_none valign_top\" style=\"--vwrapper-gap:20px\"><div class=\"wpb_text_column\"><div class=\"wpb_wrapper\"><p><strong>Shipment tracking system<\/strong><\/p>\n<\/div><\/div><div class=\"wpb_text_column\"><div class=\"wpb_wrapper\"><p>We give you the ability to track the status of your shipment &#8211; from submission to dispatch.<\/p>\n<\/div><\/div><\/div><\/div><\/div><\/div><\/div><div class=\"w-separator size_medium\"><\/div><div class=\"g-cols wpb_row via_flex valign_top type_default stacking_default\"><div class=\"vc_col-sm-4 wpb_column vc_column_container\"><div class=\"vc_column-inner\"><div class=\"wpb_wrapper\"><div class=\"w-vwrapper align_none valign_top\" style=\"--vwrapper-gap:20px\"><div class=\"wpb_text_column\"><div class=\"wpb_wrapper\"><p><strong>Order history in one place<\/strong><\/p>\n<\/div><\/div><div class=\"wpb_text_column\"><div class=\"wpb_wrapper\"><p>Once you are logged in, you will be able to see the details of all previously placed orders.<\/p>\n<\/div><\/div><\/div><\/div><\/div><\/div><div class=\"vc_col-sm-8 wpb_column vc_column_container\"><div class=\"vc_column-inner\"><div class=\"wpb_wrapper\"><div class=\"w-hwrapper us_custom_3e88296e valign_middle stack_on_mobiles align_justify\" style=\"--hwrapper-gap:1.2px\"><h3 data-text=\"Tapkite partneriu\" class=\"w-text us_custom_785e50b2 products-category-main-heading\"><span class=\"w-text-h\"><span class=\"w-text-value\">Become a partner<\/span><\/span><\/h3><div class=\"w-btn-wrapper align_none\"><a class=\"w-btn us-btn-style_1 us_custom_0d2400e8 quotation-popup\" href=\"#quotation-popup\"><span class=\"w-btn-label\">Fill in the request<\/span><\/a><\/div><\/div><\/div><\/div><\/div><\/div><\/div><\/div><\/div><\/div><\/div><\/section><section class=\"l-section wpb_row us_custom_f42839d8 height_auto\"><div class=\"l-section-h i-cf\"><div class=\"g-cols vc_row via_flex valign_top type_default stacking_default\"><div class=\"vc_col-sm-12 wpb_column vc_column_container\"><div class=\"vc_column-inner\"><div class=\"wpb_wrapper\"><div class=\"g-cols wpb_row us_custom_8a398476 via_flex valign_top type_default stacking_default\"><div class=\"vc_col-sm-7 wpb_column vc_column_container\"><div class=\"vc_column-inner\"><div class=\"wpb_wrapper\"><div class=\"w-vwrapper us_custom_9d5325e5 has_text_color align_none valign_top\" style=\"--vwrapper-gap:20px\"><h3 class=\"w-text us_custom_1d7791b0\"><span class=\"w-text-h\"><span class=\"w-text-value\">Order a product catalogue<\/span><\/span><\/h3><div class=\"wpb_text_column\"><div class=\"wpb_wrapper\"><p>Our partnership with Kavita is always professional and personal. Let&#8217;s start the conversation &#8211; fill in the enquiry form to get our catalogue or a personalised offer.<\/p>\n<\/div><\/div><div class=\"w-btn-wrapper default_align_none laptops_align_none tablets_align_justify mobiles_align_justify\"><a class=\"w-btn us-btn-style_1 us_custom_0f8f44b7 quotation-popup\" href=\"#quotation-popup\"><span class=\"w-btn-label\">Fill in the form<\/span><\/a><\/div><\/div><\/div><\/div><\/div><div class=\"vc_col-sm-5 wpb_column vc_column_container\"><div class=\"vc_column-inner\"><div class=\"wpb_wrapper\"><\/div><\/div><\/div><\/div><\/div><\/div><\/div><\/div><\/div><\/section>\n\n","protected":false},"excerpt":{"rendered":"Why be a partner?Time-tested professionalism For 30 years, we have been working closely with vision and hearing care professionals and medical institutions, supplying high quality goods and medical equipment at attractive prices and offering a wide range of services. Fill in the request30 years on the market We have 30 years of valuable experience in...","protected":false},"author":1,"featured_media":0,"parent":0,"menu_order":0,"comment_status":"closed","ping_status":"closed","template":"","meta":{"footnotes":""},"class_list":["post-7657","page","type-page","status-publish","hentry"],"acf":[],"yoast_head":"<!-- This site is optimized with the Yoast SEO plugin v27.3 - https:\/\/yoast.com\/product\/yoast-seo-wordpress\/ -->\n<title>Why be a partner? | Kavita<\/title>\n<meta name=\"robots\" content=\"index, follow, max-snippet:-1, max-image-preview:large, max-video-preview:-1\" \/>\n<link rel=\"canonical\" href=\"https:\/\/kavita.com\/en\/why-be-a-partner\" \/>\n<meta property=\"og:locale\" content=\"en_US\" \/>\n<meta property=\"og:type\" content=\"article\" \/>\n<meta property=\"og:title\" content=\"Why be a partner? | Kavita\" \/>\n<meta property=\"og:url\" content=\"https:\/\/kavita.com\/en\/why-be-a-partner\" \/>\n<meta property=\"og:site_name\" content=\"Kavita\" \/>\n<meta property=\"article:modified_time\" content=\"2025-11-05T06:49:20+00:00\" \/>\n<meta name=\"twitter:card\" content=\"summary_large_image\" \/>\n<meta name=\"twitter:label1\" content=\"Est. reading time\" \/>\n\t<meta name=\"twitter:data1\" content=\"9 minutes\" \/>\n<script type=\"application\/ld+json\" class=\"yoast-schema-graph\">{\"@context\":\"https:\\\/\\\/schema.org\",\"@graph\":[{\"@type\":\"WebPage\",\"@id\":\"https:\\\/\\\/kavita.com\\\/en\\\/why-be-a-partner\",\"url\":\"https:\\\/\\\/kavita.com\\\/en\\\/why-be-a-partner\",\"name\":\"Why be a partner? | Kavita\",\"isPartOf\":{\"@id\":\"https:\\\/\\\/kavita.com\\\/en#website\"},\"datePublished\":\"2025-07-31T14:32:59+00:00\",\"dateModified\":\"2025-11-05T06:49:20+00:00\",\"breadcrumb\":{\"@id\":\"https:\\\/\\\/kavita.com\\\/en\\\/why-be-a-partner#breadcrumb\"},\"inLanguage\":\"en-US\",\"potentialAction\":[{\"@type\":\"ReadAction\",\"target\":[\"https:\\\/\\\/kavita.com\\\/en\\\/why-be-a-partner\"]}]},{\"@type\":\"BreadcrumbList\",\"@id\":\"https:\\\/\\\/kavita.com\\\/en\\\/why-be-a-partner#breadcrumb\",\"itemListElement\":[{\"@type\":\"ListItem\",\"position\":1,\"name\":\"Home\",\"item\":\"https:\\\/\\\/kavita.com\\\/en\\\/home\"},{\"@type\":\"ListItem\",\"position\":2,\"name\":\"Why be a partner?\"}]},{\"@type\":\"WebSite\",\"@id\":\"https:\\\/\\\/kavita.com\\\/en#website\",\"url\":\"https:\\\/\\\/kavita.com\\\/en\",\"name\":\"Kavita\",\"description\":\"Dirbame su aki\u0173 ir regos prie\u017ei\u016bros  specialistais nuo 1994\",\"potentialAction\":[{\"@type\":\"SearchAction\",\"target\":{\"@type\":\"EntryPoint\",\"urlTemplate\":\"https:\\\/\\\/kavita.com\\\/en?s={search_term_string}\"},\"query-input\":{\"@type\":\"PropertyValueSpecification\",\"valueRequired\":true,\"valueName\":\"search_term_string\"}}],\"inLanguage\":\"en-US\"}]}<\/script>\n<!-- \/ Yoast SEO plugin. -->","yoast_head_json":{"title":"Why be a partner? | Kavita","robots":{"index":"index","follow":"follow","max-snippet":"max-snippet:-1","max-image-preview":"max-image-preview:large","max-video-preview":"max-video-preview:-1"},"canonical":"https:\/\/kavita.com\/en\/why-be-a-partner","og_locale":"en_US","og_type":"article","og_title":"Why be a partner? | Kavita","og_url":"https:\/\/kavita.com\/en\/why-be-a-partner","og_site_name":"Kavita","article_modified_time":"2025-11-05T06:49:20+00:00","twitter_card":"summary_large_image","twitter_misc":{"Est. reading time":"9 minutes"},"schema":{"@context":"https:\/\/schema.org","@graph":[{"@type":"WebPage","@id":"https:\/\/kavita.com\/en\/why-be-a-partner","url":"https:\/\/kavita.com\/en\/why-be-a-partner","name":"Why be a partner? | Kavita","isPartOf":{"@id":"https:\/\/kavita.com\/en#website"},"datePublished":"2025-07-31T14:32:59+00:00","dateModified":"2025-11-05T06:49:20+00:00","breadcrumb":{"@id":"https:\/\/kavita.com\/en\/why-be-a-partner#breadcrumb"},"inLanguage":"en-US","potentialAction":[{"@type":"ReadAction","target":["https:\/\/kavita.com\/en\/why-be-a-partner"]}]},{"@type":"BreadcrumbList","@id":"https:\/\/kavita.com\/en\/why-be-a-partner#breadcrumb","itemListElement":[{"@type":"ListItem","position":1,"name":"Home","item":"https:\/\/kavita.com\/en\/home"},{"@type":"ListItem","position":2,"name":"Why be a partner?"}]},{"@type":"WebSite","@id":"https:\/\/kavita.com\/en#website","url":"https:\/\/kavita.com\/en","name":"Kavita","description":"Dirbame su aki\u0173 ir regos prie\u017ei\u016bros  specialistais nuo 1994","potentialAction":[{"@type":"SearchAction","target":{"@type":"EntryPoint","urlTemplate":"https:\/\/kavita.com\/en?s={search_term_string}"},"query-input":{"@type":"PropertyValueSpecification","valueRequired":true,"valueName":"search_term_string"}}],"inLanguage":"en-US"}]}},"_links":{"self":[{"href":"https:\/\/kavita.com\/en\/wp-json\/wp\/v2\/pages\/7657","targetHints":{"allow":["GET"]}}],"collection":[{"href":"https:\/\/kavita.com\/en\/wp-json\/wp\/v2\/pages"}],"about":[{"href":"https:\/\/kavita.com\/en\/wp-json\/wp\/v2\/types\/page"}],"author":[{"embeddable":true,"href":"https:\/\/kavita.com\/en\/wp-json\/wp\/v2\/users\/1"}],"replies":[{"embeddable":true,"href":"https:\/\/kavita.com\/en\/wp-json\/wp\/v2\/comments?post=7657"}],"version-history":[{"count":1,"href":"https:\/\/kavita.com\/en\/wp-json\/wp\/v2\/pages\/7657\/revisions"}],"predecessor-version":[{"id":7665,"href":"https:\/\/kavita.com\/en\/wp-json\/wp\/v2\/pages\/7657\/revisions\/7665"}],"wp:attachment":[{"href":"https:\/\/kavita.com\/en\/wp-json\/wp\/v2\/media?parent=7657"}],"curies":[{"name":"wp","href":"https:\/\/api.w.org\/{rel}","templated":true}]}}