{"id":11793,"date":"2026-04-09T14:14:59","date_gmt":"2026-04-09T12:14:59","guid":{"rendered":"https:\/\/kavita.com\/eli-projektid"},"modified":"2026-04-10T08:59:05","modified_gmt":"2026-04-10T06:59:05","slug":"eli-projektid","status":"publish","type":"page","link":"https:\/\/kavita.com\/et\/eli-projektid","title":{"rendered":"ELi projektid"},"content":{"rendered":"<section class=\"l-section wpb_row lines-right height_medium\"><div class=\"l-section-h i-cf\"><div class=\"g-cols vc_row via_flex valign_top type_default stacking_default\"><div class=\"vc_col-sm-12 wpb_column vc_column_container\"><div class=\"vc_column-inner\"><div class=\"wpb_wrapper\"><div class=\"g-cols wpb_row us_custom_ae390122 via_flex valign_middle type_default stacking_default\"><div class=\"vc_col-sm-12 wpb_column vc_column_container\"><div class=\"vc_column-inner\"><div class=\"wpb_wrapper\"><h1 class=\"w-post-elm post_title us_custom_58c515de has_text_color entry-title color_link_inherit\">ELi projektid<\/h1><\/div><\/div><\/div><\/div><div class=\"w-separator size_small\"><\/div><div class=\"wpb_text_column\"><div class=\"wpb_wrapper\"><h2>P\u00e4ikeseelektrijaamad<\/h2>\n<\/div><\/div><div class=\"w-separator size_small\"><\/div><div class=\"wpb_text_column\"><div class=\"wpb_wrapper\"><p data-start=\"305\" data-end=\"534\">Tegevuse t\u00f5hususe suurendamiseks ja energiakulude v\u00e4hendamiseks paigaldasime 30,6 kW v\u00f5imsusega p\u00e4ikeseelektrijaama. Projekt viidi ellu \u00fchisprojekti &#8220;Investeeringutoetus maismaa p\u00e4ikeseelektrijaamadele&#8221; toel. <\/p>\n<p data-start=\"536\" data-end=\"700\">See investeering v\u00f5imaldab meil t\u00f5husamalt hallata oma elektrivajadust, v\u00e4hendada meie s\u00f5ltuvust v\u00e4listest tarnijatest ja aidata kaasa keskkonnas\u00f5bralikumatele lahendustele.<\/p>\n<p data-start=\"702\" data-end=\"873\">Projekti rakendatakse majanduse taastamise ja vastupanuv\u00f5ime kava &#8220;Next Generation Lithuania&#8221; raames, mida rahastatakse Euroopa Liidu NextGenerationEU vahenditest.<\/p>\n<\/div><\/div><div class=\"w-separator size_small\"><\/div><div class=\"w-image align_none\"><div class=\"w-image-h\"><img decoding=\"async\" width=\"2560\" height=\"1152\" src=\"https:\/\/kavita.com\/wp-content\/uploads\/2026\/04\/Kavita-se1-faktinis-scaled.jpeg\" class=\"attachment-full size-full\" alt=\"\" loading=\"lazy\" srcset=\"https:\/\/kavita.com\/wp-content\/uploads\/2026\/04\/Kavita-se1-faktinis-scaled.jpeg 2560w, https:\/\/kavita.com\/wp-content\/uploads\/2026\/04\/Kavita-se1-faktinis-300x135.jpeg 300w, https:\/\/kavita.com\/wp-content\/uploads\/2026\/04\/Kavita-se1-faktinis-1024x461.jpeg 1024w\" sizes=\"auto, (max-width: 2560px) 100vw, 2560px\" \/><\/div><\/div><div class=\"w-image align_none\"><div class=\"w-image-h\"><img decoding=\"async\" width=\"300\" height=\"192\" src=\"https:\/\/kavita.com\/wp-content\/uploads\/2026\/04\/FB-photo-300x192.jpg\" class=\"attachment-medium size-medium\" alt=\"\" loading=\"lazy\" srcset=\"https:\/\/kavita.com\/wp-content\/uploads\/2026\/04\/FB-photo-300x192.jpg 300w, https:\/\/kavita.com\/wp-content\/uploads\/2026\/04\/FB-photo.jpg 800w\" sizes=\"auto, (max-width: 300px) 100vw, 300px\" \/><\/div><\/div><\/div><\/div><\/div><\/div><\/div><\/section>\n","protected":false},"excerpt":{"rendered":"ELi projektidP\u00e4ikeseelektrijaamad Tegevuse t\u00f5hususe suurendamiseks ja energiakulude v\u00e4hendamiseks paigaldasime 30,6 kW v\u00f5imsusega p\u00e4ikeseelektrijaama. Projekt viidi ellu \u00fchisprojekti &#8220;Investeeringutoetus maismaa p\u00e4ikeseelektrijaamadele&#8221; toel. See investeering v\u00f5imaldab meil t\u00f5husamalt hallata oma elektrivajadust, v\u00e4hendada meie s\u00f5ltuvust v\u00e4listest tarnijatest ja aidata kaasa keskkonnas\u00f5bralikumatele lahendustele. Projekti rakendatakse majanduse taastamise ja vastupanuv\u00f5ime kava &#8220;Next Generation Lithuania&#8221; raames, mida rahastatakse Euroopa Liidu NextGenerationEU...","protected":false},"author":11,"featured_media":0,"parent":0,"menu_order":0,"comment_status":"closed","ping_status":"closed","template":"","meta":{"footnotes":""},"class_list":["post-11793","page","type-page","status-publish","hentry"],"acf":[],"yoast_head":"<!-- This site is optimized with the Yoast SEO plugin v27.3 - https:\/\/yoast.com\/product\/yoast-seo-wordpress\/ -->\n<title>ELi projektid | Kavita<\/title>\n<meta name=\"robots\" content=\"index, follow, max-snippet:-1, max-image-preview:large, max-video-preview:-1\" \/>\n<link rel=\"canonical\" href=\"https:\/\/kavita.com\/et\/eli-projektid\" \/>\n<meta property=\"og:locale\" content=\"et_EE\" \/>\n<meta property=\"og:type\" content=\"article\" \/>\n<meta property=\"og:title\" content=\"ELi projektid | Kavita\" \/>\n<meta property=\"og:url\" content=\"https:\/\/kavita.com\/et\/eli-projektid\" \/>\n<meta property=\"og:site_name\" content=\"Kavita\" \/>\n<meta property=\"article:modified_time\" content=\"2026-04-10T06:59:05+00:00\" \/>\n<meta name=\"twitter:card\" content=\"summary_large_image\" \/>\n<meta name=\"twitter:label1\" content=\"Est. reading time\" \/>\n\t<meta name=\"twitter:data1\" content=\"1 minut\" \/>\n<script type=\"application\/ld+json\" class=\"yoast-schema-graph\">{\"@context\":\"https:\\\/\\\/schema.org\",\"@graph\":[{\"@type\":\"WebPage\",\"@id\":\"https:\\\/\\\/kavita.com\\\/et\\\/eli-projektid\",\"url\":\"https:\\\/\\\/kavita.com\\\/et\\\/eli-projektid\",\"name\":\"ELi projektid | Kavita\",\"isPartOf\":{\"@id\":\"https:\\\/\\\/kavita.com\\\/et#website\"},\"datePublished\":\"2026-04-09T12:14:59+00:00\",\"dateModified\":\"2026-04-10T06:59:05+00:00\",\"breadcrumb\":{\"@id\":\"https:\\\/\\\/kavita.com\\\/et\\\/eli-projektid#breadcrumb\"},\"inLanguage\":\"et\",\"potentialAction\":[{\"@type\":\"ReadAction\",\"target\":[\"https:\\\/\\\/kavita.com\\\/et\\\/eli-projektid\"]}]},{\"@type\":\"BreadcrumbList\",\"@id\":\"https:\\\/\\\/kavita.com\\\/et\\\/eli-projektid#breadcrumb\",\"itemListElement\":[{\"@type\":\"ListItem\",\"position\":1,\"name\":\"Home\",\"item\":\"https:\\\/\\\/kavita.com\\\/et\\\/kodu\"},{\"@type\":\"ListItem\",\"position\":2,\"name\":\"ELi projektid\"}]},{\"@type\":\"WebSite\",\"@id\":\"https:\\\/\\\/kavita.com\\\/et#website\",\"url\":\"https:\\\/\\\/kavita.com\\\/et\",\"name\":\"Kavita\",\"description\":\"Dirbame su aki\u0173 ir regos prie\u017ei\u016bros  specialistais nuo 1994\",\"potentialAction\":[{\"@type\":\"SearchAction\",\"target\":{\"@type\":\"EntryPoint\",\"urlTemplate\":\"https:\\\/\\\/kavita.com\\\/et?s={search_term_string}\"},\"query-input\":{\"@type\":\"PropertyValueSpecification\",\"valueRequired\":true,\"valueName\":\"search_term_string\"}}],\"inLanguage\":\"et\"}]}<\/script>\n<!-- \/ Yoast SEO plugin. -->","yoast_head_json":{"title":"ELi projektid | Kavita","robots":{"index":"index","follow":"follow","max-snippet":"max-snippet:-1","max-image-preview":"max-image-preview:large","max-video-preview":"max-video-preview:-1"},"canonical":"https:\/\/kavita.com\/et\/eli-projektid","og_locale":"et_EE","og_type":"article","og_title":"ELi projektid | Kavita","og_url":"https:\/\/kavita.com\/et\/eli-projektid","og_site_name":"Kavita","article_modified_time":"2026-04-10T06:59:05+00:00","twitter_card":"summary_large_image","twitter_misc":{"Est. reading time":"1 minut"},"schema":{"@context":"https:\/\/schema.org","@graph":[{"@type":"WebPage","@id":"https:\/\/kavita.com\/et\/eli-projektid","url":"https:\/\/kavita.com\/et\/eli-projektid","name":"ELi projektid | Kavita","isPartOf":{"@id":"https:\/\/kavita.com\/et#website"},"datePublished":"2026-04-09T12:14:59+00:00","dateModified":"2026-04-10T06:59:05+00:00","breadcrumb":{"@id":"https:\/\/kavita.com\/et\/eli-projektid#breadcrumb"},"inLanguage":"et","potentialAction":[{"@type":"ReadAction","target":["https:\/\/kavita.com\/et\/eli-projektid"]}]},{"@type":"BreadcrumbList","@id":"https:\/\/kavita.com\/et\/eli-projektid#breadcrumb","itemListElement":[{"@type":"ListItem","position":1,"name":"Home","item":"https:\/\/kavita.com\/et\/kodu"},{"@type":"ListItem","position":2,"name":"ELi projektid"}]},{"@type":"WebSite","@id":"https:\/\/kavita.com\/et#website","url":"https:\/\/kavita.com\/et","name":"Kavita","description":"Dirbame su aki\u0173 ir regos prie\u017ei\u016bros  specialistais nuo 1994","potentialAction":[{"@type":"SearchAction","target":{"@type":"EntryPoint","urlTemplate":"https:\/\/kavita.com\/et?s={search_term_string}"},"query-input":{"@type":"PropertyValueSpecification","valueRequired":true,"valueName":"search_term_string"}}],"inLanguage":"et"}]}},"_links":{"self":[{"href":"https:\/\/kavita.com\/et\/wp-json\/wp\/v2\/pages\/11793","targetHints":{"allow":["GET"]}}],"collection":[{"href":"https:\/\/kavita.com\/et\/wp-json\/wp\/v2\/pages"}],"about":[{"href":"https:\/\/kavita.com\/et\/wp-json\/wp\/v2\/types\/page"}],"author":[{"embeddable":true,"href":"https:\/\/kavita.com\/et\/wp-json\/wp\/v2\/users\/11"}],"replies":[{"embeddable":true,"href":"https:\/\/kavita.com\/et\/wp-json\/wp\/v2\/comments?post=11793"}],"version-history":[{"count":4,"href":"https:\/\/kavita.com\/et\/wp-json\/wp\/v2\/pages\/11793\/revisions"}],"predecessor-version":[{"id":11817,"href":"https:\/\/kavita.com\/et\/wp-json\/wp\/v2\/pages\/11793\/revisions\/11817"}],"wp:attachment":[{"href":"https:\/\/kavita.com\/et\/wp-json\/wp\/v2\/media?parent=11793"}],"curies":[{"name":"wp","href":"https:\/\/api.w.org\/{rel}","templated":true}]}}