{"id":9328,"date":"2025-08-14T13:19:09","date_gmt":"2025-08-14T11:19:09","guid":{"rendered":"https:\/\/kavita.com\/privaatsuspoliitika"},"modified":"2025-11-05T10:09:07","modified_gmt":"2025-11-05T08:09:07","slug":"privaatsuspoliitika","status":"publish","type":"page","link":"https:\/\/kavita.com\/et\/privaatsuspoliitika","title":{"rendered":"Privaatsuspoliitika"},"content":{"rendered":"<section class=\"l-section wpb_row height_medium\"><div class=\"l-section-h i-cf\"><div class=\"g-cols vc_row via_flex valign_top type_default stacking_default\"><div class=\"vc_col-sm-12 wpb_column vc_column_container\"><div class=\"vc_column-inner\"><div class=\"wpb_wrapper\"><div class=\"g-cols wpb_row via_flex valign_top type_default stacking_default\"><div class=\"vc_col-sm-2 wpb_column vc_column_container\"><div class=\"vc_column-inner\"><div class=\"wpb_wrapper\"><\/div><\/div><\/div><div class=\"vc_col-sm-8 wpb_column vc_column_container\"><div class=\"vc_column-inner\"><div class=\"wpb_wrapper\"><div class=\"wpb_text_column\"><div class=\"wpb_wrapper\"><h1>Privaatsuspoliitika<\/h1>\n<p>K\u00e4esolev privaatsus- ja k\u00fcpsiste poliitika (edaspidi &#8220;poliitika&#8221;) kehtib Kavita, UAB veebilehe k\u00fclastamisel. K\u00e4esolevat poliitikat ei kohaldata, kui k\u00fclastate Kavita, UAB veebilehte kasutades teiste ettev\u00f5tete veebilehti. <\/p>\n<p>Me kogume oma veebisaidi k\u00fclastajate andmeid vastavalt Leedu Vabariigi isikuandmete kaitse seadusele, Leedu Vabariigi elektroonilise side seadusele, Euroopa Liidu isikuandmete kaitse seadustele, muudele asjakohastele \u00f5igusaktidele ja kontrollivate asutuste juhistele.<\/p>\n<h2>Andmete kogumine<\/h2>\n<p>Me kasutame k\u00fcpsiseid, et koguda andmeid veebisaidi kasutamise kohta. K\u00fcpsiste t\u00fc\u00fcbid ja nende eesm\u00e4rk on esitatud allj\u00e4rgnevas tabelis. <\/p>\n<p>Me kaitseme vastutustundlikult Kavita, UAB veebilehe k\u00fclastajate kohta kogutud andmeid kadumise, loata kasutamise ja muutmise eest. Kavita, UAB t\u00f6\u00f6tajatel on kirjalik kohustus mitte avaldada ega levitada kolmandatele isikutele t\u00f6\u00f6kohal saadud teavet ettev\u00f5tte klientide, sealhulgas Kavita, UAB veebilehe k\u00fclastajate kohta. <\/p>\n<h2>K\u00fcpsiste kasutamine<\/h2>\n<p>Kui k\u00fclastate Kavita, UAB veebilehte, soovime pakkuda teile teavet ja funktsioone, mis on kohandatud just teie jaoks. Selleks on vaja k\u00fcpsiseid. Need on v\u00e4ikesed infokillud, mis salvestatakse teie veebilehitsejasse. Need aitavad meil \u00e4ra tunda teid kui Kavita, UAB veebilehe varasemat k\u00fclastajat, salvestada teie k\u00fclastuste ajalugu ja kohandada veebilehe sisu vastavalt sellele. K\u00fcpsised aitavad ka tagada veebilehe t\u00f5rgeteta toimimist, j\u00e4lgida Kavita, UAB veebilehe k\u00fclastuste kestust ja sagedust ning koguda statistilist teavet veebilehe k\u00fclastajate arvu kohta. Neid andmeid anal\u00fc\u00fcsides saame veebisaiti parandada ja muuta selle teie jaoks kasutajas\u00f5bralikumaks. Kavita, UAB veebilehte k\u00fclastades saate valida, kas soovite k\u00fcpsiseid kasutada. Kui te ei n\u00f5ustu k\u00fcpsiste paigutamisega oma arvutisse v\u00f5i muusse seadmesse, v\u00f5ite igal ajal oma n\u00f5usoleku k\u00fcpsiste kasutamiseks t\u00fchistada, muutes oma seadeid ja kustutades paigutatud k\u00fcpsised.       <\/p>\n<h2>Teave kasutatavate k\u00fcpsiste kohta<\/h2>\n<table>\n<thead>\n<tr>\n<th>Nimi<\/th>\n<th>Kirjeldus<\/th>\n<th>Loomishetk \/ kehtivusaeg<\/th>\n<\/tr>\n<\/thead>\n<tbody>\n<tr>\n<td>_ga<\/td>\n<td>Seda k\u00fcpsist kasutab Google Analytics, et m\u00f5\u00f5ta kasutaja k\u00fclastuse eesm\u00e4rke, anda veebilehe operaatoritele aru veebilehe aktiivsusest ja parandada kliendi kogemust veebilehe k\u00fclastamisel.<\/td>\n<td>Alates n\u00f5usolekust\/2 aastat.<\/td>\n<\/tr>\n<tr>\n<td>_gat<\/td>\n<td>Neid k\u00fcpsiseid kasutab Google Analytics, et koguda statistilist teavet veebisaidi k\u00fclastatavuse kohta.<\/td>\n<td>Kui te esimest korda veebilehele tulete\/seansi l\u00f5pus<\/td>\n<\/tr>\n<tr>\n<td>_gid<\/td>\n<td>Seda k\u00fcpsist kasutab Google Analytics \u00fcksikisiku tuvastamiseks.<\/td>\n<td>Esmakordse juurdep\u00e4\u00e4su ajal\/2 p\u00e4eva<\/td>\n<\/tr>\n<\/tbody>\n<\/table>\n<h2>K\u00fcpsiste t\u00fc\u00fcbid<\/h2>\n<p>K\u00fcpsised on seansik\u00fcpsised ja p\u00fcsik\u00fcpsised ning esimese v\u00f5i kolmanda osapoole k\u00fcpsised. Selgitame allpool, mida need m\u00f5isted t\u00e4hendavad, et saaksite paremini aru, milliseid k\u00fcpsiseid me kasutame ja milleks neid kasutatakse. <\/p>\n<p>Seansik\u00fcpsised v\u00f5imaldavad teid meie veebisaidi \u00fche k\u00fclastuse ajal \u00e4ra tunda, nii et k\u00f5ik muudatused v\u00f5i valikud, mida te lehel teete, j\u00e4\u00e4vad meelde, kui liigute \u00fchelt lehek\u00fcljelt teisele. Need k\u00fcpsised v\u00f5imaldavad teil kiiresti ja h\u00f5lpsasti liikuda paljudel veebilehe lehek\u00fclgedel, nii et te ei pea iga kord, kui k\u00fclastate uut kohta, teavet uuesti t\u00f6\u00f6tlema. Seansik\u00fcpsised on ajutised ja kaovad, kui sulgete oma brauseri v\u00f5i logite veebilehelt v\u00e4lja.  <\/p>\n<h2>Pikaajalised k\u00fcpsised<\/h2>\n<p>P\u00fcsik\u00fcpsised on k\u00fcpsised, mis j\u00e4\u00e4vad teie arvutisse teatud ajaks p\u00e4rast sirvimise l\u00f5ppu ja v\u00f5ivad seet\u00f5ttu salvestada teatud kasutaja eelistusi v\u00f5i tegevusi, kui veebilehte uuesti k\u00fclastatakse.<\/p>\n<h2>Kolmanda osapoole k\u00fcpsised<\/h2>\n<p>Need k\u00fcpsised, mida teised organisatsioonid kasutavad meie veebisaidi kaudu. Meie puhul kasutab Kavita, UAB veebileht veebilehe liikluse anal\u00fc\u00fcsimiseks Google Analyticsi k\u00fcpsiseid. &#8220;Google Analytics&#8221; kogub anon\u00fc\u00fcmselt teavet k\u00fclastajate arvu kohta, asukoha kohta, kust meie veebisaidile mindi ja milliseid veebisaidi osi k\u00fclastajad sirvisid. Need k\u00fcpsised on loodud Google Analyticsi poolt. Lisateavet Google Analyticsi kohta leiate <a href=\"http:\/\/www.google.com\/analytics\" target=\"_blank\" rel=\"noopener noreferrer\">veebilehelt http:\/\/www.google.com\/analytics.<\/a>    <\/p>\n<p>K\u00fcpsiste abil kogutud teavet s\u00e4ilitatakse kuni k\u00fcpsiste kehtivuse l\u00f5ppemiseni ja seda ei kasutata muudel kui k\u00e4esolevas eeskirjas s\u00e4testatud eesm\u00e4rkidel.<\/p>\n<p>Meie veebisait sisaldab linke teiste isikute, ettev\u00f5tete v\u00f5i organisatsioonide veebisaitidele. Pange t\u00e4hele, et Kavita, UAB ei vastuta selliste veebisaitide sisu ega nende privaatsustavade eest. Seet\u00f5ttu, kui te kl\u00f5psate Kavita, UAB veebilehelt teistele veebilehtedele viivatele linkidele, peaksite nende privaatsuspoliitikaga eraldi tutvuma.  <\/p>\n<h2>Esimese osapoole k\u00fcpsised<\/h2>\n<p>Need k\u00fcpsised, mis on vajalikud Kavita, UAB veebilehe n\u00f5uetekohaseks toimimiseks.<\/p>\n<h2>Teie \u00f5igused<\/h2>\n<p>Teil on \u00f5igus p\u00e4\u00e4seda ligi oma andmetele, mida me t\u00f6\u00f6tleme k\u00fcpsiste abil. Samuti on teil \u00f5igus n\u00f5uda eba\u00f5igete, ebat\u00e4ielike v\u00f5i ebat\u00e4psete andmete parandamist. <\/p>\n<p>Kui teil on k\u00fcsimusi v\u00f5i soovite oma \u00f5igusi kasutada, v\u00f5tke meiega \u00fchendust kontaktilehel oleval e-posti aadressil v\u00f5i muul veebilehel osutatud viisil. <\/p>\n<\/div><\/div><\/div><\/div><\/div><div class=\"vc_col-sm-2 wpb_column vc_column_container\"><div class=\"vc_column-inner\"><div class=\"wpb_wrapper\"><\/div><\/div><\/div><\/div><\/div><\/div><\/div><\/div><\/div><\/section>\n","protected":false},"excerpt":{"rendered":"Privaatsuspoliitika K\u00e4esolev privaatsus- ja k\u00fcpsiste poliitika (edaspidi &#8220;poliitika&#8221;) kehtib Kavita, UAB veebilehe k\u00fclastamisel. K\u00e4esolevat poliitikat ei kohaldata, kui k\u00fclastate Kavita, UAB veebilehte kasutades teiste ettev\u00f5tete veebilehti. Me kogume oma veebisaidi k\u00fclastajate andmeid vastavalt Leedu Vabariigi isikuandmete kaitse seadusele, Leedu Vabariigi elektroonilise side seadusele, Euroopa Liidu isikuandmete kaitse seadustele, muudele asjakohastele \u00f5igusaktidele ja kontrollivate asutuste juhistele....","protected":false},"author":1,"featured_media":0,"parent":0,"menu_order":0,"comment_status":"closed","ping_status":"closed","template":"","meta":{"footnotes":""},"class_list":["post-9328","page","type-page","status-publish","hentry"],"acf":[],"yoast_head":"<!-- This site is optimized with the Yoast SEO plugin v27.3 - https:\/\/yoast.com\/product\/yoast-seo-wordpress\/ -->\n<title>Privaatsuspoliitika | Kavita<\/title>\n<meta name=\"robots\" content=\"index, follow, max-snippet:-1, max-image-preview:large, max-video-preview:-1\" \/>\n<link rel=\"canonical\" href=\"https:\/\/kavita.com\/et\/privaatsuspoliitika\" \/>\n<meta property=\"og:locale\" content=\"et_EE\" \/>\n<meta property=\"og:type\" content=\"article\" \/>\n<meta property=\"og:title\" content=\"Privaatsuspoliitika | Kavita\" \/>\n<meta property=\"og:url\" content=\"https:\/\/kavita.com\/et\/privaatsuspoliitika\" \/>\n<meta property=\"og:site_name\" content=\"Kavita\" \/>\n<meta property=\"article:modified_time\" content=\"2025-11-05T08:09:07+00:00\" \/>\n<meta name=\"twitter:card\" content=\"summary_large_image\" \/>\n<meta name=\"twitter:label1\" content=\"Est. reading time\" \/>\n\t<meta name=\"twitter:data1\" content=\"4 minutit\" \/>\n<script type=\"application\/ld+json\" class=\"yoast-schema-graph\">{\"@context\":\"https:\\\/\\\/schema.org\",\"@graph\":[{\"@type\":\"WebPage\",\"@id\":\"https:\\\/\\\/kavita.com\\\/et\\\/privaatsuspoliitika\",\"url\":\"https:\\\/\\\/kavita.com\\\/et\\\/privaatsuspoliitika\",\"name\":\"Privaatsuspoliitika | Kavita\",\"isPartOf\":{\"@id\":\"https:\\\/\\\/kavita.com\\\/et#website\"},\"datePublished\":\"2025-08-14T11:19:09+00:00\",\"dateModified\":\"2025-11-05T08:09:07+00:00\",\"breadcrumb\":{\"@id\":\"https:\\\/\\\/kavita.com\\\/et\\\/privaatsuspoliitika#breadcrumb\"},\"inLanguage\":\"et\",\"potentialAction\":[{\"@type\":\"ReadAction\",\"target\":[\"https:\\\/\\\/kavita.com\\\/et\\\/privaatsuspoliitika\"]}]},{\"@type\":\"BreadcrumbList\",\"@id\":\"https:\\\/\\\/kavita.com\\\/et\\\/privaatsuspoliitika#breadcrumb\",\"itemListElement\":[{\"@type\":\"ListItem\",\"position\":1,\"name\":\"Home\",\"item\":\"https:\\\/\\\/kavita.com\\\/et\\\/kodu\"},{\"@type\":\"ListItem\",\"position\":2,\"name\":\"Privaatsuspoliitika\"}]},{\"@type\":\"WebSite\",\"@id\":\"https:\\\/\\\/kavita.com\\\/et#website\",\"url\":\"https:\\\/\\\/kavita.com\\\/et\",\"name\":\"Kavita\",\"description\":\"Dirbame su aki\u0173 ir regos prie\u017ei\u016bros  specialistais nuo 1994\",\"potentialAction\":[{\"@type\":\"SearchAction\",\"target\":{\"@type\":\"EntryPoint\",\"urlTemplate\":\"https:\\\/\\\/kavita.com\\\/et?s={search_term_string}\"},\"query-input\":{\"@type\":\"PropertyValueSpecification\",\"valueRequired\":true,\"valueName\":\"search_term_string\"}}],\"inLanguage\":\"et\"}]}<\/script>\n<!-- \/ Yoast SEO plugin. -->","yoast_head_json":{"title":"Privaatsuspoliitika | Kavita","robots":{"index":"index","follow":"follow","max-snippet":"max-snippet:-1","max-image-preview":"max-image-preview:large","max-video-preview":"max-video-preview:-1"},"canonical":"https:\/\/kavita.com\/et\/privaatsuspoliitika","og_locale":"et_EE","og_type":"article","og_title":"Privaatsuspoliitika | Kavita","og_url":"https:\/\/kavita.com\/et\/privaatsuspoliitika","og_site_name":"Kavita","article_modified_time":"2025-11-05T08:09:07+00:00","twitter_card":"summary_large_image","twitter_misc":{"Est. reading time":"4 minutit"},"schema":{"@context":"https:\/\/schema.org","@graph":[{"@type":"WebPage","@id":"https:\/\/kavita.com\/et\/privaatsuspoliitika","url":"https:\/\/kavita.com\/et\/privaatsuspoliitika","name":"Privaatsuspoliitika | Kavita","isPartOf":{"@id":"https:\/\/kavita.com\/et#website"},"datePublished":"2025-08-14T11:19:09+00:00","dateModified":"2025-11-05T08:09:07+00:00","breadcrumb":{"@id":"https:\/\/kavita.com\/et\/privaatsuspoliitika#breadcrumb"},"inLanguage":"et","potentialAction":[{"@type":"ReadAction","target":["https:\/\/kavita.com\/et\/privaatsuspoliitika"]}]},{"@type":"BreadcrumbList","@id":"https:\/\/kavita.com\/et\/privaatsuspoliitika#breadcrumb","itemListElement":[{"@type":"ListItem","position":1,"name":"Home","item":"https:\/\/kavita.com\/et\/kodu"},{"@type":"ListItem","position":2,"name":"Privaatsuspoliitika"}]},{"@type":"WebSite","@id":"https:\/\/kavita.com\/et#website","url":"https:\/\/kavita.com\/et","name":"Kavita","description":"Dirbame su aki\u0173 ir regos prie\u017ei\u016bros  specialistais nuo 1994","potentialAction":[{"@type":"SearchAction","target":{"@type":"EntryPoint","urlTemplate":"https:\/\/kavita.com\/et?s={search_term_string}"},"query-input":{"@type":"PropertyValueSpecification","valueRequired":true,"valueName":"search_term_string"}}],"inLanguage":"et"}]}},"_links":{"self":[{"href":"https:\/\/kavita.com\/et\/wp-json\/wp\/v2\/pages\/9328","targetHints":{"allow":["GET"]}}],"collection":[{"href":"https:\/\/kavita.com\/et\/wp-json\/wp\/v2\/pages"}],"about":[{"href":"https:\/\/kavita.com\/et\/wp-json\/wp\/v2\/types\/page"}],"author":[{"embeddable":true,"href":"https:\/\/kavita.com\/et\/wp-json\/wp\/v2\/users\/1"}],"replies":[{"embeddable":true,"href":"https:\/\/kavita.com\/et\/wp-json\/wp\/v2\/comments?post=9328"}],"version-history":[{"count":8,"href":"https:\/\/kavita.com\/et\/wp-json\/wp\/v2\/pages\/9328\/revisions"}],"predecessor-version":[{"id":9364,"href":"https:\/\/kavita.com\/et\/wp-json\/wp\/v2\/pages\/9328\/revisions\/9364"}],"wp:attachment":[{"href":"https:\/\/kavita.com\/et\/wp-json\/wp\/v2\/media?parent=9328"}],"curies":[{"name":"wp","href":"https:\/\/api.w.org\/{rel}","templated":true}]}}