{"id":9354,"date":"2025-07-31T16:32:59","date_gmt":"2025-07-31T14:32:59","guid":{"rendered":"https:\/\/kavita.com\/miks-olla-partner"},"modified":"2025-11-05T10:09:07","modified_gmt":"2025-11-05T08:09:07","slug":"miks-olla-partner","status":"publish","type":"page","link":"https:\/\/kavita.com\/et\/miks-olla-partner","title":{"rendered":"Miks olla partner?"},"content":{"rendered":"<section class=\"l-section wpb_row lines-right height_medium\"><div class=\"l-section-h i-cf\"><div class=\"g-cols vc_row via_flex valign_top type_default stacking_default\"><div class=\"vc_col-sm-12 wpb_column vc_column_container\"><div class=\"vc_column-inner\"><div class=\"wpb_wrapper\"><div class=\"g-cols wpb_row us_custom_1714277d via_flex valign_middle type_default stacking_default\"><div class=\"vc_col-sm-12 wpb_column vc_column_container\"><div class=\"vc_column-inner\"><div class=\"wpb_wrapper\"><h1 class=\"w-post-elm post_title us_custom_58c515de has_text_color entry-title color_link_inherit\">Miks olla partner?<\/h1><\/div><\/div><\/div><\/div><div class=\"w-separator size_medium\"><\/div><div class=\"g-cols wpb_row via_flex valign_top type_default stacking_default\"><div class=\"vc_col-sm-8 wpb_column vc_column_container\"><div class=\"vc_column-inner\"><div class=\"wpb_wrapper\"><div class=\"w-vwrapper align_none valign_top\" style=\"--vwrapper-gap:20px\"><div class=\"wpb_text_column\"><div class=\"wpb_wrapper\"><h2>Aegade jooksul t\u00f5estatud professionaalsus<\/h2>\n<\/div><\/div><div class=\"wpb_text_column\"><div class=\"wpb_wrapper\"><p>Oleme juba 30 aastat teinud tihedat koost\u00f6\u00f6d n\u00e4gemis- ja kuulmishoolduse spetsialistide ja meditsiiniasutustega, tarnides kvaliteetseid kaupu ja meditsiiniseadmeid soodsate hindadega ning pakkudes laia valikut teenuseid.<\/p>\n<\/div><\/div><\/div><div class=\"w-btn-wrapper align_none\"><a class=\"w-btn us-btn-style_1 us_custom_af6a9b6a quotation-popup\" href=\"#quotation-popup\"><span class=\"w-btn-label\">T\u00e4itke taotlus<\/span><\/a><\/div><\/div><\/div><\/div><div class=\"vc_col-sm-4 wpb_column vc_column_container\"><div class=\"vc_column-inner\"><div class=\"wpb_wrapper\"><\/div><\/div><\/div><\/div><div class=\"w-separator size_medium\"><\/div><div class=\"g-cols wpb_row via_flex valign_top type_default stacking_default\"><div class=\"vc_col-sm-4 wpb_column vc_column_container\"><div class=\"vc_column-inner\"><div class=\"wpb_wrapper\"><div class=\"w-vwrapper align_none valign_top\" style=\"--vwrapper-gap:20px\"><div class=\"wpb_text_column\"><div class=\"wpb_wrapper\"><p><strong>30 aastat turul<\/strong><\/p>\n<\/div><\/div><div class=\"wpb_text_column\"><div class=\"wpb_wrapper\"><p>Meil on 30 aastat v\u00e4\u00e4rtuslikku kogemust turu parimate optika- ja tervishoiutoodete pakkumisel.<\/p>\n<\/div><\/div><\/div><\/div><\/div><\/div><div class=\"vc_col-sm-4 wpb_column vc_column_container\"><div class=\"vc_column-inner\"><div class=\"wpb_wrapper\"><div class=\"w-vwrapper align_none valign_top\" style=\"--vwrapper-gap:20px\"><div class=\"wpb_text_column\"><div class=\"wpb_wrapper\"><p><strong>Rohkem kui 5 000 toodet m\u00fc\u00fcgiks<\/strong><\/p>\n<\/div><\/div><div class=\"wpb_text_column\"><div class=\"wpb_wrapper\"><p>Meie kliendid saavad valida enam kui 5000 erineva toote vahel &#8211; alates prillidest ja kontaktl\u00e4\u00e4tsedest kuni meditsiiniseadmete juurde.<\/p>\n<\/div><\/div><\/div><\/div><\/div><\/div><div class=\"vc_col-sm-4 wpb_column vc_column_container\"><div class=\"vc_column-inner\"><div class=\"wpb_wrapper\"><div class=\"w-vwrapper align_none valign_top\" style=\"--vwrapper-gap:20px\"><div class=\"wpb_text_column\"><div class=\"wpb_wrapper\"><p><strong>1500 ruutmeetrit laopinda kokku <\/strong><\/p>\n<\/div><\/div><div class=\"wpb_text_column\"><div class=\"wpb_wrapper\"><p>Meil on 1500 ruutmeetri suurune ladu, mis v\u00f5imaldab meil tagada kiire ja sujuv kaupade jaotamine ja kohaletoimetamine.<\/p>\n<\/div><\/div><\/div><\/div><\/div><\/div><\/div><div class=\"w-separator size_medium\"><\/div><div class=\"g-cols wpb_row via_flex valign_top type_default stacking_default\"><div class=\"vc_col-sm-4 wpb_column vc_column_container\"><div class=\"vc_column-inner\"><div class=\"wpb_wrapper\"><div class=\"w-vwrapper align_none valign_top\" style=\"--vwrapper-gap:20px\"><div class=\"wpb_text_column\"><div class=\"wpb_wrapper\"><p><strong>Sertifitseeritud kvaliteet<\/strong><\/p>\n<\/div><\/div><div class=\"wpb_text_column\"><div class=\"wpb_wrapper\"><p>Oleme enda ja oma klientide ees p\u00fchendunud protsesside pidevale t\u00e4iustamisele, innovatsioonile ja ressursside ratsionaalsele kasutamisele. &#8220;Kavita on sertifitseeritud vastavalt ISO 9001:2015 ja ISO 14001:2015 standarditele.<\/p>\n<\/div><\/div><\/div><\/div><\/div><\/div><div class=\"vc_col-sm-4 wpb_column vc_column_container\"><div class=\"vc_column-inner\"><div class=\"wpb_wrapper\"><div class=\"w-vwrapper align_none valign_top\" style=\"--vwrapper-gap:20px\"><div class=\"wpb_text_column\"><div class=\"wpb_wrapper\"><p><strong>Rahvusvaheline kogemus<\/strong><\/p>\n<\/div><\/div><div class=\"wpb_text_column\"><div class=\"wpb_wrapper\"><p>Oleme rahvusvaheline ettev\u00f5te &#8211; Kavita tegutseb ja tarnib kaupu ja teenuseid mitte ainult Leedus, vaid ka v\u00e4listurgudel &#8211; L\u00e4tis, Eestis, Poolas, Gruusias, Slovakkias ja teistes riikides.<\/p>\n<\/div><\/div><\/div><\/div><\/div><\/div><div class=\"vc_col-sm-4 wpb_column vc_column_container\"><div class=\"vc_column-inner\"><div class=\"wpb_wrapper\"><div class=\"w-vwrapper align_none valign_top\" style=\"--vwrapper-gap:20px\"><div class=\"wpb_text_column\"><div class=\"wpb_wrapper\"><p><strong>350 t\u00f6\u00f6tajat<\/strong><\/p>\n<\/div><\/div><div class=\"wpb_text_column\"><div class=\"wpb_wrapper\"><p>&#8220;Kavita kontsern koondab \u00fcle 350 spetsialisti erinevatest valdkondadest.<\/p>\n<\/div><\/div><\/div><\/div><\/div><\/div><\/div><div class=\"w-separator size_medium\"><\/div><div class=\"g-cols wpb_row via_flex valign_top type_default stacking_default\"><div class=\"vc_col-sm-6 wpb_column vc_column_container\"><div class=\"vc_column-inner\"><div class=\"wpb_wrapper\"><div class=\"w-vwrapper align_none valign_top\" style=\"--vwrapper-gap:20px\"><div class=\"wpb_text_column\"><div class=\"wpb_wrapper\"><p><strong>Rohkem kui 50 kaubam\u00e4rki<\/strong><\/p>\n<\/div><\/div><div class=\"wpb_text_column\"><div class=\"wpb_wrapper\"><p>Meil on tugevad partnerlussuhted ja suhted usaldusv\u00e4\u00e4rsete kaubam\u00e4rkidega &#8211; oleme Johnson &amp; Johnsoni kontaktl\u00e4\u00e4tsede tootja ametlik esindaja ja t\u00f6\u00f6tame koos maailmakuulsate prillibr\u00e4ndidega.<\/p>\n<\/div><\/div><\/div><\/div><\/div><\/div><div class=\"vc_col-sm-6 wpb_column vc_column_container\"><div class=\"vc_column-inner\"><div class=\"wpb_wrapper\"><div class=\"w-vwrapper align_none valign_top\" style=\"--vwrapper-gap:20px\"><div class=\"wpb_text_column\"><div class=\"wpb_wrapper\"><p><strong> <\/strong><\/p>\n<\/div><\/div><div class=\"wpb_text_column\"><div class=\"wpb_wrapper\"><p>Oleme p\u00e4lvinud oma tarnijate usalduse ja austuse ning oleme ka paljude tuntuimate meditsiiniseadmete tootjate esindajad.<\/p>\n<\/div><\/div><\/div><\/div><\/div><\/div><\/div><\/div><\/div><\/div><\/div><\/div><\/section><section class=\"l-section wpb_row height_medium\"><div class=\"l-section-overlay\" style=\"background:var(--color-footer-bg)\"><\/div><div class=\"l-section-h i-cf\"><div class=\"g-cols vc_row via_flex valign_top type_default stacking_default\"><div class=\"vc_col-sm-12 wpb_column vc_column_container\"><div class=\"vc_column-inner\"><div class=\"wpb_wrapper\"><div class=\"g-cols wpb_row via_flex valign_top type_default stacking_default\"><div class=\"vc_col-sm-12 wpb_column vc_column_container\"><div class=\"vc_column-inner\"><div class=\"wpb_wrapper\"><div class=\"wpb_text_column\"><div class=\"wpb_wrapper\"><h2>Pakutavad teenused<\/h2>\n<\/div><\/div><\/div><\/div><\/div><\/div><div class=\"w-separator size_medium\"><\/div><div class=\"g-cols wpb_row no-paddings via_flex valign_top type_default stacking_default\"><div class=\"vc_col-sm-3 wpb_column vc_column_container\"><div class=\"vc_column-inner\"><div class=\"wpb_wrapper\">\n    <div id=\"custom-icon-title-3701\" class=\"custom-icon-title-element\">\n        <div class=\"icon-title-wrapper\">\n            <div class=\"icon-container\">\n                                                            <img decoding=\"async\" src=\"https:\/\/kavita.com\/wp-content\/uploads\/2025\/07\/icon-communication.png\" alt=\"Icon\" style=\"width: 60px; height: 60px; object-fit: contain;\" \/>\n                                                <\/div>\n                            <div class=\"content-container\">\n                    <h4 class=\"element-title\">\n                        Konsultatsioon                    <\/h4>\n                <\/div>\n                    <\/div>\n                    <div class=\"description-container\">\n                <p class=\"element-description\">\n                    Esame daugiau nei pardav\u0117jai \u2013 teikiame savo klientams profesionalias konsultacijas ir apmokymus, sumontuojame \u012fsigyt\u0105 \u012frang\u0105 ir apmokome specialistus dirbti su ja.                <\/p>\n            <\/div>\n            <\/div>\n\n<\/div><\/div><\/div><div class=\"vc_col-sm-3 wpb_column vc_column_container\"><div class=\"vc_column-inner\"><div class=\"wpb_wrapper\">\n    <div id=\"custom-icon-title-8092\" class=\"custom-icon-title-element\">\n        <div class=\"icon-title-wrapper\">\n            <div class=\"icon-container\">\n                                                            <img decoding=\"async\" src=\"https:\/\/kavita.com\/wp-content\/uploads\/2025\/07\/icon-ecommerce.png\" alt=\"Icon\" style=\"width: 60px; height: 60px; object-fit: contain;\" \/>\n                                                <\/div>\n                            <div class=\"content-container\">\n                    <h4 class=\"element-title\">\n                        E-kaubandus                    <\/h4>\n                <\/div>\n                    <\/div>\n                    <div class=\"description-container\">\n                <p class=\"element-description\">\n                    Suteikiame lengv\u0105 ir patogi\u0105 prieig\u0105 prie m\u016bs\u0173 produkt\u0173 ir \u0161iuolaikin\u0117s didmenin\u0117s prekybos.                <\/p>\n            <\/div>\n            <\/div>\n\n<\/div><\/div><\/div><div class=\"vc_col-sm-3 wpb_column vc_column_container\"><div class=\"vc_column-inner\"><div class=\"wpb_wrapper\">\n    <div id=\"custom-icon-title-8513\" class=\"custom-icon-title-element\">\n        <div class=\"icon-title-wrapper\">\n            <div class=\"icon-container\">\n                                                            <img decoding=\"async\" src=\"https:\/\/kavita.com\/wp-content\/uploads\/2025\/07\/icon-manufacturer.png\" alt=\"Icon\" style=\"width: 60px; height: 60px; object-fit: contain;\" \/>\n                                                <\/div>\n                            <div class=\"content-container\">\n                    <h4 class=\"element-title\">\n                        Tootmine                    <\/h4>\n                <\/div>\n                    <\/div>\n                    <div class=\"description-container\">\n                <p class=\"element-description\">\n                    Savo klientams mes si\u016blome galimyb\u0119 ne tik u\u017esakyti atskirus akini\u0173 komponentus, bet ir j\u0173 gamyb\u0105 \u2013 turime i\u0161skirtin\u0119 galimyb\u0119 naudodami moderni\u0105 akini\u0173 gamybos technologij\u0105 pagaminti akinius ir i\u0161si\u0173sti galutin\u012f produkt\u0105 klientui.                <\/p>\n            <\/div>\n            <\/div>\n\n<\/div><\/div><\/div><div class=\"vc_col-sm-3 wpb_column vc_column_container\"><div class=\"vc_column-inner\"><div class=\"wpb_wrapper\">\n    <div id=\"custom-icon-title-9590\" class=\"custom-icon-title-element\">\n        <div class=\"icon-title-wrapper\">\n            <div class=\"icon-container\">\n                                                            <img decoding=\"async\" src=\"https:\/\/kavita.com\/wp-content\/uploads\/2025\/07\/icon-communication.png\" alt=\"Icon\" style=\"width: 60px; height: 60px; object-fit: contain;\" \/>\n                                                <\/div>\n                            <div class=\"content-container\">\n                    <h4 class=\"element-title\">\n                        Hooldus                    <\/h4>\n                <\/div>\n                    <\/div>\n                    <div class=\"description-container\">\n                <p class=\"element-description\">\n                    \u012esigytai \u012frangai si\u016blome periodi\u0161kai atliekam\u0105 prevencin\u0119 diagnostik\u0105, garantin\u0117s ir pogarantin\u0117s prie\u017ei\u016bros paslaugas.                <\/p>\n            <\/div>\n            <\/div>\n\n<\/div><\/div><\/div><\/div><\/div><\/div><\/div><\/div><\/div><\/section><section class=\"l-section wpb_row lines-right height_medium\"><div class=\"l-section-h i-cf\"><div class=\"g-cols vc_row via_flex valign_top type_default stacking_default\"><div class=\"vc_col-sm-12 wpb_column vc_column_container\"><div class=\"vc_column-inner\"><div class=\"wpb_wrapper\"><div class=\"g-cols wpb_row via_flex valign_top type_default stacking_default\"><div class=\"vc_col-sm-4 wpb_column vc_column_container\"><div class=\"vc_column-inner\"><div class=\"wpb_wrapper\"><div class=\"w-image align_none\"><div class=\"w-image-h\"><img decoding=\"async\" width=\"649\" height=\"366\" src=\"https:\/\/kavita.com\/wp-content\/uploads\/2025\/07\/become-partner-pc.png\" class=\"attachment-large size-large\" alt=\"\" loading=\"lazy\" srcset=\"https:\/\/kavita.com\/wp-content\/uploads\/2025\/07\/become-partner-pc.png 649w, https:\/\/kavita.com\/wp-content\/uploads\/2025\/07\/become-partner-pc-300x169.png 300w\" sizes=\"auto, (max-width: 649px) 100vw, 649px\" \/><\/div><\/div><\/div><\/div><\/div><div class=\"vc_col-sm-8 wpb_column vc_column_container\"><div class=\"vc_column-inner\"><div class=\"wpb_wrapper\"><div class=\"w-vwrapper align_none valign_top\" style=\"--vwrapper-gap:20px\"><div class=\"wpb_text_column\"><div class=\"wpb_wrapper\"><h2>Tellimuste haldamise s\u00fcsteem<\/h2>\n<\/div><\/div><div class=\"wpb_text_column\"><div class=\"wpb_wrapper\"><p>Tellimuste haldamise s\u00fcsteem (Partner) aitab klientidel ja partneritel mugavalt ja kiiresti \u00fches kohas hallata oma tellimisprotsessi ja teavet.<\/p>\n<p>Logige sisse, et n\u00e4ha t\u00e4ielikku elektroonilist tootekataloogi koos kolmem\u00f5\u00f5tmeliste piltide ja prilliraamide kirjeldustega, teha t\u00e4pne prillil\u00e4\u00e4tsede valik, kasutada ainult s\u00fcsteemi kasutajatele k\u00e4ttesaadavaid eripakkumisi, n\u00e4ha laoseisu ja tarnekuup\u00e4eva, j\u00e4lgida saadetise staatust ja kasutada muid eeliseid, mis aitavad teil oma tellimusi t\u00f5husalt hallata.<\/p>\n<\/div><\/div><div class=\"wpb_text_column us_custom_c87c4442 has_text_color\"><div class=\"wpb_wrapper\"><\/div><\/div><\/div><\/div><\/div><\/div><\/div><div class=\"w-separator size_medium\"><\/div><div class=\"g-cols wpb_row via_flex valign_top type_default stacking_default\"><div class=\"vc_col-sm-4 wpb_column vc_column_container\"><div class=\"vc_column-inner\"><div class=\"wpb_wrapper\"><div class=\"w-vwrapper align_none valign_top\" style=\"--vwrapper-gap:20px\"><div class=\"wpb_text_column\"><div class=\"wpb_wrapper\"><p><strong>Online tootekataloog<\/strong><\/p>\n<\/div><\/div><div class=\"wpb_text_column\"><div class=\"wpb_wrapper\"><p>Vaadake kogu valikut \u00fches kohas koos kolmem\u00f5\u00f5tmeliste fotode, hindade ja raamide kirjeldustega.<\/p>\n<\/div><\/div><\/div><\/div><\/div><\/div><div class=\"vc_col-sm-4 wpb_column vc_column_container\"><div class=\"vc_column-inner\"><div class=\"wpb_wrapper\"><div class=\"w-vwrapper align_none valign_top\" style=\"--vwrapper-gap:20px\"><div class=\"wpb_text_column\"><div class=\"wpb_wrapper\"><p><strong>Eripakkumised<\/strong><\/p>\n<\/div><\/div><div class=\"wpb_text_column\"><div class=\"wpb_wrapper\"><p>Tellimishalduss\u00fcsteemi kasutajatele pakume eksklusiivseid pakkumisi, mis aitavad teil raha s\u00e4\u00e4sta.<\/p>\n<\/div><\/div><\/div><\/div><\/div><\/div><div class=\"vc_col-sm-4 wpb_column vc_column_container\"><div class=\"vc_column-inner\"><div class=\"wpb_wrapper\"><div class=\"w-vwrapper align_none valign_top\" style=\"--vwrapper-gap:20px\"><div class=\"wpb_text_column\"><div class=\"wpb_wrapper\"><p><strong>Unikaalne tellimiskood<\/strong><\/p>\n<\/div><\/div><div class=\"wpb_text_column\"><div class=\"wpb_wrapper\"><p>Unikaalne kood, mille saate m\u00e4\u00e4rata igale tellimusele, aitab teil oma tellimusi sujuvalt luua ja j\u00e4lgida.<\/p>\n<\/div><\/div><\/div><\/div><\/div><\/div><\/div><div class=\"w-separator size_medium\"><\/div><div class=\"g-cols wpb_row via_flex valign_top type_default stacking_default\"><div class=\"vc_col-sm-4 wpb_column vc_column_container\"><div class=\"vc_column-inner\"><div class=\"wpb_wrapper\"><div class=\"w-vwrapper align_none valign_top\" style=\"--vwrapper-gap:20px\"><div class=\"wpb_text_column\"><div class=\"wpb_wrapper\"><p><strong>Kaupade k\u00e4ttesaadavus laos<\/strong><\/p>\n<\/div><\/div><div class=\"wpb_text_column\"><div class=\"wpb_wrapper\"><p>Tellimuste planeerimise h\u00f5lbustamiseks annab s\u00fcsteem teavet laovarude ja tarneaegade kohta.<\/p>\n<\/div><\/div><\/div><\/div><\/div><\/div><div class=\"vc_col-sm-4 wpb_column vc_column_container\"><div class=\"vc_column-inner\"><div class=\"wpb_wrapper\"><div class=\"w-vwrapper align_none valign_top\" style=\"--vwrapper-gap:20px\"><div class=\"wpb_text_column\"><div class=\"wpb_wrapper\"><p><strong>Kiirem tellimuste t\u00e4itmine<\/strong><\/p>\n<\/div><\/div><div class=\"wpb_text_column\"><div class=\"wpb_wrapper\"><p>Muudame tellimisprotsessi mugavamaks ja tagame, et vajalik teave on s\u00fcsteemis alati k\u00e4ttesaadav, nii et teie tellimuse t\u00f6\u00f6tlemine on kiirem ja sujuvam.<\/p>\n<\/div><\/div><\/div><\/div><\/div><\/div><div class=\"vc_col-sm-4 wpb_column vc_column_container\"><div class=\"vc_column-inner\"><div class=\"wpb_wrapper\"><div class=\"w-vwrapper align_none valign_top\" style=\"--vwrapper-gap:20px\"><div class=\"wpb_text_column\"><div class=\"wpb_wrapper\"><p><strong>Saadetise j\u00e4lgimiss\u00fcsteem<\/strong><\/p>\n<\/div><\/div><div class=\"wpb_text_column\"><div class=\"wpb_wrapper\"><p>Anname teile v\u00f5imaluse j\u00e4lgida oma saadetise staatust &#8211; alates saatmisest kuni l\u00e4hetamiseni.<\/p>\n<\/div><\/div><\/div><\/div><\/div><\/div><\/div><div class=\"w-separator size_medium\"><\/div><div class=\"g-cols wpb_row via_flex valign_top type_default stacking_default\"><div class=\"vc_col-sm-4 wpb_column vc_column_container\"><div class=\"vc_column-inner\"><div class=\"wpb_wrapper\"><div class=\"w-vwrapper align_none valign_top\" style=\"--vwrapper-gap:20px\"><div class=\"wpb_text_column\"><div class=\"wpb_wrapper\"><p><strong>Tellimuse ajalugu \u00fches kohas<\/strong><\/p>\n<\/div><\/div><div class=\"wpb_text_column\"><div class=\"wpb_wrapper\"><p>Kui olete sisse loginud, saate n\u00e4ha k\u00f5igi varem tehtud tellimuste \u00fcksikasju.<\/p>\n<\/div><\/div><\/div><\/div><\/div><\/div><div class=\"vc_col-sm-8 wpb_column vc_column_container\"><div class=\"vc_column-inner\"><div class=\"wpb_wrapper\"><div class=\"w-hwrapper us_custom_3e88296e valign_middle stack_on_mobiles align_justify\" style=\"--hwrapper-gap:1.2px\"><h3 data-text=\"Tapkite partneriu\" class=\"w-text us_custom_785e50b2 products-category-main-heading\"><span class=\"w-text-h\"><span class=\"w-text-value\">Hakka partneriks<\/span><\/span><\/h3><div class=\"w-btn-wrapper align_none\"><a class=\"w-btn us-btn-style_1 us_custom_0d2400e8 quotation-popup\" href=\"#quotation-popup\"><span class=\"w-btn-label\">T\u00e4itke taotlus<\/span><\/a><\/div><\/div><\/div><\/div><\/div><\/div><\/div><\/div><\/div><\/div><\/div><\/section><section class=\"l-section wpb_row us_custom_f42839d8 height_auto\"><div class=\"l-section-h i-cf\"><div class=\"g-cols vc_row via_flex valign_top type_default stacking_default\"><div class=\"vc_col-sm-12 wpb_column vc_column_container\"><div class=\"vc_column-inner\"><div class=\"wpb_wrapper\"><div class=\"g-cols wpb_row us_custom_8a398476 via_flex valign_top type_default stacking_default\"><div class=\"vc_col-sm-7 wpb_column vc_column_container\"><div class=\"vc_column-inner\"><div class=\"wpb_wrapper\"><div class=\"w-vwrapper us_custom_9d5325e5 has_text_color align_none valign_top\" style=\"--vwrapper-gap:20px\"><h3 class=\"w-text us_custom_1d7791b0\"><span class=\"w-text-h\"><span class=\"w-text-value\">Tellige tootekataloog<\/span><\/span><\/h3><div class=\"wpb_text_column\"><div class=\"wpb_wrapper\"><p>Meie koost\u00f6\u00f6 Kavitaga on alati professionaalne ja isiklik. Alustame vestlust &#8211; t\u00e4itke p\u00e4ringuvorm ja saate meie kataloogi v\u00f5i personaalse pakkumise.<\/p>\n<\/div><\/div><div class=\"w-btn-wrapper default_align_none laptops_align_none tablets_align_justify mobiles_align_justify\"><a class=\"w-btn us-btn-style_1 us_custom_0f8f44b7 quotation-popup\" href=\"#quotation-popup\"><span class=\"w-btn-label\">T\u00e4itke vorm<\/span><\/a><\/div><\/div><\/div><\/div><\/div><div class=\"vc_col-sm-5 wpb_column vc_column_container\"><div class=\"vc_column-inner\"><div class=\"wpb_wrapper\"><\/div><\/div><\/div><\/div><\/div><\/div><\/div><\/div><\/div><\/section>\n\n","protected":false},"excerpt":{"rendered":"Miks olla partner?Aegade jooksul t\u00f5estatud professionaalsus Oleme juba 30 aastat teinud tihedat koost\u00f6\u00f6d n\u00e4gemis- ja kuulmishoolduse spetsialistide ja meditsiiniasutustega, tarnides kvaliteetseid kaupu ja meditsiiniseadmeid soodsate hindadega ning pakkudes laia valikut teenuseid. T\u00e4itke taotlus30 aastat turul Meil on 30 aastat v\u00e4\u00e4rtuslikku kogemust turu parimate optika- ja tervishoiutoodete pakkumisel. Rohkem kui 5 000 toodet m\u00fc\u00fcgiks Meie kliendid...","protected":false},"author":1,"featured_media":0,"parent":0,"menu_order":0,"comment_status":"closed","ping_status":"closed","template":"","meta":{"footnotes":""},"class_list":["post-9354","page","type-page","status-publish","hentry"],"acf":[],"yoast_head":"<!-- This site is optimized with the Yoast SEO plugin v27.3 - https:\/\/yoast.com\/product\/yoast-seo-wordpress\/ -->\n<title>Miks olla partner? | Kavita<\/title>\n<meta name=\"robots\" content=\"index, follow, max-snippet:-1, max-image-preview:large, max-video-preview:-1\" \/>\n<link rel=\"canonical\" href=\"https:\/\/kavita.com\/et\/miks-olla-partner\" \/>\n<meta property=\"og:locale\" content=\"et_EE\" \/>\n<meta property=\"og:type\" content=\"article\" \/>\n<meta property=\"og:title\" content=\"Miks olla partner? | Kavita\" \/>\n<meta property=\"og:url\" content=\"https:\/\/kavita.com\/et\/miks-olla-partner\" \/>\n<meta property=\"og:site_name\" content=\"Kavita\" \/>\n<meta property=\"article:modified_time\" content=\"2025-11-05T08:09:07+00:00\" \/>\n<meta name=\"twitter:card\" content=\"summary_large_image\" \/>\n<meta name=\"twitter:label1\" content=\"Est. reading time\" \/>\n\t<meta name=\"twitter:data1\" content=\"8 minutit\" \/>\n<script type=\"application\/ld+json\" class=\"yoast-schema-graph\">{\"@context\":\"https:\\\/\\\/schema.org\",\"@graph\":[{\"@type\":\"WebPage\",\"@id\":\"https:\\\/\\\/kavita.com\\\/et\\\/miks-olla-partner\",\"url\":\"https:\\\/\\\/kavita.com\\\/et\\\/miks-olla-partner\",\"name\":\"Miks olla partner? | Kavita\",\"isPartOf\":{\"@id\":\"https:\\\/\\\/kavita.com\\\/et#website\"},\"datePublished\":\"2025-07-31T14:32:59+00:00\",\"dateModified\":\"2025-11-05T08:09:07+00:00\",\"breadcrumb\":{\"@id\":\"https:\\\/\\\/kavita.com\\\/et\\\/miks-olla-partner#breadcrumb\"},\"inLanguage\":\"et\",\"potentialAction\":[{\"@type\":\"ReadAction\",\"target\":[\"https:\\\/\\\/kavita.com\\\/et\\\/miks-olla-partner\"]}]},{\"@type\":\"BreadcrumbList\",\"@id\":\"https:\\\/\\\/kavita.com\\\/et\\\/miks-olla-partner#breadcrumb\",\"itemListElement\":[{\"@type\":\"ListItem\",\"position\":1,\"name\":\"Home\",\"item\":\"https:\\\/\\\/kavita.com\\\/et\\\/kodu\"},{\"@type\":\"ListItem\",\"position\":2,\"name\":\"Miks olla partner?\"}]},{\"@type\":\"WebSite\",\"@id\":\"https:\\\/\\\/kavita.com\\\/et#website\",\"url\":\"https:\\\/\\\/kavita.com\\\/et\",\"name\":\"Kavita\",\"description\":\"Dirbame su aki\u0173 ir regos prie\u017ei\u016bros  specialistais nuo 1994\",\"potentialAction\":[{\"@type\":\"SearchAction\",\"target\":{\"@type\":\"EntryPoint\",\"urlTemplate\":\"https:\\\/\\\/kavita.com\\\/et?s={search_term_string}\"},\"query-input\":{\"@type\":\"PropertyValueSpecification\",\"valueRequired\":true,\"valueName\":\"search_term_string\"}}],\"inLanguage\":\"et\"}]}<\/script>\n<!-- \/ Yoast SEO plugin. -->","yoast_head_json":{"title":"Miks olla partner? | Kavita","robots":{"index":"index","follow":"follow","max-snippet":"max-snippet:-1","max-image-preview":"max-image-preview:large","max-video-preview":"max-video-preview:-1"},"canonical":"https:\/\/kavita.com\/et\/miks-olla-partner","og_locale":"et_EE","og_type":"article","og_title":"Miks olla partner? | Kavita","og_url":"https:\/\/kavita.com\/et\/miks-olla-partner","og_site_name":"Kavita","article_modified_time":"2025-11-05T08:09:07+00:00","twitter_card":"summary_large_image","twitter_misc":{"Est. reading time":"8 minutit"},"schema":{"@context":"https:\/\/schema.org","@graph":[{"@type":"WebPage","@id":"https:\/\/kavita.com\/et\/miks-olla-partner","url":"https:\/\/kavita.com\/et\/miks-olla-partner","name":"Miks olla partner? | Kavita","isPartOf":{"@id":"https:\/\/kavita.com\/et#website"},"datePublished":"2025-07-31T14:32:59+00:00","dateModified":"2025-11-05T08:09:07+00:00","breadcrumb":{"@id":"https:\/\/kavita.com\/et\/miks-olla-partner#breadcrumb"},"inLanguage":"et","potentialAction":[{"@type":"ReadAction","target":["https:\/\/kavita.com\/et\/miks-olla-partner"]}]},{"@type":"BreadcrumbList","@id":"https:\/\/kavita.com\/et\/miks-olla-partner#breadcrumb","itemListElement":[{"@type":"ListItem","position":1,"name":"Home","item":"https:\/\/kavita.com\/et\/kodu"},{"@type":"ListItem","position":2,"name":"Miks olla partner?"}]},{"@type":"WebSite","@id":"https:\/\/kavita.com\/et#website","url":"https:\/\/kavita.com\/et","name":"Kavita","description":"Dirbame su aki\u0173 ir regos prie\u017ei\u016bros  specialistais nuo 1994","potentialAction":[{"@type":"SearchAction","target":{"@type":"EntryPoint","urlTemplate":"https:\/\/kavita.com\/et?s={search_term_string}"},"query-input":{"@type":"PropertyValueSpecification","valueRequired":true,"valueName":"search_term_string"}}],"inLanguage":"et"}]}},"_links":{"self":[{"href":"https:\/\/kavita.com\/et\/wp-json\/wp\/v2\/pages\/9354","targetHints":{"allow":["GET"]}}],"collection":[{"href":"https:\/\/kavita.com\/et\/wp-json\/wp\/v2\/pages"}],"about":[{"href":"https:\/\/kavita.com\/et\/wp-json\/wp\/v2\/types\/page"}],"author":[{"embeddable":true,"href":"https:\/\/kavita.com\/et\/wp-json\/wp\/v2\/users\/1"}],"replies":[{"embeddable":true,"href":"https:\/\/kavita.com\/et\/wp-json\/wp\/v2\/comments?post=9354"}],"version-history":[{"count":1,"href":"https:\/\/kavita.com\/et\/wp-json\/wp\/v2\/pages\/9354\/revisions"}],"predecessor-version":[{"id":9362,"href":"https:\/\/kavita.com\/et\/wp-json\/wp\/v2\/pages\/9354\/revisions\/9362"}],"wp:attachment":[{"href":"https:\/\/kavita.com\/et\/wp-json\/wp\/v2\/media?parent=9354"}],"curies":[{"name":"wp","href":"https:\/\/api.w.org\/{rel}","templated":true}]}}