{"id":10920,"date":"2025-12-30T12:03:31","date_gmt":"2025-12-30T10:03:31","guid":{"rendered":"https:\/\/kavita.com\/sakums-2"},"modified":"2025-12-30T13:15:33","modified_gmt":"2025-12-30T11:15:33","slug":"sakums-2","status":"publish","type":"page","link":"https:\/\/kavita.com\/lv\/sakums-2","title":{"rendered":"Medic\u012bnisk\u0101 apr\u012bkojuma kategorijas"},"content":{"rendered":"<section class=\"l-section wpb_row category-list height_medium\"><div class=\"l-section-h i-cf\"><div class=\"g-cols vc_row via_flex valign_top type_default stacking_default\"><div class=\"vc_col-sm-12 wpb_column vc_column_container\"><div class=\"vc_column-inner us_custom_9fe4c5f0\"><div class=\"wpb_wrapper\"><div class=\"w-grid us_custom_b18c03c8 type_carousel layout_4808 items_5\" id=\"us_grid_1\" style=\"--items:5;--gap:30px;\"><style>.layout_4808 .w-grid-item-h{}.layout_4808 .usg_post_custom_field_1{transition-duration:0.3s;transform-origin:50% 50%;transform:scale(1) translate(0%,0%)}.layout_4808 .w-grid-item-h:focus-within .usg_post_custom_field_1,.layout_4808 .w-grid-item-h:hover .usg_post_custom_field_1{transform:scale(1) translate(0%,-12px);opacity:1}.layout_4808 .usg_vwrapper_1{transition-duration:0.3s;transform-origin:50% 50%;transform:scale(1) translate(0%,0%)}.layout_4808 .w-grid-item-h:focus-within .usg_vwrapper_1,.layout_4808 .w-grid-item-h:hover .usg_vwrapper_1{transform:scale(1) translate(0%,-12px);opacity:1}.layout_4808 .usg_post_custom_field_1{border-radius:12px!important}.layout_4808 .usg_vwrapper_1{margin-top:30px!important}.layout_4808 .usg_post_title_1{font-size:18px!important;font-family:var(--font-family)!important;font-weight:400!important;margin-bottom:0!important;padding-bottom:0!important}.layout_4808 .usg_text_1{color:var(--color-content-primary)!important;font-size:18px!important;font-weight:500!important}<\/style><div class=\"w-grid-list owl-carousel valign_stretch dotstyle_circle navstyle_circle navpos_outside owl-responsive-2000 with_dots\" style=\"--transition-duration:350ms;\">\t<div class=\"w-grid-item type_term term-605 term-oftalmologija ratio_1x1\">\r\n\t\t<div class=\"w-grid-item-h\">\r\n\t\t\t\t\t\t<div class=\"w-post-elm post_custom_field usg_post_custom_field_1 type_image kategorijos_nuotrauka color_link_inherit has_border_radius has_ratio\"><a href=\"https:\/\/kavita.com\/medicinines-irangos-kategorijos\/oftalmologija\"><div style=\"padding-bottom:100%\"><\/div><img loading=\"lazy\" decoding=\"async\" width=\"1024\" height=\"1024\" src=\"https:\/\/kavita.com\/wp-content\/uploads\/2025\/12\/Oftalmologija-1-1024x1024.jpg\" class=\"attachment-large size-large\" alt=\"\" srcset=\"https:\/\/kavita.com\/wp-content\/uploads\/2025\/12\/Oftalmologija-1-1024x1024.jpg 1024w, https:\/\/kavita.com\/wp-content\/uploads\/2025\/12\/Oftalmologija-1-300x300.jpg 300w, https:\/\/kavita.com\/wp-content\/uploads\/2025\/12\/Oftalmologija-1-150x150.jpg 150w, https:\/\/kavita.com\/wp-content\/uploads\/2025\/12\/Oftalmologija-1.jpg 1080w\" sizes=\"auto, (max-width: 1024px) 100vw, 1024px\" \/><\/a><\/div><div class=\"w-vwrapper usg_vwrapper_1 align_center valign_top\" style=\"--vwrapper-gap:10px\"><h2 class=\"w-post-elm post_title usg_post_title_1 entry-title color_link_inherit\"><a href=\"https:\/\/kavita.com\/medicinines-irangos-kategorijos\/oftalmologija\">Oftalmologija<\/a><\/h2><div class=\"w-text usg_text_1 has_text_color icon_atright\"><a href=\"https:\/\/kavita.com\/medicinines-irangos-kategorijos\/oftalmologija\" class=\"w-text-h\"><span class=\"w-text-value\">Su\u017einokite daugiau<\/span><i class=\"fal fa-arrow-right\"><\/i><\/a><\/div><\/div>\t\t<\/div>\r\n\t\t\t<\/div>\r\n<\/div>\t<div class=\"w-grid-json hidden\" onclick='return {&quot;carousel_settings&quot;:{&quot;aria_labels&quot;:{&quot;prev&quot;:&quot;Previous&quot;,&quot;next&quot;:&quot;Next&quot;},&quot;autoplayContinual&quot;:false,&quot;autoplayHoverPause&quot;:false,&quot;autoplayTimeout&quot;:3000,&quot;autoWidth&quot;:false,&quot;smartSpeed&quot;:350,&quot;margin&quot;:0,&quot;mouseDrag&quot;:true,&quot;rtl&quot;:false,&quot;slideBy&quot;:&quot;1&quot;,&quot;touchDrag&quot;:true,&quot;slideTransition&quot;:&quot;&quot;,&quot;responsive&quot;:{&quot;0&quot;:{&quot;autoHeight&quot;:false,&quot;autoplay&quot;:false,&quot;autoWidth&quot;:false,&quot;center&quot;:false,&quot;dots&quot;:true,&quot;items&quot;:1,&quot;loop&quot;:false,&quot;nav&quot;:false,&quot;stagePadding&quot;:0,&quot;slideBy&quot;:&quot;1&quot;},&quot;769&quot;:{&quot;autoHeight&quot;:false,&quot;autoplay&quot;:false,&quot;autoWidth&quot;:false,&quot;center&quot;:false,&quot;dots&quot;:false,&quot;items&quot;:4,&quot;loop&quot;:false,&quot;nav&quot;:false,&quot;stagePadding&quot;:0,&quot;slideBy&quot;:&quot;1&quot;},&quot;1201&quot;:{&quot;items&quot;:5,&quot;autoplay&quot;:false,&quot;center&quot;:false,&quot;dots&quot;:true,&quot;nav&quot;:false,&quot;autoHeight&quot;:false,&quot;autoWidth&quot;:false,&quot;loop&quot;:false,&quot;stagePadding&quot;:0}}},&quot;template_vars&quot;:{&quot;lang&quot;:&quot;lv&quot;}}'><\/div>\r\n\t<\/div><\/div><\/div><\/div><\/div><\/div><\/section>\n","protected":false},"excerpt":{"rendered":"OftalmologijaSu\u017einokite daugiau","protected":false},"author":11,"featured_media":0,"parent":0,"menu_order":0,"comment_status":"closed","ping_status":"closed","template":"","meta":{"footnotes":""},"class_list":["post-10920","page","type-page","status-publish","hentry"],"acf":[],"yoast_head":"<!-- This site is optimized with the Yoast SEO plugin v27.3 - https:\/\/yoast.com\/product\/yoast-seo-wordpress\/ -->\n<title>Augst\u0101k\u0101s kvalit\u0101tes medic\u012bnas iek\u0101rtas un optiskie produkti Lietuv\u0101<\/title>\n<meta name=\"description\" content=\"Kavita UAB ir uzticams medic\u012bnas iek\u0101rtu un optisko pre\u010du pieg\u0101d\u0101t\u0101js Lietuv\u0101 jau 30 gadus. Pla\u0161a izv\u0113le, sertific\u0113ta kvalit\u0101te un profesion\u0101li pakalpojumi.\" \/>\n<meta name=\"robots\" content=\"index, follow, max-snippet:-1, max-image-preview:large, max-video-preview:-1\" \/>\n<link rel=\"canonical\" href=\"https:\/\/kavita.com\/lv\/sakums-2\" \/>\n<meta property=\"og:locale\" content=\"lv_LV\" \/>\n<meta property=\"og:type\" content=\"article\" \/>\n<meta property=\"og:title\" content=\"Augst\u0101k\u0101s kvalit\u0101tes medic\u012bnas iek\u0101rtas un optiskie produkti Lietuv\u0101\" \/>\n<meta property=\"og:description\" content=\"Kavita UAB ir uzticams medic\u012bnas iek\u0101rtu un optisko pre\u010du pieg\u0101d\u0101t\u0101js Lietuv\u0101 jau 30 gadus. Pla\u0161a izv\u0113le, sertific\u0113ta kvalit\u0101te un profesion\u0101li pakalpojumi.\" \/>\n<meta property=\"og:url\" content=\"https:\/\/kavita.com\/lv\/sakums-2\" \/>\n<meta property=\"og:site_name\" content=\"Kavita\" \/>\n<meta property=\"article:modified_time\" content=\"2025-12-30T11:15:33+00:00\" \/>\n<meta name=\"twitter:card\" content=\"summary_large_image\" \/>\n<meta name=\"twitter:label1\" content=\"Est. reading time\" \/>\n\t<meta name=\"twitter:data1\" content=\"1 minute\" \/>\n<script type=\"application\/ld+json\" class=\"yoast-schema-graph\">{\"@context\":\"https:\\\/\\\/schema.org\",\"@graph\":[{\"@type\":\"WebPage\",\"@id\":\"https:\\\/\\\/kavita.com\\\/lv\\\/sakums-2\",\"url\":\"https:\\\/\\\/kavita.com\\\/lv\\\/sakums-2\",\"name\":\"Augst\u0101k\u0101s kvalit\u0101tes medic\u012bnas iek\u0101rtas un optiskie produkti Lietuv\u0101\",\"isPartOf\":{\"@id\":\"https:\\\/\\\/kavita.com\\\/lv#website\"},\"datePublished\":\"2025-12-30T10:03:31+00:00\",\"dateModified\":\"2025-12-30T11:15:33+00:00\",\"description\":\"Kavita UAB ir uzticams medic\u012bnas iek\u0101rtu un optisko pre\u010du pieg\u0101d\u0101t\u0101js Lietuv\u0101 jau 30 gadus. Pla\u0161a izv\u0113le, sertific\u0113ta kvalit\u0101te un profesion\u0101li pakalpojumi.\",\"breadcrumb\":{\"@id\":\"https:\\\/\\\/kavita.com\\\/lv\\\/sakums-2#breadcrumb\"},\"inLanguage\":\"lv-LV\",\"potentialAction\":[{\"@type\":\"ReadAction\",\"target\":[\"https:\\\/\\\/kavita.com\\\/lv\\\/sakums-2\"]}]},{\"@type\":\"BreadcrumbList\",\"@id\":\"https:\\\/\\\/kavita.com\\\/lv\\\/sakums-2#breadcrumb\",\"itemListElement\":[{\"@type\":\"ListItem\",\"position\":1,\"name\":\"Home\",\"item\":\"https:\\\/\\\/kavita.com\\\/lv\\\/sakums\"},{\"@type\":\"ListItem\",\"position\":2,\"name\":\"Medic\u012bnisk\u0101 apr\u012bkojuma kategorijas\"}]},{\"@type\":\"WebSite\",\"@id\":\"https:\\\/\\\/kavita.com\\\/lv#website\",\"url\":\"https:\\\/\\\/kavita.com\\\/lv\",\"name\":\"Kavita\",\"description\":\"Dirbame su aki\u0173 ir regos prie\u017ei\u016bros  specialistais nuo 1994\",\"potentialAction\":[{\"@type\":\"SearchAction\",\"target\":{\"@type\":\"EntryPoint\",\"urlTemplate\":\"https:\\\/\\\/kavita.com\\\/lv?s={search_term_string}\"},\"query-input\":{\"@type\":\"PropertyValueSpecification\",\"valueRequired\":true,\"valueName\":\"search_term_string\"}}],\"inLanguage\":\"lv-LV\"}]}<\/script>\n<!-- \/ Yoast SEO plugin. -->","yoast_head_json":{"title":"Augst\u0101k\u0101s kvalit\u0101tes medic\u012bnas iek\u0101rtas un optiskie produkti Lietuv\u0101","description":"Kavita UAB ir uzticams medic\u012bnas iek\u0101rtu un optisko pre\u010du pieg\u0101d\u0101t\u0101js Lietuv\u0101 jau 30 gadus. Pla\u0161a izv\u0113le, sertific\u0113ta kvalit\u0101te un profesion\u0101li pakalpojumi.","robots":{"index":"index","follow":"follow","max-snippet":"max-snippet:-1","max-image-preview":"max-image-preview:large","max-video-preview":"max-video-preview:-1"},"canonical":"https:\/\/kavita.com\/lv\/sakums-2","og_locale":"lv_LV","og_type":"article","og_title":"Augst\u0101k\u0101s kvalit\u0101tes medic\u012bnas iek\u0101rtas un optiskie produkti Lietuv\u0101","og_description":"Kavita UAB ir uzticams medic\u012bnas iek\u0101rtu un optisko pre\u010du pieg\u0101d\u0101t\u0101js Lietuv\u0101 jau 30 gadus. Pla\u0161a izv\u0113le, sertific\u0113ta kvalit\u0101te un profesion\u0101li pakalpojumi.","og_url":"https:\/\/kavita.com\/lv\/sakums-2","og_site_name":"Kavita","article_modified_time":"2025-12-30T11:15:33+00:00","twitter_card":"summary_large_image","twitter_misc":{"Est. reading time":"1 minute"},"schema":{"@context":"https:\/\/schema.org","@graph":[{"@type":"WebPage","@id":"https:\/\/kavita.com\/lv\/sakums-2","url":"https:\/\/kavita.com\/lv\/sakums-2","name":"Augst\u0101k\u0101s kvalit\u0101tes medic\u012bnas iek\u0101rtas un optiskie produkti Lietuv\u0101","isPartOf":{"@id":"https:\/\/kavita.com\/lv#website"},"datePublished":"2025-12-30T10:03:31+00:00","dateModified":"2025-12-30T11:15:33+00:00","description":"Kavita UAB ir uzticams medic\u012bnas iek\u0101rtu un optisko pre\u010du pieg\u0101d\u0101t\u0101js Lietuv\u0101 jau 30 gadus. Pla\u0161a izv\u0113le, sertific\u0113ta kvalit\u0101te un profesion\u0101li pakalpojumi.","breadcrumb":{"@id":"https:\/\/kavita.com\/lv\/sakums-2#breadcrumb"},"inLanguage":"lv-LV","potentialAction":[{"@type":"ReadAction","target":["https:\/\/kavita.com\/lv\/sakums-2"]}]},{"@type":"BreadcrumbList","@id":"https:\/\/kavita.com\/lv\/sakums-2#breadcrumb","itemListElement":[{"@type":"ListItem","position":1,"name":"Home","item":"https:\/\/kavita.com\/lv\/sakums"},{"@type":"ListItem","position":2,"name":"Medic\u012bnisk\u0101 apr\u012bkojuma kategorijas"}]},{"@type":"WebSite","@id":"https:\/\/kavita.com\/lv#website","url":"https:\/\/kavita.com\/lv","name":"Kavita","description":"Dirbame su aki\u0173 ir regos prie\u017ei\u016bros  specialistais nuo 1994","potentialAction":[{"@type":"SearchAction","target":{"@type":"EntryPoint","urlTemplate":"https:\/\/kavita.com\/lv?s={search_term_string}"},"query-input":{"@type":"PropertyValueSpecification","valueRequired":true,"valueName":"search_term_string"}}],"inLanguage":"lv-LV"}]}},"_links":{"self":[{"href":"https:\/\/kavita.com\/lv\/wp-json\/wp\/v2\/pages\/10920","targetHints":{"allow":["GET"]}}],"collection":[{"href":"https:\/\/kavita.com\/lv\/wp-json\/wp\/v2\/pages"}],"about":[{"href":"https:\/\/kavita.com\/lv\/wp-json\/wp\/v2\/types\/page"}],"author":[{"embeddable":true,"href":"https:\/\/kavita.com\/lv\/wp-json\/wp\/v2\/users\/11"}],"replies":[{"embeddable":true,"href":"https:\/\/kavita.com\/lv\/wp-json\/wp\/v2\/comments?post=10920"}],"version-history":[{"count":3,"href":"https:\/\/kavita.com\/lv\/wp-json\/wp\/v2\/pages\/10920\/revisions"}],"predecessor-version":[{"id":10960,"href":"https:\/\/kavita.com\/lv\/wp-json\/wp\/v2\/pages\/10920\/revisions\/10960"}],"wp:attachment":[{"href":"https:\/\/kavita.com\/lv\/wp-json\/wp\/v2\/media?parent=10920"}],"curies":[{"name":"wp","href":"https:\/\/api.w.org\/{rel}","templated":true}]}}