{"id":11783,"date":"2026-04-09T14:14:59","date_gmt":"2026-04-09T12:14:59","guid":{"rendered":"https:\/\/kavita.com\/es-projekti"},"modified":"2026-04-10T08:59:05","modified_gmt":"2026-04-10T06:59:05","slug":"es-projekti","status":"publish","type":"page","link":"https:\/\/kavita.com\/lv\/es-projekti","title":{"rendered":"ES projekti"},"content":{"rendered":"<section class=\"l-section wpb_row lines-right height_medium\"><div class=\"l-section-h i-cf\"><div class=\"g-cols vc_row via_flex valign_top type_default stacking_default\"><div class=\"vc_col-sm-12 wpb_column vc_column_container\"><div class=\"vc_column-inner\"><div class=\"wpb_wrapper\"><div class=\"g-cols wpb_row us_custom_ae390122 via_flex valign_middle type_default stacking_default\"><div class=\"vc_col-sm-12 wpb_column vc_column_container\"><div class=\"vc_column-inner\"><div class=\"wpb_wrapper\"><h1 class=\"w-post-elm post_title us_custom_58c515de has_text_color entry-title color_link_inherit\">ES projekti<\/h1><\/div><\/div><\/div><\/div><div class=\"w-separator size_small\"><\/div><div class=\"wpb_text_column\"><div class=\"wpb_wrapper\"><h2>Saules sp\u0113kstacijas<\/h2>\n<\/div><\/div><div class=\"w-separator size_small\"><\/div><div class=\"wpb_text_column\"><div class=\"wpb_wrapper\"><p data-start=\"305\" data-end=\"534\">Lai palielin\u0101tu darb\u012bbas efektivit\u0101ti un samazin\u0101tu ener\u0123ijas izmaksas, m\u0113s uzst\u0101d\u012bj\u0101m 30,6 kW saules elektrostaciju. Projekts tika \u012bstenots ar atbalstu no kop\u012bg\u0101 projekta &#8220;Ieguld\u012bjumu atbalsts sauszemes saules sp\u0113kstacij\u0101m&#8221;. <\/p>\n<p data-start=\"536\" data-end=\"700\">\u0160is ieguld\u012bjums \u013cauj mums efekt\u012bv\u0101k p\u0101rvald\u012bt elektroener\u0123ijas piepras\u012bjumu, samazin\u0101t atkar\u012bbu no \u0101r\u0113jiem pieg\u0101d\u0101t\u0101jiem un veicin\u0101t videi draudz\u012bg\u0101kus risin\u0101jumus.<\/p>\n<p data-start=\"702\" data-end=\"873\">Projekts tiek \u012bstenots saska\u0146\u0101 ar ekonomikas atvese\u013co\u0161anas un notur\u012bbas pl\u0101nu &#8220;N\u0101kam\u0101s paaudzes Lietuva&#8221;, ko finans\u0113 Eiropas Savien\u012bbas instruments NextGenerationEU.<\/p>\n<\/div><\/div><div class=\"w-separator size_small\"><\/div><div class=\"w-image align_none\"><div class=\"w-image-h\"><img decoding=\"async\" width=\"2560\" height=\"1152\" src=\"https:\/\/kavita.com\/wp-content\/uploads\/2026\/04\/Kavita-se1-faktinis-scaled.jpeg\" class=\"attachment-full size-full\" alt=\"\" loading=\"lazy\" srcset=\"https:\/\/kavita.com\/wp-content\/uploads\/2026\/04\/Kavita-se1-faktinis-scaled.jpeg 2560w, https:\/\/kavita.com\/wp-content\/uploads\/2026\/04\/Kavita-se1-faktinis-300x135.jpeg 300w, https:\/\/kavita.com\/wp-content\/uploads\/2026\/04\/Kavita-se1-faktinis-1024x461.jpeg 1024w\" sizes=\"auto, (max-width: 2560px) 100vw, 2560px\" \/><\/div><\/div><div class=\"w-image align_none\"><div class=\"w-image-h\"><img decoding=\"async\" width=\"300\" height=\"192\" src=\"https:\/\/kavita.com\/wp-content\/uploads\/2026\/04\/FB-photo-300x192.jpg\" class=\"attachment-medium size-medium\" alt=\"\" loading=\"lazy\" srcset=\"https:\/\/kavita.com\/wp-content\/uploads\/2026\/04\/FB-photo-300x192.jpg 300w, https:\/\/kavita.com\/wp-content\/uploads\/2026\/04\/FB-photo.jpg 800w\" sizes=\"auto, (max-width: 300px) 100vw, 300px\" \/><\/div><\/div><\/div><\/div><\/div><\/div><\/div><\/section>\n","protected":false},"excerpt":{"rendered":"ES projektiSaules sp\u0113kstacijas Lai palielin\u0101tu darb\u012bbas efektivit\u0101ti un samazin\u0101tu ener\u0123ijas izmaksas, m\u0113s uzst\u0101d\u012bj\u0101m 30,6 kW saules elektrostaciju. Projekts tika \u012bstenots ar atbalstu no kop\u012bg\u0101 projekta &#8220;Ieguld\u012bjumu atbalsts sauszemes saules sp\u0113kstacij\u0101m&#8221;. \u0160is ieguld\u012bjums \u013cauj mums efekt\u012bv\u0101k p\u0101rvald\u012bt elektroener\u0123ijas piepras\u012bjumu, samazin\u0101t atkar\u012bbu no \u0101r\u0113jiem pieg\u0101d\u0101t\u0101jiem un veicin\u0101t videi draudz\u012bg\u0101kus risin\u0101jumus. Projekts tiek \u012bstenots saska\u0146\u0101 ar ekonomikas atvese\u013co\u0161anas...","protected":false},"author":11,"featured_media":0,"parent":0,"menu_order":0,"comment_status":"closed","ping_status":"closed","template":"","meta":{"footnotes":""},"class_list":["post-11783","page","type-page","status-publish","hentry"],"acf":[],"yoast_head":"<!-- This site is optimized with the Yoast SEO plugin v27.3 - https:\/\/yoast.com\/product\/yoast-seo-wordpress\/ -->\n<title>ES projekti | Kavita<\/title>\n<meta name=\"robots\" content=\"index, follow, max-snippet:-1, max-image-preview:large, max-video-preview:-1\" \/>\n<link rel=\"canonical\" href=\"https:\/\/kavita.com\/lv\/es-projekti\" \/>\n<meta property=\"og:locale\" content=\"lv_LV\" \/>\n<meta property=\"og:type\" content=\"article\" \/>\n<meta property=\"og:title\" content=\"ES projekti | Kavita\" \/>\n<meta property=\"og:url\" content=\"https:\/\/kavita.com\/lv\/es-projekti\" \/>\n<meta property=\"og:site_name\" content=\"Kavita\" \/>\n<meta property=\"article:modified_time\" content=\"2026-04-10T06:59:05+00:00\" \/>\n<meta name=\"twitter:card\" content=\"summary_large_image\" \/>\n<meta name=\"twitter:label1\" content=\"Est. reading time\" \/>\n\t<meta name=\"twitter:data1\" content=\"1 minute\" \/>\n<script type=\"application\/ld+json\" class=\"yoast-schema-graph\">{\"@context\":\"https:\\\/\\\/schema.org\",\"@graph\":[{\"@type\":\"WebPage\",\"@id\":\"https:\\\/\\\/kavita.com\\\/lv\\\/es-projekti\",\"url\":\"https:\\\/\\\/kavita.com\\\/lv\\\/es-projekti\",\"name\":\"ES projekti | Kavita\",\"isPartOf\":{\"@id\":\"https:\\\/\\\/kavita.com\\\/lv#website\"},\"datePublished\":\"2026-04-09T12:14:59+00:00\",\"dateModified\":\"2026-04-10T06:59:05+00:00\",\"breadcrumb\":{\"@id\":\"https:\\\/\\\/kavita.com\\\/lv\\\/es-projekti#breadcrumb\"},\"inLanguage\":\"lv-LV\",\"potentialAction\":[{\"@type\":\"ReadAction\",\"target\":[\"https:\\\/\\\/kavita.com\\\/lv\\\/es-projekti\"]}]},{\"@type\":\"BreadcrumbList\",\"@id\":\"https:\\\/\\\/kavita.com\\\/lv\\\/es-projekti#breadcrumb\",\"itemListElement\":[{\"@type\":\"ListItem\",\"position\":1,\"name\":\"Home\",\"item\":\"https:\\\/\\\/kavita.com\\\/lv\\\/sakums\"},{\"@type\":\"ListItem\",\"position\":2,\"name\":\"ES projekti\"}]},{\"@type\":\"WebSite\",\"@id\":\"https:\\\/\\\/kavita.com\\\/lv#website\",\"url\":\"https:\\\/\\\/kavita.com\\\/lv\",\"name\":\"Kavita\",\"description\":\"Dirbame su aki\u0173 ir regos prie\u017ei\u016bros  specialistais nuo 1994\",\"potentialAction\":[{\"@type\":\"SearchAction\",\"target\":{\"@type\":\"EntryPoint\",\"urlTemplate\":\"https:\\\/\\\/kavita.com\\\/lv?s={search_term_string}\"},\"query-input\":{\"@type\":\"PropertyValueSpecification\",\"valueRequired\":true,\"valueName\":\"search_term_string\"}}],\"inLanguage\":\"lv-LV\"}]}<\/script>\n<!-- \/ Yoast SEO plugin. -->","yoast_head_json":{"title":"ES projekti | Kavita","robots":{"index":"index","follow":"follow","max-snippet":"max-snippet:-1","max-image-preview":"max-image-preview:large","max-video-preview":"max-video-preview:-1"},"canonical":"https:\/\/kavita.com\/lv\/es-projekti","og_locale":"lv_LV","og_type":"article","og_title":"ES projekti | Kavita","og_url":"https:\/\/kavita.com\/lv\/es-projekti","og_site_name":"Kavita","article_modified_time":"2026-04-10T06:59:05+00:00","twitter_card":"summary_large_image","twitter_misc":{"Est. reading time":"1 minute"},"schema":{"@context":"https:\/\/schema.org","@graph":[{"@type":"WebPage","@id":"https:\/\/kavita.com\/lv\/es-projekti","url":"https:\/\/kavita.com\/lv\/es-projekti","name":"ES projekti | Kavita","isPartOf":{"@id":"https:\/\/kavita.com\/lv#website"},"datePublished":"2026-04-09T12:14:59+00:00","dateModified":"2026-04-10T06:59:05+00:00","breadcrumb":{"@id":"https:\/\/kavita.com\/lv\/es-projekti#breadcrumb"},"inLanguage":"lv-LV","potentialAction":[{"@type":"ReadAction","target":["https:\/\/kavita.com\/lv\/es-projekti"]}]},{"@type":"BreadcrumbList","@id":"https:\/\/kavita.com\/lv\/es-projekti#breadcrumb","itemListElement":[{"@type":"ListItem","position":1,"name":"Home","item":"https:\/\/kavita.com\/lv\/sakums"},{"@type":"ListItem","position":2,"name":"ES projekti"}]},{"@type":"WebSite","@id":"https:\/\/kavita.com\/lv#website","url":"https:\/\/kavita.com\/lv","name":"Kavita","description":"Dirbame su aki\u0173 ir regos prie\u017ei\u016bros  specialistais nuo 1994","potentialAction":[{"@type":"SearchAction","target":{"@type":"EntryPoint","urlTemplate":"https:\/\/kavita.com\/lv?s={search_term_string}"},"query-input":{"@type":"PropertyValueSpecification","valueRequired":true,"valueName":"search_term_string"}}],"inLanguage":"lv-LV"}]}},"_links":{"self":[{"href":"https:\/\/kavita.com\/lv\/wp-json\/wp\/v2\/pages\/11783","targetHints":{"allow":["GET"]}}],"collection":[{"href":"https:\/\/kavita.com\/lv\/wp-json\/wp\/v2\/pages"}],"about":[{"href":"https:\/\/kavita.com\/lv\/wp-json\/wp\/v2\/types\/page"}],"author":[{"embeddable":true,"href":"https:\/\/kavita.com\/lv\/wp-json\/wp\/v2\/users\/11"}],"replies":[{"embeddable":true,"href":"https:\/\/kavita.com\/lv\/wp-json\/wp\/v2\/comments?post=11783"}],"version-history":[{"count":6,"href":"https:\/\/kavita.com\/lv\/wp-json\/wp\/v2\/pages\/11783\/revisions"}],"predecessor-version":[{"id":11816,"href":"https:\/\/kavita.com\/lv\/wp-json\/wp\/v2\/pages\/11783\/revisions\/11816"}],"wp:attachment":[{"href":"https:\/\/kavita.com\/lv\/wp-json\/wp\/v2\/media?parent=11783"}],"curies":[{"name":"wp","href":"https:\/\/api.w.org\/{rel}","templated":true}]}}