{"id":8419,"date":"2025-08-14T13:19:09","date_gmt":"2025-08-14T11:19:09","guid":{"rendered":"https:\/\/kavita.com\/konfidencialitates-politika"},"modified":"2025-11-05T09:16:52","modified_gmt":"2025-11-05T07:16:52","slug":"konfidencialitates-politika","status":"publish","type":"page","link":"https:\/\/kavita.com\/lv\/konfidencialitates-politika","title":{"rendered":"Konfidencialit\u0101tes politika"},"content":{"rendered":"<section class=\"l-section wpb_row height_medium\"><div class=\"l-section-h i-cf\"><div class=\"g-cols vc_row via_flex valign_top type_default stacking_default\"><div class=\"vc_col-sm-12 wpb_column vc_column_container\"><div class=\"vc_column-inner\"><div class=\"wpb_wrapper\"><div class=\"g-cols wpb_row via_flex valign_top type_default stacking_default\"><div class=\"vc_col-sm-2 wpb_column vc_column_container\"><div class=\"vc_column-inner\"><div class=\"wpb_wrapper\"><\/div><\/div><\/div><div class=\"vc_col-sm-8 wpb_column vc_column_container\"><div class=\"vc_column-inner\"><div class=\"wpb_wrapper\"><div class=\"wpb_text_column\"><div class=\"wpb_wrapper\"><h1>Konfidencialit\u0101tes politika<\/h1>\n<p>\u0160\u012b Priv\u0101tuma un s\u012bkfailu politika (turpm\u0101k tekst\u0101 &#8211; &#8220;Politika&#8221;) tiek piem\u0113rota, kad apmekl\u0113jat Kavita, UAB t\u012bmek\u013ca vietni. \u0160\u012b politika neattiecas uz gad\u012bjumiem, kad, piek\u013c\u016bstot Kavita, UAB t\u012bmek\u013ca vietnei, j\u016bs p\u0101rl\u016bkojat citu uz\u0146\u0113mumu t\u012bmek\u013ca vietnes. <\/p>\n<p>M\u0113s apkopojam m\u016bsu vietnes apmekl\u0113t\u0101ju datus saska\u0146\u0101 ar Lietuvas Republikas likumu par personas datu tiesisko aizsardz\u012bbu, Lietuvas Republikas Elektronisko sakaru likumu, Eiropas Savien\u012bbas personas datu aizsardz\u012bbas likumiem, citiem saist\u012btiem ties\u012bbu aktiem un kontrol\u0113jo\u0161o iest\u0101\u017eu nor\u0101d\u012bjumiem.<\/p>\n<h2>Datu v\u0101k\u0161ana<\/h2>\n<p>M\u0113s izmantojam s\u012bkfailus, lai apkopotu datus par vietnes izmanto\u0161anu. S\u012bkdat\u0146u veidi un to m\u0113r\u0137is ir izkl\u0101st\u012bti turpm\u0101k tabul\u0101. <\/p>\n<p>M\u0113s atbild\u012bgi aizsarg\u0101jam datus, ko apkopojam par Kavita, UAB t\u012bmek\u013ca vietnes apmekl\u0113t\u0101jiem, pret nozaud\u0113\u0161anu, neat\u013cautu izmanto\u0161anu un izmai\u0146\u0101m. Kavita, UAB darbiniekiem ir rakstisks pien\u0101kums neizpaust un neizplat\u012bt tre\u0161aj\u0101m person\u0101m darba viet\u0101 ieg\u016bto inform\u0101ciju par uz\u0146\u0113muma klientiem, tostarp Kavita, UAB t\u012bmek\u013ca vietnes apmekl\u0113t\u0101jiem. <\/p>\n<h2>S\u012bkfailu izmanto\u0161ana<\/h2>\n<p>Kad apmekl\u0113jat Kavita, UAB t\u012bmek\u013ca vietni, m\u0113s v\u0113lamies jums sniegt tie\u0161i jums piel\u0101gotu inform\u0101ciju un funkcijas. \u0160im nol\u016bkam ir nepiecie\u0161amas s\u012bkdatnes. Tie ir nelieli inform\u0101cijas elementi, kas tiek saglab\u0101ti j\u016bsu t\u012bmek\u013ca p\u0101rl\u016bkprogramm\u0101. T\u0101s pal\u012bdz mums atpaz\u012bt j\u016bs k\u0101 iepriek\u0161\u0113jo Kavita, UAB t\u012bmek\u013ca vietnes apmekl\u0113t\u0101ju, saglab\u0101t j\u016bsu apmekl\u0113jumu v\u0113sturi un attiec\u012bgi piel\u0101got t\u012bmek\u013ca vietnes saturu. S\u012bkfaili pal\u012bdz ar\u012b nodro\u0161in\u0101t t\u012bmek\u013ca vietnes netrauc\u0113tu darb\u012bbu, uzraudz\u012bt Kavita, UAB t\u012bmek\u013ca vietnes apmekl\u0113jumu ilgumu un bie\u017eumu un apkopot statistikas inform\u0101ciju par t\u012bmek\u013ca vietnes apmekl\u0113t\u0101ju skaitu. Analiz\u0113jot \u0161os datus, m\u0113s varam uzlabot t\u012bmek\u013ca vietni un padar\u012bt to jums \u0113rt\u0101k lietojamu. Apmekl\u0113jot Kavita, UAB t\u012bmek\u013ca vietni, j\u016bs varat izv\u0113l\u0113ties, vai v\u0113laties izmantot s\u012bkdatnes. Ja nepiekr\u012btat s\u012bkdat\u0146u ievieto\u0161anai sav\u0101 dator\u0101 vai cit\u0101 ier\u012bc\u0113, varat jebkur\u0101 laik\u0101 atsaukt savu piekri\u0161anu s\u012bkdat\u0146u izmanto\u0161anai, mainot iestat\u012bjumus un dz\u0113\u0161ot ievietot\u0101s s\u012bkdatnes.       <\/p>\n<h2>Inform\u0101cija par m\u016bsu izmantotaj\u0101m s\u012bkdatn\u0113m<\/h2>\n<table>\n<thead>\n<tr>\n<th>Nosaukums<\/th>\n<th>Apraksts<\/th>\n<th>Izveido\u0161anas br\u012bdis\/termi\u0146a beigu datums<\/th>\n<\/tr>\n<\/thead>\n<tbody>\n<tr>\n<td>_ga<\/td>\n<td>\u0160o s\u012bkfailu izmanto Google Analytics, lai m\u0113r\u012btu lietot\u0101ja apmekl\u0113juma m\u0113r\u0137us, zi\u0146otu par t\u012bmek\u013ca vietnes darb\u012bbu t\u012bmek\u013ca vietnes operatoriem un uzlabotu klienta pieredzi, apmekl\u0113jot t\u012bmek\u013ca vietni.<\/td>\n<td>No piekri\u0161anas\/2 gadi.<\/td>\n<\/tr>\n<tr>\n<td>_gat<\/td>\n<td>\u0160os s\u012bkfailus izmanto Google Analytics, lai apkopotu statistikas inform\u0101ciju par vietnes datpl\u016bsmu.<\/td>\n<td>Kad j\u016bs pirmo reizi ieejat vietn\u0113\/ sesijas beig\u0101s<\/td>\n<\/tr>\n<tr>\n<td>_gid<\/td>\n<td>\u0160o s\u012bkfailu izmanto Google Analytics, lai identific\u0113tu personu.<\/td>\n<td>Pirm\u0101s piek\u013cuves br\u012bd\u012b\/2 dienas<\/td>\n<\/tr>\n<\/tbody>\n<\/table>\n<h2>S\u012bkfailu veidi<\/h2>\n<p>S\u012bkfaili ir sesijas un past\u0101v\u012bgie s\u012bkfaili un pirm\u0101s vai tre\u0161\u0101s puses s\u012bkfaili. Turpm\u0101k m\u0113s izskaidrojam \u0161o terminu noz\u012bmi, lai j\u016bs var\u0113tu lab\u0101k saprast, k\u0101das s\u012bkdatnes m\u0113s izmantojam un k\u0101diem nol\u016bkiem t\u0101s tiek izmantotas. <\/p>\n<p>Sesijas s\u012bkfaili \u013cauj j\u016bs atpaz\u012bt vienas m\u016bsu vietnes apmekl\u0113juma laik\u0101, lai visas izmai\u0146as vai izv\u0113les, ko veicat lap\u0101, tiktu saglab\u0101tas, p\u0101rejot no vienas lapas uz n\u0101kamo. \u0160\u012bs s\u012bkdatnes \u013cauj \u0101tri un \u0113rti p\u0101rvietoties pa daudz\u0101m vietnes lap\u0101m, lai katru reizi, kad apmekl\u0113jat jaunu vietu, neb\u016btu atk\u0101rtoti j\u0101apstr\u0101d\u0101 inform\u0101cija. Sesijas s\u012bkfaili ir \u012bslaic\u012bgi un paz\u016bd, tikl\u012bdz aizverat p\u0101rl\u016bkprogrammu vai iziet no vietnes.  <\/p>\n<h2>Ilgtermi\u0146a s\u012bkfaili<\/h2>\n<p>Past\u0101v\u012bg\u0101s s\u012bkdatnes ir s\u012bkdatnes, kas j\u016bsu dator\u0101 paliek noteiktu laiku p\u0113c p\u0101rl\u016bko\u0161anas sesijas beig\u0101m, t\u0101p\u0113c t\u0101s var re\u0123istr\u0113t noteiktas lietot\u0101ja preferences vai darb\u012bbas, kad vietne tiek apmekl\u0113ta atk\u0101rtoti.<\/p>\n<h2>Tre\u0161o personu s\u012bkfaili<\/h2>\n<p>S\u012bkfaili, ko citas organiz\u0101cijas izmanto m\u016bsu t\u012bmek\u013ca vietn\u0113. M\u016bsu gad\u012bjum\u0101 Kavita, UAB t\u012bmek\u013ca vietn\u0113 tiek izmantotas Google Analytics s\u012bkdatnes, lai analiz\u0113tu t\u012bmek\u013ca vietnes datpl\u016bsmu. &#8220;Google Analytics&#8221; anon\u012bmi apkopo inform\u0101ciju par apmekl\u0113t\u0101ju skaitu, vietu, no kuras tika apmekl\u0113ta m\u016bsu t\u012bmek\u013ca vietne, un kuras t\u012bmek\u013ca vietnes da\u013cas apmekl\u0113t\u0101ji p\u0101rl\u016bkoja. \u0160\u012bs s\u012bkdatnes izveido Google Analytics. Pla\u0161\u0101ku inform\u0101ciju par &#8220;Google Analytics&#8221; skatiet <a href=\"http:\/\/www.google.com\/analytics\" target=\"_blank\" rel=\"noopener noreferrer\">vietn\u0113 http:\/\/www.google.com\/analytics<\/a>.    <\/p>\n<p>Jebkura ar s\u012bkfailu pal\u012bdz\u012bbu apkopot\u0101 inform\u0101cija tiek glab\u0101ta l\u012bdz s\u012bkfailu der\u012bguma termi\u0146a beig\u0101m, un t\u0101 netiek izmantota citiem m\u0113r\u0137iem, k\u0101 vien tiem, kas izkl\u0101st\u012bti \u0161aj\u0101 politik\u0101.<\/p>\n<p>M\u016bsu t\u012bmek\u013ca vietn\u0113 ir saites uz citu personu, uz\u0146\u0113mumu vai organiz\u0101ciju t\u012bmek\u013ca vietn\u0113m. L\u016bdzu, \u0146emiet v\u0113r\u0101, ka Kavita, UAB nav atbild\u012bga par \u0161\u0101du t\u012bmek\u013ca viet\u0146u saturu vai taj\u0101s izmantoto konfidencialit\u0101tes praksi. T\u0101p\u0113c, ja no Kavita, UAB t\u012bmek\u013ca vietnes noklik\u0161\u0137in\u0101t uz saites uz cit\u0101m t\u012bmek\u013ca vietn\u0113m, jums atsevi\u0161\u0137i j\u0101iepaz\u012bstas ar to priv\u0101tuma politiku.  <\/p>\n<h2>Pirm\u0101s puses s\u012bkfaili<\/h2>\n<p>S\u012bkfaili, kas ir nepiecie\u0161ami, lai UAB &#8220;Kavita&#8221; t\u012bmek\u013ca vietne darbotos pareizi.<\/p>\n<h2>J\u016bsu ties\u012bbas<\/h2>\n<p>Jums ir ties\u012bbas piek\u013c\u016bt saviem datiem, kurus m\u0113s apstr\u0101d\u0101jam, izmantojot s\u012bkfailus. Jums ir ar\u012b ties\u012bbas piepras\u012bt nepareizu, nepiln\u012bgu vai neprec\u012bzu datu labo\u0161anu. <\/p>\n<p>Ja jums ir k\u0101di jaut\u0101jumi vai v\u0113laties izmantot savas ties\u012bbas, l\u016bdzu, sazinieties ar mums, rakstot uz e-pasta adresi, kas nor\u0101d\u012bta kontaktlap\u0101, vai izmantojot jebkuru citu \u0161aj\u0101 vietn\u0113 nor\u0101d\u012bto veidu. <\/p>\n<\/div><\/div><\/div><\/div><\/div><div class=\"vc_col-sm-2 wpb_column vc_column_container\"><div class=\"vc_column-inner\"><div class=\"wpb_wrapper\"><\/div><\/div><\/div><\/div><\/div><\/div><\/div><\/div><\/div><\/section>\n","protected":false},"excerpt":{"rendered":"Konfidencialit\u0101tes politika \u0160\u012b Priv\u0101tuma un s\u012bkfailu politika (turpm\u0101k tekst\u0101 &#8211; &#8220;Politika&#8221;) tiek piem\u0113rota, kad apmekl\u0113jat Kavita, UAB t\u012bmek\u013ca vietni. \u0160\u012b politika neattiecas uz gad\u012bjumiem, kad, piek\u013c\u016bstot Kavita, UAB t\u012bmek\u013ca vietnei, j\u016bs p\u0101rl\u016bkojat citu uz\u0146\u0113mumu t\u012bmek\u013ca vietnes. M\u0113s apkopojam m\u016bsu vietnes apmekl\u0113t\u0101ju datus saska\u0146\u0101 ar Lietuvas Republikas likumu par personas datu tiesisko aizsardz\u012bbu, Lietuvas Republikas Elektronisko...","protected":false},"author":1,"featured_media":0,"parent":0,"menu_order":0,"comment_status":"closed","ping_status":"closed","template":"","meta":{"footnotes":""},"class_list":["post-8419","page","type-page","status-publish","hentry"],"acf":[],"yoast_head":"<!-- This site is optimized with the Yoast SEO plugin v27.3 - https:\/\/yoast.com\/product\/yoast-seo-wordpress\/ -->\n<title>Konfidencialit\u0101tes politika | Kavita<\/title>\n<meta name=\"robots\" content=\"index, follow, max-snippet:-1, max-image-preview:large, max-video-preview:-1\" \/>\n<link rel=\"canonical\" href=\"https:\/\/kavita.com\/lv\/konfidencialitates-politika\" \/>\n<meta property=\"og:locale\" content=\"lv_LV\" \/>\n<meta property=\"og:type\" content=\"article\" \/>\n<meta property=\"og:title\" content=\"Konfidencialit\u0101tes politika | Kavita\" \/>\n<meta property=\"og:url\" content=\"https:\/\/kavita.com\/lv\/konfidencialitates-politika\" \/>\n<meta property=\"og:site_name\" content=\"Kavita\" \/>\n<meta property=\"article:modified_time\" content=\"2025-11-05T07:16:52+00:00\" \/>\n<meta name=\"twitter:card\" content=\"summary_large_image\" \/>\n<meta name=\"twitter:label1\" content=\"Est. reading time\" \/>\n\t<meta name=\"twitter:data1\" content=\"5 minutes\" \/>\n<script type=\"application\/ld+json\" class=\"yoast-schema-graph\">{\"@context\":\"https:\\\/\\\/schema.org\",\"@graph\":[{\"@type\":\"WebPage\",\"@id\":\"https:\\\/\\\/kavita.com\\\/lv\\\/konfidencialitates-politika\",\"url\":\"https:\\\/\\\/kavita.com\\\/lv\\\/konfidencialitates-politika\",\"name\":\"Konfidencialit\u0101tes politika | Kavita\",\"isPartOf\":{\"@id\":\"https:\\\/\\\/kavita.com\\\/lv#website\"},\"datePublished\":\"2025-08-14T11:19:09+00:00\",\"dateModified\":\"2025-11-05T07:16:52+00:00\",\"breadcrumb\":{\"@id\":\"https:\\\/\\\/kavita.com\\\/lv\\\/konfidencialitates-politika#breadcrumb\"},\"inLanguage\":\"lv-LV\",\"potentialAction\":[{\"@type\":\"ReadAction\",\"target\":[\"https:\\\/\\\/kavita.com\\\/lv\\\/konfidencialitates-politika\"]}]},{\"@type\":\"BreadcrumbList\",\"@id\":\"https:\\\/\\\/kavita.com\\\/lv\\\/konfidencialitates-politika#breadcrumb\",\"itemListElement\":[{\"@type\":\"ListItem\",\"position\":1,\"name\":\"Home\",\"item\":\"https:\\\/\\\/kavita.com\\\/lv\\\/sakums\"},{\"@type\":\"ListItem\",\"position\":2,\"name\":\"Konfidencialit\u0101tes politika\"}]},{\"@type\":\"WebSite\",\"@id\":\"https:\\\/\\\/kavita.com\\\/lv#website\",\"url\":\"https:\\\/\\\/kavita.com\\\/lv\",\"name\":\"Kavita\",\"description\":\"Dirbame su aki\u0173 ir regos prie\u017ei\u016bros  specialistais nuo 1994\",\"potentialAction\":[{\"@type\":\"SearchAction\",\"target\":{\"@type\":\"EntryPoint\",\"urlTemplate\":\"https:\\\/\\\/kavita.com\\\/lv?s={search_term_string}\"},\"query-input\":{\"@type\":\"PropertyValueSpecification\",\"valueRequired\":true,\"valueName\":\"search_term_string\"}}],\"inLanguage\":\"lv-LV\"}]}<\/script>\n<!-- \/ Yoast SEO plugin. -->","yoast_head_json":{"title":"Konfidencialit\u0101tes politika | Kavita","robots":{"index":"index","follow":"follow","max-snippet":"max-snippet:-1","max-image-preview":"max-image-preview:large","max-video-preview":"max-video-preview:-1"},"canonical":"https:\/\/kavita.com\/lv\/konfidencialitates-politika","og_locale":"lv_LV","og_type":"article","og_title":"Konfidencialit\u0101tes politika | Kavita","og_url":"https:\/\/kavita.com\/lv\/konfidencialitates-politika","og_site_name":"Kavita","article_modified_time":"2025-11-05T07:16:52+00:00","twitter_card":"summary_large_image","twitter_misc":{"Est. reading time":"5 minutes"},"schema":{"@context":"https:\/\/schema.org","@graph":[{"@type":"WebPage","@id":"https:\/\/kavita.com\/lv\/konfidencialitates-politika","url":"https:\/\/kavita.com\/lv\/konfidencialitates-politika","name":"Konfidencialit\u0101tes politika | Kavita","isPartOf":{"@id":"https:\/\/kavita.com\/lv#website"},"datePublished":"2025-08-14T11:19:09+00:00","dateModified":"2025-11-05T07:16:52+00:00","breadcrumb":{"@id":"https:\/\/kavita.com\/lv\/konfidencialitates-politika#breadcrumb"},"inLanguage":"lv-LV","potentialAction":[{"@type":"ReadAction","target":["https:\/\/kavita.com\/lv\/konfidencialitates-politika"]}]},{"@type":"BreadcrumbList","@id":"https:\/\/kavita.com\/lv\/konfidencialitates-politika#breadcrumb","itemListElement":[{"@type":"ListItem","position":1,"name":"Home","item":"https:\/\/kavita.com\/lv\/sakums"},{"@type":"ListItem","position":2,"name":"Konfidencialit\u0101tes politika"}]},{"@type":"WebSite","@id":"https:\/\/kavita.com\/lv#website","url":"https:\/\/kavita.com\/lv","name":"Kavita","description":"Dirbame su aki\u0173 ir regos prie\u017ei\u016bros  specialistais nuo 1994","potentialAction":[{"@type":"SearchAction","target":{"@type":"EntryPoint","urlTemplate":"https:\/\/kavita.com\/lv?s={search_term_string}"},"query-input":{"@type":"PropertyValueSpecification","valueRequired":true,"valueName":"search_term_string"}}],"inLanguage":"lv-LV"}]}},"_links":{"self":[{"href":"https:\/\/kavita.com\/lv\/wp-json\/wp\/v2\/pages\/8419","targetHints":{"allow":["GET"]}}],"collection":[{"href":"https:\/\/kavita.com\/lv\/wp-json\/wp\/v2\/pages"}],"about":[{"href":"https:\/\/kavita.com\/lv\/wp-json\/wp\/v2\/types\/page"}],"author":[{"embeddable":true,"href":"https:\/\/kavita.com\/lv\/wp-json\/wp\/v2\/users\/1"}],"replies":[{"embeddable":true,"href":"https:\/\/kavita.com\/lv\/wp-json\/wp\/v2\/comments?post=8419"}],"version-history":[{"count":8,"href":"https:\/\/kavita.com\/lv\/wp-json\/wp\/v2\/pages\/8419\/revisions"}],"predecessor-version":[{"id":8455,"href":"https:\/\/kavita.com\/lv\/wp-json\/wp\/v2\/pages\/8419\/revisions\/8455"}],"wp:attachment":[{"href":"https:\/\/kavita.com\/lv\/wp-json\/wp\/v2\/media?parent=8419"}],"curies":[{"name":"wp","href":"https:\/\/api.w.org\/{rel}","templated":true}]}}