{"id":8436,"date":"2025-08-01T14:13:50","date_gmt":"2025-08-01T12:13:50","guid":{"rendered":"https:\/\/kavita.com\/meklesana"},"modified":"2025-08-01T14:13:50","modified_gmt":"2025-08-01T12:13:50","slug":"meklesana","status":"publish","type":"page","link":"https:\/\/kavita.com\/lv\/meklesana","title":{"rendered":"Mekl\u0113\u0161ana"},"content":{"rendered":"","protected":false},"excerpt":{"rendered":"","protected":false},"author":1,"featured_media":0,"parent":0,"menu_order":0,"comment_status":"closed","ping_status":"closed","template":"","meta":{"footnotes":""},"class_list":["post-8436","page","type-page","status-publish","hentry"],"acf":[],"yoast_head":"<!-- This site is optimized with the Yoast SEO plugin v27.3 - https:\/\/yoast.com\/product\/yoast-seo-wordpress\/ -->\n<title>Mekl\u0113\u0161ana | Kavita<\/title>\n<meta name=\"robots\" content=\"index, follow, max-snippet:-1, max-image-preview:large, max-video-preview:-1\" \/>\n<link rel=\"canonical\" href=\"https:\/\/kavita.com\/lv\/meklesana\" \/>\n<meta property=\"og:locale\" content=\"lv_LV\" \/>\n<meta property=\"og:type\" content=\"article\" \/>\n<meta property=\"og:title\" content=\"Mekl\u0113\u0161ana | Kavita\" \/>\n<meta property=\"og:url\" content=\"https:\/\/kavita.com\/lv\/meklesana\" \/>\n<meta property=\"og:site_name\" content=\"Kavita\" \/>\n<meta name=\"twitter:card\" content=\"summary_large_image\" \/>\n<script type=\"application\/ld+json\" class=\"yoast-schema-graph\">{\"@context\":\"https:\\\/\\\/schema.org\",\"@graph\":[{\"@type\":\"WebPage\",\"@id\":\"https:\\\/\\\/kavita.com\\\/lv\\\/meklesana\",\"url\":\"https:\\\/\\\/kavita.com\\\/lv\\\/meklesana\",\"name\":\"Mekl\u0113\u0161ana | Kavita\",\"isPartOf\":{\"@id\":\"https:\\\/\\\/kavita.com\\\/lv#website\"},\"datePublished\":\"2025-08-01T12:13:50+00:00\",\"breadcrumb\":{\"@id\":\"https:\\\/\\\/kavita.com\\\/lv\\\/meklesana#breadcrumb\"},\"inLanguage\":\"lv-LV\",\"potentialAction\":[{\"@type\":\"ReadAction\",\"target\":[\"https:\\\/\\\/kavita.com\\\/lv\\\/meklesana\"]}]},{\"@type\":\"BreadcrumbList\",\"@id\":\"https:\\\/\\\/kavita.com\\\/lv\\\/meklesana#breadcrumb\",\"itemListElement\":[{\"@type\":\"ListItem\",\"position\":1,\"name\":\"Home\",\"item\":\"https:\\\/\\\/kavita.com\\\/lv\\\/sakums\"},{\"@type\":\"ListItem\",\"position\":2,\"name\":\"Mekl\u0113\u0161ana\"}]},{\"@type\":\"WebSite\",\"@id\":\"https:\\\/\\\/kavita.com\\\/lv#website\",\"url\":\"https:\\\/\\\/kavita.com\\\/lv\",\"name\":\"Kavita\",\"description\":\"Dirbame su aki\u0173 ir regos prie\u017ei\u016bros  specialistais nuo 1994\",\"potentialAction\":[{\"@type\":\"SearchAction\",\"target\":{\"@type\":\"EntryPoint\",\"urlTemplate\":\"https:\\\/\\\/kavita.com\\\/lv?s={search_term_string}\"},\"query-input\":{\"@type\":\"PropertyValueSpecification\",\"valueRequired\":true,\"valueName\":\"search_term_string\"}}],\"inLanguage\":\"lv-LV\"}]}<\/script>\n<!-- \/ Yoast SEO plugin. -->","yoast_head_json":{"title":"Mekl\u0113\u0161ana | Kavita","robots":{"index":"index","follow":"follow","max-snippet":"max-snippet:-1","max-image-preview":"max-image-preview:large","max-video-preview":"max-video-preview:-1"},"canonical":"https:\/\/kavita.com\/lv\/meklesana","og_locale":"lv_LV","og_type":"article","og_title":"Mekl\u0113\u0161ana | Kavita","og_url":"https:\/\/kavita.com\/lv\/meklesana","og_site_name":"Kavita","twitter_card":"summary_large_image","schema":{"@context":"https:\/\/schema.org","@graph":[{"@type":"WebPage","@id":"https:\/\/kavita.com\/lv\/meklesana","url":"https:\/\/kavita.com\/lv\/meklesana","name":"Mekl\u0113\u0161ana | Kavita","isPartOf":{"@id":"https:\/\/kavita.com\/lv#website"},"datePublished":"2025-08-01T12:13:50+00:00","breadcrumb":{"@id":"https:\/\/kavita.com\/lv\/meklesana#breadcrumb"},"inLanguage":"lv-LV","potentialAction":[{"@type":"ReadAction","target":["https:\/\/kavita.com\/lv\/meklesana"]}]},{"@type":"BreadcrumbList","@id":"https:\/\/kavita.com\/lv\/meklesana#breadcrumb","itemListElement":[{"@type":"ListItem","position":1,"name":"Home","item":"https:\/\/kavita.com\/lv\/sakums"},{"@type":"ListItem","position":2,"name":"Mekl\u0113\u0161ana"}]},{"@type":"WebSite","@id":"https:\/\/kavita.com\/lv#website","url":"https:\/\/kavita.com\/lv","name":"Kavita","description":"Dirbame su aki\u0173 ir regos prie\u017ei\u016bros  specialistais nuo 1994","potentialAction":[{"@type":"SearchAction","target":{"@type":"EntryPoint","urlTemplate":"https:\/\/kavita.com\/lv?s={search_term_string}"},"query-input":{"@type":"PropertyValueSpecification","valueRequired":true,"valueName":"search_term_string"}}],"inLanguage":"lv-LV"}]}},"_links":{"self":[{"href":"https:\/\/kavita.com\/lv\/wp-json\/wp\/v2\/pages\/8436","targetHints":{"allow":["GET"]}}],"collection":[{"href":"https:\/\/kavita.com\/lv\/wp-json\/wp\/v2\/pages"}],"about":[{"href":"https:\/\/kavita.com\/lv\/wp-json\/wp\/v2\/types\/page"}],"author":[{"embeddable":true,"href":"https:\/\/kavita.com\/lv\/wp-json\/wp\/v2\/users\/1"}],"replies":[{"embeddable":true,"href":"https:\/\/kavita.com\/lv\/wp-json\/wp\/v2\/comments?post=8436"}],"version-history":[{"count":0,"href":"https:\/\/kavita.com\/lv\/wp-json\/wp\/v2\/pages\/8436\/revisions"}],"wp:attachment":[{"href":"https:\/\/kavita.com\/lv\/wp-json\/wp\/v2\/media?parent=8436"}],"curies":[{"name":"wp","href":"https:\/\/api.w.org\/{rel}","templated":true}]}}