{"id":8440,"date":"2025-08-01T13:23:44","date_gmt":"2025-08-01T11:23:44","guid":{"rendered":"https:\/\/kavita.com\/sazinieties-ar"},"modified":"2025-11-05T09:16:52","modified_gmt":"2025-11-05T07:16:52","slug":"sazinieties-ar","status":"publish","type":"page","link":"https:\/\/kavita.com\/lv\/sazinieties-ar","title":{"rendered":"Sazinieties ar"},"content":{"rendered":"<section class=\"l-section wpb_row lines-right height_medium\"><div class=\"l-section-h i-cf\"><div class=\"g-cols vc_row via_flex valign_top type_default stacking_default\"><div class=\"vc_col-sm-12 wpb_column vc_column_container\"><div class=\"vc_column-inner\"><div class=\"wpb_wrapper\"><div class=\"g-cols wpb_row us_custom_a915eebe via_flex valign_middle type_default stacking_default\"><div class=\"vc_col-sm-12 wpb_column vc_column_container\"><div class=\"vc_column-inner\"><div class=\"wpb_wrapper\"><h1 class=\"w-post-elm post_title us_custom_58c515de has_text_color entry-title color_link_inherit\">Sazinieties ar<\/h1><\/div><\/div><\/div><\/div><div class=\"w-separator size_medium\"><\/div><div class=\"g-cols wpb_row via_flex valign_top type_default stacking_default\"><div class=\"vc_col-sm-6 wpb_column vc_column_container contact-column\"><div class=\"vc_column-inner\"><div class=\"wpb_wrapper\"><div class=\"wpb_text_column\"><div class=\"wpb_wrapper\"><h2>M\u016bsu kontakti<\/h2>\n<\/div><\/div><p class=\"w-text us_custom_2ae65f69 icon_atleft\"><a href=\"mailto:sales@kavita.com\" class=\"w-text-h\"><i class=\"far fa-envelope\"><\/i><span class=\"w-text-value\">sales@kavita.com<\/span><\/a><\/p><div class=\"w-separator size_small\"><\/div><div class=\"w-hwrapper grid-cols-2 valign_top align_none\" style=\"--hwrapper-gap:0px\"><div class=\"w-vwrapper us_custom_2d9ebfef align_none valign_top\" style=\"--vwrapper-gap:0.5rem\"><h3 class=\"w-text theme__text text__h6\"><span class=\"w-text-h\"><span class=\"w-text-value\">Lietuva, Igaunija<\/span><\/span><\/h3><p class=\"w-text us_custom_2ae65f69 icon_atleft\"><a href=\"tel:+37044365997\" class=\"w-text-h\"><i class=\"fas fa-phone-alt\"><\/i><span class=\"w-text-value\">T\u0101lr. +370 443 65997<\/span><\/a><\/p><\/div><div class=\"w-vwrapper us_custom_2d9ebfef align_none valign_top\" style=\"--vwrapper-gap:0.5rem\"><h3 class=\"w-text theme__text text__h6\"><span class=\"w-text-h\"><span class=\"w-text-value\">Latvija<\/span><\/span><\/h3><p class=\"w-text us_custom_2ae65f69 icon_atleft\"><a href=\"tel:+37167842048\" class=\"w-text-h\"><i class=\"fas fa-phone-alt\"><\/i><span class=\"w-text-value\">T\u0101lr. +371 678 42048<\/span><\/a><\/p><\/div><div class=\"w-vwrapper us_custom_2d9ebfef align_none valign_top\" style=\"--vwrapper-gap:0.5rem\"><h3 class=\"w-text theme__text text__h6\"><span class=\"w-text-h\"><span class=\"w-text-value\">Slov\u0101kija<\/span><\/span><\/h3><p class=\"w-text us_custom_2ae65f69 icon_atleft\"><a href=\"tel:+421233527869\" class=\"w-text-h\"><i class=\"fas fa-phone-alt\"><\/i><span class=\"w-text-value\">T\u0101lr. +421 233 527869<\/span><\/a><\/p><\/div><div class=\"w-vwrapper us_custom_2d9ebfef align_none valign_top\" style=\"--vwrapper-gap:0.5rem\"><h3 class=\"w-text theme__text text__h6\"><span class=\"w-text-h\"><span class=\"w-text-value\">Gruzija<\/span><\/span><\/h3><p class=\"w-text us_custom_2ae65f69 icon_atleft\"><a href=\"tel:+995322967367\" class=\"w-text-h\"><i class=\"fas fa-phone-alt\"><\/i><span class=\"w-text-value\">T\u0101lr. +995 32 2 967367<\/span><\/a><\/p><\/div><\/div><\/div><\/div><\/div><div class=\"vc_col-sm-6 wpb_column vc_column_container\"><div class=\"vc_column-inner\"><div class=\"wpb_wrapper\">\n<div class=\"wpcf7 no-js\" id=\"wpcf7-f8307-o1\" lang=\"lv-LV\" dir=\"ltr\" data-wpcf7-id=\"8307\">\n<div class=\"screen-reader-response\"><p role=\"status\" aria-live=\"polite\" aria-atomic=\"true\"><\/p> <ul><\/ul><\/div>\n<form action=\"\/lv\/wp-json\/wp\/v2\/pages\/8440#wpcf7-f8307-o1\" method=\"post\" class=\"wpcf7-form init\" aria-label=\"Contact form\" novalidate=\"novalidate\" data-status=\"init\">\n<fieldset class=\"hidden-fields-container\"><input type=\"hidden\" name=\"_wpcf7\" value=\"8307\" \/><input type=\"hidden\" name=\"_wpcf7_version\" value=\"6.1.5\" \/><input type=\"hidden\" name=\"_wpcf7_locale\" value=\"lv_LV\" \/><input type=\"hidden\" name=\"_wpcf7_unit_tag\" value=\"wpcf7-f8307-o1\" \/><input type=\"hidden\" name=\"_wpcf7_container_post\" value=\"0\" \/><input type=\"hidden\" name=\"_wpcf7_posted_data_hash\" value=\"\" \/><input type=\"hidden\" name=\"_wpcf7_recaptcha_response\" value=\"\" \/>\n<\/fieldset>\n<div class=\"theme__contact-form\">\n\t<div class=\"contact-form__row row__two-columns\">\n\t\t<div class=\"contact-form__form-field\">\n\t\t\t<p><label>Nosaukums<\/label><br \/>\n<span class=\"wpcf7-form-control-wrap\" data-name=\"vardas\"><input size=\"40\" maxlength=\"400\" class=\"wpcf7-form-control wpcf7-text wpcf7-validates-as-required\" aria-required=\"true\" aria-invalid=\"false\" value=\"\" type=\"text\" name=\"vardas\" \/><\/span>\n\t\t\t<\/p>\n\t\t<\/div>\n\t\t<div class=\"contact-form__form-field\">\n\t\t\t<p><label>Uz\u0146\u0113muma nosaukums<\/label><br \/>\n<span class=\"wpcf7-form-control-wrap\" data-name=\"imones-pavadinimas\"><input size=\"40\" maxlength=\"400\" class=\"wpcf7-form-control wpcf7-text wpcf7-validates-as-required\" aria-required=\"true\" aria-invalid=\"false\" value=\"\" type=\"text\" name=\"imones-pavadinimas\" \/><\/span>\n\t\t\t<\/p>\n\t\t<\/div>\n\t<\/div>\n\t<div class=\"contact-form__row row__two-columns\">\n\t\t<div class=\"contact-form__form-field\">\n\t\t\t<p><label>T\u0101lru\u0146a numurs<\/label><br \/>\n<span class=\"wpcf7-form-control-wrap\" data-name=\"telefono-numeris\"><input size=\"40\" maxlength=\"400\" class=\"wpcf7-form-control wpcf7-tel wpcf7-validates-as-required wpcf7-text wpcf7-validates-as-tel\" aria-required=\"true\" aria-invalid=\"false\" value=\"\" type=\"tel\" name=\"telefono-numeris\" \/><\/span>\n\t\t\t<\/p>\n\t\t<\/div>\n\t\t<div class=\"contact-form__form-field\">\n\t\t\t<p><label>E-pasta adrese <\/label><br \/>\n<span class=\"wpcf7-form-control-wrap\" data-name=\"el-pasto-adresas\"><input size=\"40\" maxlength=\"400\" class=\"wpcf7-form-control wpcf7-email wpcf7-validates-as-required wpcf7-text wpcf7-validates-as-email\" aria-required=\"true\" aria-invalid=\"false\" value=\"\" type=\"email\" name=\"el-pasto-adresas\" \/><\/span>\n\t\t\t<\/p>\n\t\t<\/div>\n\t<\/div>\n\t<div class=\"contact-form__row\">\n\t\t<div class=\"contact-form__form-field\">\n\t\t\t<p><label>Koment\u0101rs<\/label><br \/>\n<span class=\"wpcf7-form-control-wrap\" data-name=\"komentaras\"><textarea cols=\"40\" rows=\"10\" maxlength=\"2000\" class=\"wpcf7-form-control wpcf7-textarea wpcf7-validates-as-required\" aria-required=\"true\" aria-invalid=\"false\" name=\"komentaras\"><\/textarea><\/span>\n\t\t\t<\/p>\n\t\t<\/div>\n\t<\/div>\n\t<div class=\"contact-form__row\">\n\t\t<div class=\"contact-form__privacy-policy\">\n\t\t\t<p><span class=\"wpcf7-form-control-wrap\" data-name=\"acceptance\"><span class=\"wpcf7-form-control wpcf7-acceptance\"><span class=\"wpcf7-list-item\"><input type=\"checkbox\" name=\"acceptance\" value=\"1\" aria-invalid=\"false\" \/><\/span><\/span><\/span>\n\t\t\t<\/p>\n\t\t\t<p>Es piekr\u012btu <a href=\"\/privatumo-politika\" target=\"_blank\">priv\u0101tuma politikai<\/a>.\n\t\t\t<\/p>\n\t\t<\/div>\n\t<\/div>\n\t<div class=\"contact-form__row\">\n\t\t<div class=\"w-btn-wrapper\">\n\t\t\t<p><button class=\"w-btn us-btn-style_1 wpcf7-submit theme__button\"><span class=\"w-btn-label\">Nos\u016bt\u012bt piepras\u012bjumu<\/span><\/button>\n\t\t\t<\/p>\n\t\t<\/div>\n\t<\/div>\n<\/div><div class=\"wpcf7-response-output\" aria-hidden=\"true\"><\/div>\n<\/form>\n<\/div>\n<\/div><\/div><\/div><\/div><\/div><\/div><\/div><\/div><\/div><\/section><section class=\"l-section wpb_row us_custom_f42839d8 height_auto\"><div class=\"l-section-h i-cf\"><div class=\"g-cols vc_row via_flex valign_top type_default stacking_default\"><div class=\"vc_col-sm-12 wpb_column vc_column_container\"><div class=\"vc_column-inner\"><div class=\"wpb_wrapper\"><div class=\"g-cols wpb_row us_custom_8a398476 via_flex valign_top type_default stacking_default\"><div class=\"vc_col-sm-7 wpb_column vc_column_container\"><div class=\"vc_column-inner\"><div class=\"wpb_wrapper\"><div class=\"w-vwrapper us_custom_9d5325e5 has_text_color align_none valign_top\" style=\"--vwrapper-gap:20px\"><h3 class=\"w-text us_custom_1d7791b0\"><span class=\"w-text-h\"><span class=\"w-text-value\">Pas\u016btiet produktu katalogu<\/span><\/span><\/h3><div class=\"wpb_text_column\"><div class=\"wpb_wrapper\"><p>M\u016bsu sadarb\u012bba ar Kavitu vienm\u0113r ir profesion\u0101la un personiska. S\u0101ksim sarunu &#8211; aizpildiet piepras\u012bjuma formu, lai sa\u0146emtu m\u016bsu katalogu vai personaliz\u0113tu pied\u0101v\u0101jumu.<\/p>\n<\/div><\/div><div class=\"w-btn-wrapper default_align_none laptops_align_none tablets_align_justify mobiles_align_justify\"><a class=\"w-btn us-btn-style_1 us_custom_0f8f44b7 quotation-popup\" href=\"#quotation-popup\"><span class=\"w-btn-label\">Aizpildiet veidlapu<\/span><\/a><\/div><\/div><\/div><\/div><\/div><div class=\"vc_col-sm-5 wpb_column vc_column_container\"><div class=\"vc_column-inner\"><div class=\"wpb_wrapper\"><\/div><\/div><\/div><\/div><\/div><\/div><\/div><\/div><\/div><\/section>\n\n","protected":false},"excerpt":{"rendered":"Sazinieties arM\u016bsu kontakti sales@kavita.comLietuva, IgaunijaT\u0101lr. +370 443 65997LatvijaT\u0101lr. +371 678 42048Slov\u0101kijaT\u0101lr. +421 233 527869GruzijaT\u0101lr. +995 32 2 967367 Nosaukums Uz\u0146\u0113muma nosaukums T\u0101lru\u0146a numurs E-pasta adrese Koment\u0101rs Es piekr\u012btu priv\u0101tuma politikai. Nos\u016bt\u012bt piepras\u012bjumu Pas\u016btiet produktu kataloguM\u016bsu sadarb\u012bba ar Kavitu vienm\u0113r ir profesion\u0101la un personiska. S\u0101ksim sarunu &#8211; aizpildiet piepras\u012bjuma formu, lai sa\u0146emtu m\u016bsu katalogu vai personaliz\u0113tu...","protected":false},"author":1,"featured_media":0,"parent":0,"menu_order":0,"comment_status":"closed","ping_status":"closed","template":"","meta":{"footnotes":""},"class_list":["post-8440","page","type-page","status-publish","hentry"],"acf":[],"yoast_head":"<!-- This site is optimized with the Yoast SEO plugin v27.3 - https:\/\/yoast.com\/product\/yoast-seo-wordpress\/ -->\n<title>Sazinieties ar | Kavita<\/title>\n<meta name=\"robots\" content=\"index, follow, max-snippet:-1, max-image-preview:large, max-video-preview:-1\" \/>\n<link rel=\"canonical\" href=\"https:\/\/kavita.com\/lv\/sazinieties-ar\" \/>\n<meta property=\"og:locale\" content=\"lv_LV\" \/>\n<meta property=\"og:type\" content=\"article\" \/>\n<meta property=\"og:title\" content=\"Sazinieties ar | Kavita\" \/>\n<meta property=\"og:url\" content=\"https:\/\/kavita.com\/lv\/sazinieties-ar\" \/>\n<meta property=\"og:site_name\" content=\"Kavita\" \/>\n<meta property=\"article:modified_time\" content=\"2025-11-05T07:16:52+00:00\" \/>\n<meta name=\"twitter:card\" content=\"summary_large_image\" \/>\n<meta name=\"twitter:label1\" content=\"Est. reading time\" \/>\n\t<meta name=\"twitter:data1\" content=\"2 minutes\" \/>\n<script type=\"application\/ld+json\" class=\"yoast-schema-graph\">{\"@context\":\"https:\\\/\\\/schema.org\",\"@graph\":[{\"@type\":\"WebPage\",\"@id\":\"https:\\\/\\\/kavita.com\\\/lv\\\/sazinieties-ar\",\"url\":\"https:\\\/\\\/kavita.com\\\/lv\\\/sazinieties-ar\",\"name\":\"Sazinieties ar | Kavita\",\"isPartOf\":{\"@id\":\"https:\\\/\\\/kavita.com\\\/lv#website\"},\"datePublished\":\"2025-08-01T11:23:44+00:00\",\"dateModified\":\"2025-11-05T07:16:52+00:00\",\"breadcrumb\":{\"@id\":\"https:\\\/\\\/kavita.com\\\/lv\\\/sazinieties-ar#breadcrumb\"},\"inLanguage\":\"lv-LV\",\"potentialAction\":[{\"@type\":\"ReadAction\",\"target\":[\"https:\\\/\\\/kavita.com\\\/lv\\\/sazinieties-ar\"]}]},{\"@type\":\"BreadcrumbList\",\"@id\":\"https:\\\/\\\/kavita.com\\\/lv\\\/sazinieties-ar#breadcrumb\",\"itemListElement\":[{\"@type\":\"ListItem\",\"position\":1,\"name\":\"Home\",\"item\":\"https:\\\/\\\/kavita.com\\\/lv\\\/sakums\"},{\"@type\":\"ListItem\",\"position\":2,\"name\":\"Sazinieties ar\"}]},{\"@type\":\"WebSite\",\"@id\":\"https:\\\/\\\/kavita.com\\\/lv#website\",\"url\":\"https:\\\/\\\/kavita.com\\\/lv\",\"name\":\"Kavita\",\"description\":\"Dirbame su aki\u0173 ir regos prie\u017ei\u016bros  specialistais nuo 1994\",\"potentialAction\":[{\"@type\":\"SearchAction\",\"target\":{\"@type\":\"EntryPoint\",\"urlTemplate\":\"https:\\\/\\\/kavita.com\\\/lv?s={search_term_string}\"},\"query-input\":{\"@type\":\"PropertyValueSpecification\",\"valueRequired\":true,\"valueName\":\"search_term_string\"}}],\"inLanguage\":\"lv-LV\"}]}<\/script>\n<!-- \/ Yoast SEO plugin. -->","yoast_head_json":{"title":"Sazinieties ar | Kavita","robots":{"index":"index","follow":"follow","max-snippet":"max-snippet:-1","max-image-preview":"max-image-preview:large","max-video-preview":"max-video-preview:-1"},"canonical":"https:\/\/kavita.com\/lv\/sazinieties-ar","og_locale":"lv_LV","og_type":"article","og_title":"Sazinieties ar | Kavita","og_url":"https:\/\/kavita.com\/lv\/sazinieties-ar","og_site_name":"Kavita","article_modified_time":"2025-11-05T07:16:52+00:00","twitter_card":"summary_large_image","twitter_misc":{"Est. reading time":"2 minutes"},"schema":{"@context":"https:\/\/schema.org","@graph":[{"@type":"WebPage","@id":"https:\/\/kavita.com\/lv\/sazinieties-ar","url":"https:\/\/kavita.com\/lv\/sazinieties-ar","name":"Sazinieties ar | Kavita","isPartOf":{"@id":"https:\/\/kavita.com\/lv#website"},"datePublished":"2025-08-01T11:23:44+00:00","dateModified":"2025-11-05T07:16:52+00:00","breadcrumb":{"@id":"https:\/\/kavita.com\/lv\/sazinieties-ar#breadcrumb"},"inLanguage":"lv-LV","potentialAction":[{"@type":"ReadAction","target":["https:\/\/kavita.com\/lv\/sazinieties-ar"]}]},{"@type":"BreadcrumbList","@id":"https:\/\/kavita.com\/lv\/sazinieties-ar#breadcrumb","itemListElement":[{"@type":"ListItem","position":1,"name":"Home","item":"https:\/\/kavita.com\/lv\/sakums"},{"@type":"ListItem","position":2,"name":"Sazinieties ar"}]},{"@type":"WebSite","@id":"https:\/\/kavita.com\/lv#website","url":"https:\/\/kavita.com\/lv","name":"Kavita","description":"Dirbame su aki\u0173 ir regos prie\u017ei\u016bros  specialistais nuo 1994","potentialAction":[{"@type":"SearchAction","target":{"@type":"EntryPoint","urlTemplate":"https:\/\/kavita.com\/lv?s={search_term_string}"},"query-input":{"@type":"PropertyValueSpecification","valueRequired":true,"valueName":"search_term_string"}}],"inLanguage":"lv-LV"}]}},"_links":{"self":[{"href":"https:\/\/kavita.com\/lv\/wp-json\/wp\/v2\/pages\/8440","targetHints":{"allow":["GET"]}}],"collection":[{"href":"https:\/\/kavita.com\/lv\/wp-json\/wp\/v2\/pages"}],"about":[{"href":"https:\/\/kavita.com\/lv\/wp-json\/wp\/v2\/types\/page"}],"author":[{"embeddable":true,"href":"https:\/\/kavita.com\/lv\/wp-json\/wp\/v2\/users\/1"}],"replies":[{"embeddable":true,"href":"https:\/\/kavita.com\/lv\/wp-json\/wp\/v2\/comments?post=8440"}],"version-history":[{"count":1,"href":"https:\/\/kavita.com\/lv\/wp-json\/wp\/v2\/pages\/8440\/revisions"}],"predecessor-version":[{"id":8444,"href":"https:\/\/kavita.com\/lv\/wp-json\/wp\/v2\/pages\/8440\/revisions\/8444"}],"wp:attachment":[{"href":"https:\/\/kavita.com\/lv\/wp-json\/wp\/v2\/media?parent=8440"}],"curies":[{"name":"wp","href":"https:\/\/api.w.org\/{rel}","templated":true}]}}