{"id":11775,"date":"2026-04-09T14:14:59","date_gmt":"2026-04-09T12:14:59","guid":{"rendered":"https:\/\/kavita.com\/projekty-ue"},"modified":"2026-04-10T08:59:05","modified_gmt":"2026-04-10T06:59:05","slug":"projekty-ue","status":"publish","type":"page","link":"https:\/\/kavita.com\/pl\/projekty-ue","title":{"rendered":"Projekty UE"},"content":{"rendered":"<section class=\"l-section wpb_row lines-right height_medium\"><div class=\"l-section-h i-cf\"><div class=\"g-cols vc_row via_flex valign_top type_default stacking_default\"><div class=\"vc_col-sm-12 wpb_column vc_column_container\"><div class=\"vc_column-inner\"><div class=\"wpb_wrapper\"><div class=\"g-cols wpb_row us_custom_ae390122 via_flex valign_middle type_default stacking_default\"><div class=\"vc_col-sm-12 wpb_column vc_column_container\"><div class=\"vc_column-inner\"><div class=\"wpb_wrapper\"><h1 class=\"w-post-elm post_title us_custom_58c515de has_text_color entry-title color_link_inherit\">Projekty UE<\/h1><\/div><\/div><\/div><\/div><div class=\"w-separator size_small\"><\/div><div class=\"wpb_text_column\"><div class=\"wpb_wrapper\"><h2>Elektrownie s\u0142oneczne<\/h2>\n<\/div><\/div><div class=\"w-separator size_small\"><\/div><div class=\"wpb_text_column\"><div class=\"wpb_wrapper\"><p data-start=\"305\" data-end=\"534\">Aby zwi\u0119kszy\u0107 wydajno\u015b\u0107 operacyjn\u0105 i obni\u017cy\u0107 koszty energii, zainstalowali\u015bmy elektrowni\u0119 s\u0142oneczn\u0105 o mocy 30,6 kW. Projekt zosta\u0142 zrealizowany przy wsparciu wsp\u00f3lnego projektu &#8222;Wsparcie inwestycyjne dla l\u0105dowych elektrowni s\u0142onecznych&#8221;. <\/p>\n<p data-start=\"536\" data-end=\"700\">Inwestycja ta pozwala nam bardziej efektywnie zarz\u0105dza\u0107 naszym zapotrzebowaniem na energi\u0119 elektryczn\u0105, zmniejszy\u0107 nasz\u0105 zale\u017cno\u015b\u0107 od zewn\u0119trznych dostawc\u00f3w i przyczyni\u0107 si\u0119 do bardziej przyjaznych dla \u015brodowiska rozwi\u0105za\u0144.<\/p>\n<p data-start=\"702\" data-end=\"873\">Projekt jest realizowany w ramach planu odbudowy gospodarczej i odporno\u015bci &#8222;Next Generation Lithuania&#8221;, finansowanego z unijnego instrumentu NextGenerationEU.<\/p>\n<\/div><\/div><div class=\"w-separator size_small\"><\/div><div class=\"w-image align_none\"><div class=\"w-image-h\"><img decoding=\"async\" width=\"2560\" height=\"1152\" src=\"https:\/\/kavita.com\/wp-content\/uploads\/2026\/04\/Kavita-se1-faktinis-scaled.jpeg\" class=\"attachment-full size-full\" alt=\"\" loading=\"lazy\" srcset=\"https:\/\/kavita.com\/wp-content\/uploads\/2026\/04\/Kavita-se1-faktinis-scaled.jpeg 2560w, https:\/\/kavita.com\/wp-content\/uploads\/2026\/04\/Kavita-se1-faktinis-300x135.jpeg 300w, https:\/\/kavita.com\/wp-content\/uploads\/2026\/04\/Kavita-se1-faktinis-1024x461.jpeg 1024w\" sizes=\"auto, (max-width: 2560px) 100vw, 2560px\" \/><\/div><\/div><div class=\"w-image align_none\"><div class=\"w-image-h\"><img decoding=\"async\" width=\"300\" height=\"192\" src=\"https:\/\/kavita.com\/wp-content\/uploads\/2026\/04\/FB-photo-300x192.jpg\" class=\"attachment-medium size-medium\" alt=\"\" loading=\"lazy\" srcset=\"https:\/\/kavita.com\/wp-content\/uploads\/2026\/04\/FB-photo-300x192.jpg 300w, https:\/\/kavita.com\/wp-content\/uploads\/2026\/04\/FB-photo.jpg 800w\" sizes=\"auto, (max-width: 300px) 100vw, 300px\" \/><\/div><\/div><\/div><\/div><\/div><\/div><\/div><\/section>\n","protected":false},"excerpt":{"rendered":"Projekty UEElektrownie s\u0142oneczne Aby zwi\u0119kszy\u0107 wydajno\u015b\u0107 operacyjn\u0105 i obni\u017cy\u0107 koszty energii, zainstalowali\u015bmy elektrowni\u0119 s\u0142oneczn\u0105 o mocy 30,6 kW. Projekt zosta\u0142 zrealizowany przy wsparciu wsp\u00f3lnego projektu &#8222;Wsparcie inwestycyjne dla l\u0105dowych elektrowni s\u0142onecznych&#8221;. Inwestycja ta pozwala nam bardziej efektywnie zarz\u0105dza\u0107 naszym zapotrzebowaniem na energi\u0119 elektryczn\u0105, zmniejszy\u0107 nasz\u0105 zale\u017cno\u015b\u0107 od zewn\u0119trznych dostawc\u00f3w i przyczyni\u0107 si\u0119 do bardziej przyjaznych...","protected":false},"author":11,"featured_media":0,"parent":0,"menu_order":0,"comment_status":"closed","ping_status":"closed","template":"","meta":{"footnotes":""},"class_list":["post-11775","page","type-page","status-publish","hentry"],"acf":[],"yoast_head":"<!-- This site is optimized with the Yoast SEO plugin v27.3 - https:\/\/yoast.com\/product\/yoast-seo-wordpress\/ -->\n<title>Projekty UE | Kavita<\/title>\n<meta name=\"robots\" content=\"index, follow, max-snippet:-1, max-image-preview:large, max-video-preview:-1\" \/>\n<link rel=\"canonical\" href=\"https:\/\/kavita.com\/pl\/projekty-ue\" \/>\n<meta property=\"og:locale\" content=\"pl_PL\" \/>\n<meta property=\"og:type\" content=\"article\" \/>\n<meta property=\"og:title\" content=\"Projekty UE | Kavita\" \/>\n<meta property=\"og:url\" content=\"https:\/\/kavita.com\/pl\/projekty-ue\" \/>\n<meta property=\"og:site_name\" content=\"Kavita\" \/>\n<meta property=\"article:modified_time\" content=\"2026-04-10T06:59:05+00:00\" \/>\n<meta name=\"twitter:card\" content=\"summary_large_image\" \/>\n<meta name=\"twitter:label1\" content=\"Szacowany czas czytania\" \/>\n\t<meta name=\"twitter:data1\" content=\"1 minuta\" \/>\n<script type=\"application\/ld+json\" class=\"yoast-schema-graph\">{\"@context\":\"https:\\\/\\\/schema.org\",\"@graph\":[{\"@type\":\"WebPage\",\"@id\":\"https:\\\/\\\/kavita.com\\\/pl\\\/projekty-ue\",\"url\":\"https:\\\/\\\/kavita.com\\\/pl\\\/projekty-ue\",\"name\":\"Projekty UE | Kavita\",\"isPartOf\":{\"@id\":\"https:\\\/\\\/kavita.com\\\/pl#website\"},\"datePublished\":\"2026-04-09T12:14:59+00:00\",\"dateModified\":\"2026-04-10T06:59:05+00:00\",\"breadcrumb\":{\"@id\":\"https:\\\/\\\/kavita.com\\\/pl\\\/projekty-ue#breadcrumb\"},\"inLanguage\":\"pl-PL\",\"potentialAction\":[{\"@type\":\"ReadAction\",\"target\":[\"https:\\\/\\\/kavita.com\\\/pl\\\/projekty-ue\"]}]},{\"@type\":\"BreadcrumbList\",\"@id\":\"https:\\\/\\\/kavita.com\\\/pl\\\/projekty-ue#breadcrumb\",\"itemListElement\":[{\"@type\":\"ListItem\",\"position\":1,\"name\":\"Home\",\"item\":\"https:\\\/\\\/kavita.com\\\/pl\\\/strona-glowna\"},{\"@type\":\"ListItem\",\"position\":2,\"name\":\"Projekty UE\"}]},{\"@type\":\"WebSite\",\"@id\":\"https:\\\/\\\/kavita.com\\\/pl#website\",\"url\":\"https:\\\/\\\/kavita.com\\\/pl\",\"name\":\"Kavita\",\"description\":\"Dirbame su aki\u0173 ir regos prie\u017ei\u016bros  specialistais nuo 1994\",\"potentialAction\":[{\"@type\":\"SearchAction\",\"target\":{\"@type\":\"EntryPoint\",\"urlTemplate\":\"https:\\\/\\\/kavita.com\\\/pl?s={search_term_string}\"},\"query-input\":{\"@type\":\"PropertyValueSpecification\",\"valueRequired\":true,\"valueName\":\"search_term_string\"}}],\"inLanguage\":\"pl-PL\"}]}<\/script>\n<!-- \/ Yoast SEO plugin. -->","yoast_head_json":{"title":"Projekty UE | Kavita","robots":{"index":"index","follow":"follow","max-snippet":"max-snippet:-1","max-image-preview":"max-image-preview:large","max-video-preview":"max-video-preview:-1"},"canonical":"https:\/\/kavita.com\/pl\/projekty-ue","og_locale":"pl_PL","og_type":"article","og_title":"Projekty UE | Kavita","og_url":"https:\/\/kavita.com\/pl\/projekty-ue","og_site_name":"Kavita","article_modified_time":"2026-04-10T06:59:05+00:00","twitter_card":"summary_large_image","twitter_misc":{"Szacowany czas czytania":"1 minuta"},"schema":{"@context":"https:\/\/schema.org","@graph":[{"@type":"WebPage","@id":"https:\/\/kavita.com\/pl\/projekty-ue","url":"https:\/\/kavita.com\/pl\/projekty-ue","name":"Projekty UE | Kavita","isPartOf":{"@id":"https:\/\/kavita.com\/pl#website"},"datePublished":"2026-04-09T12:14:59+00:00","dateModified":"2026-04-10T06:59:05+00:00","breadcrumb":{"@id":"https:\/\/kavita.com\/pl\/projekty-ue#breadcrumb"},"inLanguage":"pl-PL","potentialAction":[{"@type":"ReadAction","target":["https:\/\/kavita.com\/pl\/projekty-ue"]}]},{"@type":"BreadcrumbList","@id":"https:\/\/kavita.com\/pl\/projekty-ue#breadcrumb","itemListElement":[{"@type":"ListItem","position":1,"name":"Home","item":"https:\/\/kavita.com\/pl\/strona-glowna"},{"@type":"ListItem","position":2,"name":"Projekty UE"}]},{"@type":"WebSite","@id":"https:\/\/kavita.com\/pl#website","url":"https:\/\/kavita.com\/pl","name":"Kavita","description":"Dirbame su aki\u0173 ir regos prie\u017ei\u016bros  specialistais nuo 1994","potentialAction":[{"@type":"SearchAction","target":{"@type":"EntryPoint","urlTemplate":"https:\/\/kavita.com\/pl?s={search_term_string}"},"query-input":{"@type":"PropertyValueSpecification","valueRequired":true,"valueName":"search_term_string"}}],"inLanguage":"pl-PL"}]}},"_links":{"self":[{"href":"https:\/\/kavita.com\/pl\/wp-json\/wp\/v2\/pages\/11775","targetHints":{"allow":["GET"]}}],"collection":[{"href":"https:\/\/kavita.com\/pl\/wp-json\/wp\/v2\/pages"}],"about":[{"href":"https:\/\/kavita.com\/pl\/wp-json\/wp\/v2\/types\/page"}],"author":[{"embeddable":true,"href":"https:\/\/kavita.com\/pl\/wp-json\/wp\/v2\/users\/11"}],"replies":[{"embeddable":true,"href":"https:\/\/kavita.com\/pl\/wp-json\/wp\/v2\/comments?post=11775"}],"version-history":[{"count":8,"href":"https:\/\/kavita.com\/pl\/wp-json\/wp\/v2\/pages\/11775\/revisions"}],"predecessor-version":[{"id":11815,"href":"https:\/\/kavita.com\/pl\/wp-json\/wp\/v2\/pages\/11775\/revisions\/11815"}],"wp:attachment":[{"href":"https:\/\/kavita.com\/pl\/wp-json\/wp\/v2\/media?parent=11775"}],"curies":[{"name":"wp","href":"https:\/\/api.w.org\/{rel}","templated":true}]}}