{"id":6904,"date":"2025-08-14T13:19:09","date_gmt":"2025-08-14T11:19:09","guid":{"rendered":"https:\/\/kavita.com\/polityka-prywatnosci"},"modified":"2025-10-31T16:08:26","modified_gmt":"2025-10-31T14:08:26","slug":"polityka-prywatnosci","status":"publish","type":"page","link":"https:\/\/kavita.com\/pl\/polityka-prywatnosci","title":{"rendered":"Polityka prywatno\u015bci"},"content":{"rendered":"<section class=\"l-section wpb_row height_medium\"><div class=\"l-section-h i-cf\"><div class=\"g-cols vc_row via_flex valign_top type_default stacking_default\"><div class=\"vc_col-sm-12 wpb_column vc_column_container\"><div class=\"vc_column-inner\"><div class=\"wpb_wrapper\"><div class=\"g-cols wpb_row via_flex valign_top type_default stacking_default\"><div class=\"vc_col-sm-2 wpb_column vc_column_container\"><div class=\"vc_column-inner\"><div class=\"wpb_wrapper\"><\/div><\/div><\/div><div class=\"vc_col-sm-8 wpb_column vc_column_container\"><div class=\"vc_column-inner\"><div class=\"wpb_wrapper\"><div class=\"wpb_text_column\"><div class=\"wpb_wrapper\"><h1>Polityka prywatno\u015bci<\/h1>\n<p>Niniejsza Polityka prywatno\u015bci i plik\u00f3w cookie (zwana dalej &#8222;Polityk\u0105&#8221;) ma zastosowanie podczas odwiedzania strony internetowej Kavita, UAB. Niniejsza Polityka nie ma zastosowania w przypadku przegl\u0105dania stron internetowych innych firm poprzez dost\u0119p do strony internetowej Kavita, UAB. <\/p>\n<p>Gromadzimy dane os\u00f3b odwiedzaj\u0105cych nasz\u0105 stron\u0119 internetow\u0105 zgodnie z Ustaw\u0105 o prawnej ochronie danych osobowych Republiki Litewskiej, Ustaw\u0105 o komunikacji elektronicznej Republiki Litewskiej, Ustawami o ochronie danych osobowych Unii Europejskiej, innymi odpowiednimi aktami prawnymi i instrukcjami organ\u00f3w kontrolnych.<\/p>\n<h2>Gromadzenie danych<\/h2>\n<p>U\u017cywamy plik\u00f3w cookie do zbierania danych o korzystaniu z witryny. Rodzaje plik\u00f3w cookie i ich przeznaczenie przedstawiono w poni\u017cszej tabeli. <\/p>\n<p>Odpowiedzialnie chronimy gromadzone przez nas dane os\u00f3b odwiedzaj\u0105cych stron\u0119 internetow\u0105 Kavita, UAB przed utrat\u0105, nieuprawnionym wykorzystaniem i zmian\u0105. Pracownicy Kavita, UAB s\u0105 pisemnie zobowi\u0105zani do nieujawniania ani nie rozpowszechniania stronom trzecim \u017cadnych informacji o klientach firmy, w tym osobach odwiedzaj\u0105cych stron\u0119 internetow\u0105 Kavita, UAB, kt\u00f3re uzyskuj\u0105 w pracy. <\/p>\n<h2>Korzystanie z plik\u00f3w cookie<\/h2>\n<p>Gdy odwiedzasz witryn\u0119 Kavita, UAB, chcemy zapewni\u0107 Ci informacje i funkcje dostosowane specjalnie dla Ciebie. Wymaga to u\u017cycia plik\u00f3w cookie. S\u0105 to niewielkie informacje przechowywane w przegl\u0105darce internetowej. Pomagaj\u0105 nam one rozpozna\u0107 u\u017cytkownika jako poprzedniego odwiedzaj\u0105cego stron\u0119 internetow\u0105 Kavita, UAB, przechowywa\u0107 histori\u0119 odwiedzin i odpowiednio dostosowywa\u0107 tre\u015bci. Pliki cookie pomagaj\u0105 r\u00f3wnie\u017c zapewni\u0107 sprawne dzia\u0142anie strony internetowej, monitorowa\u0107 czas trwania i cz\u0119stotliwo\u015b\u0107 odwiedzin strony internetowej Kavita, UAB oraz zbiera\u0107 informacje statystyczne o liczbie odwiedzaj\u0105cych stron\u0119 internetow\u0105. Analizuj\u0105c te dane, mo\u017cemy ulepszy\u0107 witryn\u0119 i uczyni\u0107 j\u0105 bardziej przyjazn\u0105 dla u\u017cytkownika. Podczas odwiedzania strony internetowej Kavita, UAB u\u017cytkownik mo\u017ce wybra\u0107, czy chce korzysta\u0107 z plik\u00f3w cookie. Je\u015bli u\u017cytkownik nie wyra\u017ca zgody na umieszczanie plik\u00f3w cookie na jego komputerze lub innym urz\u0105dzeniu, mo\u017ce w dowolnym momencie wycofa\u0107 swoj\u0105 zgod\u0119, zmieniaj\u0105c ustawienia i usuwaj\u0105c umieszczone pliki cookie.       <\/p>\n<h2>Informacje o u\u017cywanych przez nas plikach cookie<\/h2>\n<table>\n<thead>\n<tr>\n<th>Nazwa<\/th>\n<th>Opis<\/th>\n<th>Moment utworzenia\/data wyga\u015bni\u0119cia<\/th>\n<\/tr>\n<\/thead>\n<tbody>\n<tr>\n<td>_ga<\/td>\n<td>Ten plik cookie jest wykorzystywany przez Google Analytics do pomiaru cel\u00f3w wizyty u\u017cytkownika, raportowania aktywno\u015bci na stronie internetowej operatorom witryn oraz do poprawy do\u015bwiadcze\u0144 klienta podczas odwiedzania strony internetowej<\/td>\n<td>Od wyra\u017cenia zgody\/2 lata.<\/td>\n<\/tr>\n<tr>\n<td>_gat<\/td>\n<td>Te pliki cookie s\u0105 u\u017cywane przez Google Analytics do zbierania informacji statystycznych o ruchu w witrynie.<\/td>\n<td>Przy pierwszym wej\u015bciu na stron\u0119\/po zako\u0144czeniu sesji<\/td>\n<\/tr>\n<tr>\n<td>_gid<\/td>\n<td>Ten plik cookie jest wykorzystywany przez Google Analytics do identyfikacji u\u017cytkownika.<\/td>\n<td>W momencie pierwszego dost\u0119pu\/2 dni<\/td>\n<\/tr>\n<\/tbody>\n<\/table>\n<h2>Rodzaje plik\u00f3w cookie<\/h2>\n<p>Pliki cookie to sesyjne i trwa\u0142e pliki cookie oraz pliki cookie pierwszej lub trzeciej strony. Poni\u017cej wyja\u015bnimy, co oznaczaj\u0105 te terminy, aby u\u017cytkownik m\u00f3g\u0142 lepiej zrozumie\u0107, w jaki spos\u00f3b korzystamy z plik\u00f3w cookie i do czego s\u0105 one wykorzystywane. <\/p>\n<p>Sesyjne pliki cookie umo\u017cliwiaj\u0105 rozpoznanie u\u017cytkownika podczas pojedynczej wizyty na naszej stronie internetowej, dzi\u0119ki czemu wszelkie zmiany lub wybory dokonane na stronie s\u0105 zapami\u0119tywane podczas przechodzenia z jednej strony na drug\u0105. Te pliki cookie umo\u017cliwiaj\u0105 szybkie i \u0142atwe poruszanie si\u0119 po wielu stronach witryny, dzi\u0119ki czemu u\u017cytkownik nie musi ponownie przetwarza\u0107 informacji za ka\u017cdym razem, gdy odwiedza now\u0105 witryn\u0119. Sesyjne pliki cookie s\u0105 tymczasowe i znikaj\u0105 po zamkni\u0119ciu przegl\u0105darki lub wylogowaniu si\u0119 z witryny.  <\/p>\n<h2>D\u0142ugoterminowe pliki cookie<\/h2>\n<p>Trwa\u0142e pliki cookie to pliki, kt\u00f3re pozostaj\u0105 na komputerze u\u017cytkownika przez okre\u015blony czas po zako\u0144czeniu sesji przegl\u0105dania, a zatem mog\u0105 rejestrowa\u0107 pewne preferencje u\u017cytkownika lub dzia\u0142ania przy ponownym odwiedzeniu strony internetowej.<\/p>\n<h2>Pliki cookie stron trzecich<\/h2>\n<p>Te pliki cookie s\u0105 wykorzystywane przez inne organizacje za po\u015brednictwem naszej strony internetowej. W naszym przypadku strona internetowa Kavita, UAB wykorzystuje pliki cookie Google Analytics do analizy ruchu na stronie. &#8222;Google Analytics anonimowo gromadzi informacje o liczbie odwiedzaj\u0105cych, lokalizacji, z kt\u00f3rej korzystano z naszej witryny oraz o tym, kt\u00f3re cz\u0119\u015bci witryny by\u0142y przegl\u0105dane przez odwiedzaj\u0105cych. Te pliki cookie s\u0105 tworzone przez Google Analytics. Wi\u0119cej informacji na temat Google Analytics mo\u017cna znale\u017a\u0107 <a href=\"http:\/\/www.google.com\/analytics\" target=\"_blank\" rel=\"noopener noreferrer\">na stronie http:\/\/www.google.com\/analytics.<\/a>   <\/p>\n<p>Wszelkie informacje zebrane za pomoc\u0105 plik\u00f3w cookie s\u0105 przechowywane do momentu ich wyga\u015bni\u0119cia i nie s\u0105 wykorzystywane do cel\u00f3w innych ni\u017c okre\u015blone w niniejszej polityce.<\/p>\n<p>Nasza witryna zawiera \u0142\u0105cza do witryn innych os\u00f3b, firm lub organizacji. Nale\u017cy pami\u0119ta\u0107, \u017ce Kavita, UAB nie ponosi odpowiedzialno\u015bci za zawarto\u015b\u0107 takich stron internetowych ani za stosowane przez nie praktyki w zakresie prywatno\u015bci. W zwi\u0105zku z tym, je\u015bli u\u017cytkownik skorzysta z \u0142\u0105cza ze strony internetowej Kavita, UAB do innych stron internetowych, powinien zapozna\u0107 si\u0119 z ich polityk\u0105 prywatno\u015bci osobno.  <\/p>\n<h2>W\u0142asne pliki cookie<\/h2>\n<p>Te pliki cookie, kt\u00f3re s\u0105 niezb\u0119dne do prawid\u0142owego funkcjonowania strony internetowej Kavita, UAB.<\/p>\n<h2>Twoje prawa<\/h2>\n<p>U\u017cytkownik ma prawo dost\u0119pu do swoich danych przetwarzanych przez nas przy u\u017cyciu plik\u00f3w cookie. U\u017cytkownik ma r\u00f3wnie\u017c prawo do \u017c\u0105dania sprostowania nieprawid\u0142owych, niekompletnych lub niedok\u0142adnych danych. <\/p>\n<p>W przypadku jakichkolwiek pyta\u0144 lub ch\u0119ci skorzystania ze swoich praw, prosimy o kontakt na adres e-mail podany na stronie kontaktowej. poczt\u0105 lub w jakikolwiek inny spos\u00f3b wskazany na tej stronie. <\/p>\n<\/div><\/div><\/div><\/div><\/div><div class=\"vc_col-sm-2 wpb_column vc_column_container\"><div class=\"vc_column-inner\"><div class=\"wpb_wrapper\"><\/div><\/div><\/div><\/div><\/div><\/div><\/div><\/div><\/div><\/section>\n","protected":false},"excerpt":{"rendered":"Polityka prywatno\u015bci Niniejsza Polityka prywatno\u015bci i plik\u00f3w cookie (zwana dalej &#8222;Polityk\u0105&#8221;) ma zastosowanie podczas odwiedzania strony internetowej Kavita, UAB. Niniejsza Polityka nie ma zastosowania w przypadku przegl\u0105dania stron internetowych innych firm poprzez dost\u0119p do strony internetowej Kavita, UAB. Gromadzimy dane os\u00f3b odwiedzaj\u0105cych nasz\u0105 stron\u0119 internetow\u0105 zgodnie z Ustaw\u0105 o prawnej ochronie danych osobowych Republiki Litewskiej,...","protected":false},"author":1,"featured_media":0,"parent":0,"menu_order":0,"comment_status":"closed","ping_status":"closed","template":"","meta":{"footnotes":""},"class_list":["post-6904","page","type-page","status-publish","hentry"],"acf":[],"yoast_head":"<!-- This site is optimized with the Yoast SEO plugin v27.3 - https:\/\/yoast.com\/product\/yoast-seo-wordpress\/ -->\n<title>Polityka prywatno\u015bci | Kavita<\/title>\n<meta name=\"robots\" content=\"index, follow, max-snippet:-1, max-image-preview:large, max-video-preview:-1\" \/>\n<link rel=\"canonical\" href=\"https:\/\/kavita.com\/pl\/polityka-prywatnosci\" \/>\n<meta property=\"og:locale\" content=\"pl_PL\" \/>\n<meta property=\"og:type\" content=\"article\" \/>\n<meta property=\"og:title\" content=\"Polityka prywatno\u015bci | Kavita\" \/>\n<meta property=\"og:url\" content=\"https:\/\/kavita.com\/pl\/polityka-prywatnosci\" \/>\n<meta property=\"og:site_name\" content=\"Kavita\" \/>\n<meta property=\"article:modified_time\" content=\"2025-10-31T14:08:26+00:00\" \/>\n<meta name=\"twitter:card\" content=\"summary_large_image\" \/>\n<meta name=\"twitter:label1\" content=\"Szacowany czas czytania\" \/>\n\t<meta name=\"twitter:data1\" content=\"5 minut\" \/>\n<script type=\"application\/ld+json\" class=\"yoast-schema-graph\">{\"@context\":\"https:\\\/\\\/schema.org\",\"@graph\":[{\"@type\":\"WebPage\",\"@id\":\"https:\\\/\\\/kavita.com\\\/pl\\\/polityka-prywatnosci\",\"url\":\"https:\\\/\\\/kavita.com\\\/pl\\\/polityka-prywatnosci\",\"name\":\"Polityka prywatno\u015bci | Kavita\",\"isPartOf\":{\"@id\":\"https:\\\/\\\/kavita.com\\\/pl#website\"},\"datePublished\":\"2025-08-14T11:19:09+00:00\",\"dateModified\":\"2025-10-31T14:08:26+00:00\",\"breadcrumb\":{\"@id\":\"https:\\\/\\\/kavita.com\\\/pl\\\/polityka-prywatnosci#breadcrumb\"},\"inLanguage\":\"pl-PL\",\"potentialAction\":[{\"@type\":\"ReadAction\",\"target\":[\"https:\\\/\\\/kavita.com\\\/pl\\\/polityka-prywatnosci\"]}]},{\"@type\":\"BreadcrumbList\",\"@id\":\"https:\\\/\\\/kavita.com\\\/pl\\\/polityka-prywatnosci#breadcrumb\",\"itemListElement\":[{\"@type\":\"ListItem\",\"position\":1,\"name\":\"Home\",\"item\":\"https:\\\/\\\/kavita.com\\\/pl\\\/strona-glowna\"},{\"@type\":\"ListItem\",\"position\":2,\"name\":\"Polityka prywatno\u015bci\"}]},{\"@type\":\"WebSite\",\"@id\":\"https:\\\/\\\/kavita.com\\\/pl#website\",\"url\":\"https:\\\/\\\/kavita.com\\\/pl\",\"name\":\"Kavita\",\"description\":\"Dirbame su aki\u0173 ir regos prie\u017ei\u016bros  specialistais nuo 1994\",\"potentialAction\":[{\"@type\":\"SearchAction\",\"target\":{\"@type\":\"EntryPoint\",\"urlTemplate\":\"https:\\\/\\\/kavita.com\\\/pl?s={search_term_string}\"},\"query-input\":{\"@type\":\"PropertyValueSpecification\",\"valueRequired\":true,\"valueName\":\"search_term_string\"}}],\"inLanguage\":\"pl-PL\"}]}<\/script>\n<!-- \/ Yoast SEO plugin. -->","yoast_head_json":{"title":"Polityka prywatno\u015bci | Kavita","robots":{"index":"index","follow":"follow","max-snippet":"max-snippet:-1","max-image-preview":"max-image-preview:large","max-video-preview":"max-video-preview:-1"},"canonical":"https:\/\/kavita.com\/pl\/polityka-prywatnosci","og_locale":"pl_PL","og_type":"article","og_title":"Polityka prywatno\u015bci | Kavita","og_url":"https:\/\/kavita.com\/pl\/polityka-prywatnosci","og_site_name":"Kavita","article_modified_time":"2025-10-31T14:08:26+00:00","twitter_card":"summary_large_image","twitter_misc":{"Szacowany czas czytania":"5 minut"},"schema":{"@context":"https:\/\/schema.org","@graph":[{"@type":"WebPage","@id":"https:\/\/kavita.com\/pl\/polityka-prywatnosci","url":"https:\/\/kavita.com\/pl\/polityka-prywatnosci","name":"Polityka prywatno\u015bci | Kavita","isPartOf":{"@id":"https:\/\/kavita.com\/pl#website"},"datePublished":"2025-08-14T11:19:09+00:00","dateModified":"2025-10-31T14:08:26+00:00","breadcrumb":{"@id":"https:\/\/kavita.com\/pl\/polityka-prywatnosci#breadcrumb"},"inLanguage":"pl-PL","potentialAction":[{"@type":"ReadAction","target":["https:\/\/kavita.com\/pl\/polityka-prywatnosci"]}]},{"@type":"BreadcrumbList","@id":"https:\/\/kavita.com\/pl\/polityka-prywatnosci#breadcrumb","itemListElement":[{"@type":"ListItem","position":1,"name":"Home","item":"https:\/\/kavita.com\/pl\/strona-glowna"},{"@type":"ListItem","position":2,"name":"Polityka prywatno\u015bci"}]},{"@type":"WebSite","@id":"https:\/\/kavita.com\/pl#website","url":"https:\/\/kavita.com\/pl","name":"Kavita","description":"Dirbame su aki\u0173 ir regos prie\u017ei\u016bros  specialistais nuo 1994","potentialAction":[{"@type":"SearchAction","target":{"@type":"EntryPoint","urlTemplate":"https:\/\/kavita.com\/pl?s={search_term_string}"},"query-input":{"@type":"PropertyValueSpecification","valueRequired":true,"valueName":"search_term_string"}}],"inLanguage":"pl-PL"}]}},"_links":{"self":[{"href":"https:\/\/kavita.com\/pl\/wp-json\/wp\/v2\/pages\/6904","targetHints":{"allow":["GET"]}}],"collection":[{"href":"https:\/\/kavita.com\/pl\/wp-json\/wp\/v2\/pages"}],"about":[{"href":"https:\/\/kavita.com\/pl\/wp-json\/wp\/v2\/types\/page"}],"author":[{"embeddable":true,"href":"https:\/\/kavita.com\/pl\/wp-json\/wp\/v2\/users\/1"}],"replies":[{"embeddable":true,"href":"https:\/\/kavita.com\/pl\/wp-json\/wp\/v2\/comments?post=6904"}],"version-history":[{"count":8,"href":"https:\/\/kavita.com\/pl\/wp-json\/wp\/v2\/pages\/6904\/revisions"}],"predecessor-version":[{"id":6940,"href":"https:\/\/kavita.com\/pl\/wp-json\/wp\/v2\/pages\/6904\/revisions\/6940"}],"wp:attachment":[{"href":"https:\/\/kavita.com\/pl\/wp-json\/wp\/v2\/media?parent=6904"}],"curies":[{"name":"wp","href":"https:\/\/api.w.org\/{rel}","templated":true}]}}