{"id":6912,"date":"2025-08-14T13:14:05","date_gmt":"2025-08-14T11:14:05","guid":{"rendered":"https:\/\/kavita.com\/wkrotce"},"modified":"2025-08-14T13:14:05","modified_gmt":"2025-08-14T11:14:05","slug":"wkrotce","status":"publish","type":"page","link":"https:\/\/kavita.com\/pl\/wkrotce","title":{"rendered":"Wkr\u00f3tce"},"content":{"rendered":"","protected":false},"excerpt":{"rendered":"","protected":false},"author":1,"featured_media":0,"parent":0,"menu_order":0,"comment_status":"closed","ping_status":"closed","template":"","meta":{"footnotes":""},"class_list":["post-6912","page","type-page","status-publish","hentry"],"acf":[],"yoast_head":"<!-- This site is optimized with the Yoast SEO plugin v27.3 - https:\/\/yoast.com\/product\/yoast-seo-wordpress\/ -->\n<title>Wkr\u00f3tce | Kavita<\/title>\n<meta name=\"robots\" content=\"index, follow, max-snippet:-1, max-image-preview:large, max-video-preview:-1\" \/>\n<link rel=\"canonical\" href=\"https:\/\/kavita.com\/pl\/wkrotce\" \/>\n<meta property=\"og:locale\" content=\"pl_PL\" \/>\n<meta property=\"og:type\" content=\"article\" \/>\n<meta property=\"og:title\" content=\"Wkr\u00f3tce | Kavita\" \/>\n<meta property=\"og:url\" content=\"https:\/\/kavita.com\/pl\/wkrotce\" \/>\n<meta property=\"og:site_name\" content=\"Kavita\" \/>\n<meta name=\"twitter:card\" content=\"summary_large_image\" \/>\n<script type=\"application\/ld+json\" class=\"yoast-schema-graph\">{\"@context\":\"https:\\\/\\\/schema.org\",\"@graph\":[{\"@type\":\"WebPage\",\"@id\":\"https:\\\/\\\/kavita.com\\\/pl\\\/wkrotce\",\"url\":\"https:\\\/\\\/kavita.com\\\/pl\\\/wkrotce\",\"name\":\"Wkr\u00f3tce | Kavita\",\"isPartOf\":{\"@id\":\"https:\\\/\\\/kavita.com\\\/pl#website\"},\"datePublished\":\"2025-08-14T11:14:05+00:00\",\"breadcrumb\":{\"@id\":\"https:\\\/\\\/kavita.com\\\/pl\\\/wkrotce#breadcrumb\"},\"inLanguage\":\"pl-PL\",\"potentialAction\":[{\"@type\":\"ReadAction\",\"target\":[\"https:\\\/\\\/kavita.com\\\/pl\\\/wkrotce\"]}]},{\"@type\":\"BreadcrumbList\",\"@id\":\"https:\\\/\\\/kavita.com\\\/pl\\\/wkrotce#breadcrumb\",\"itemListElement\":[{\"@type\":\"ListItem\",\"position\":1,\"name\":\"Home\",\"item\":\"https:\\\/\\\/kavita.com\\\/pl\\\/strona-glowna\"},{\"@type\":\"ListItem\",\"position\":2,\"name\":\"Wkr\u00f3tce\"}]},{\"@type\":\"WebSite\",\"@id\":\"https:\\\/\\\/kavita.com\\\/pl#website\",\"url\":\"https:\\\/\\\/kavita.com\\\/pl\",\"name\":\"Kavita\",\"description\":\"Dirbame su aki\u0173 ir regos prie\u017ei\u016bros  specialistais nuo 1994\",\"potentialAction\":[{\"@type\":\"SearchAction\",\"target\":{\"@type\":\"EntryPoint\",\"urlTemplate\":\"https:\\\/\\\/kavita.com\\\/pl?s={search_term_string}\"},\"query-input\":{\"@type\":\"PropertyValueSpecification\",\"valueRequired\":true,\"valueName\":\"search_term_string\"}}],\"inLanguage\":\"pl-PL\"}]}<\/script>\n<!-- \/ Yoast SEO plugin. -->","yoast_head_json":{"title":"Wkr\u00f3tce | Kavita","robots":{"index":"index","follow":"follow","max-snippet":"max-snippet:-1","max-image-preview":"max-image-preview:large","max-video-preview":"max-video-preview:-1"},"canonical":"https:\/\/kavita.com\/pl\/wkrotce","og_locale":"pl_PL","og_type":"article","og_title":"Wkr\u00f3tce | Kavita","og_url":"https:\/\/kavita.com\/pl\/wkrotce","og_site_name":"Kavita","twitter_card":"summary_large_image","schema":{"@context":"https:\/\/schema.org","@graph":[{"@type":"WebPage","@id":"https:\/\/kavita.com\/pl\/wkrotce","url":"https:\/\/kavita.com\/pl\/wkrotce","name":"Wkr\u00f3tce | Kavita","isPartOf":{"@id":"https:\/\/kavita.com\/pl#website"},"datePublished":"2025-08-14T11:14:05+00:00","breadcrumb":{"@id":"https:\/\/kavita.com\/pl\/wkrotce#breadcrumb"},"inLanguage":"pl-PL","potentialAction":[{"@type":"ReadAction","target":["https:\/\/kavita.com\/pl\/wkrotce"]}]},{"@type":"BreadcrumbList","@id":"https:\/\/kavita.com\/pl\/wkrotce#breadcrumb","itemListElement":[{"@type":"ListItem","position":1,"name":"Home","item":"https:\/\/kavita.com\/pl\/strona-glowna"},{"@type":"ListItem","position":2,"name":"Wkr\u00f3tce"}]},{"@type":"WebSite","@id":"https:\/\/kavita.com\/pl#website","url":"https:\/\/kavita.com\/pl","name":"Kavita","description":"Dirbame su aki\u0173 ir regos prie\u017ei\u016bros  specialistais nuo 1994","potentialAction":[{"@type":"SearchAction","target":{"@type":"EntryPoint","urlTemplate":"https:\/\/kavita.com\/pl?s={search_term_string}"},"query-input":{"@type":"PropertyValueSpecification","valueRequired":true,"valueName":"search_term_string"}}],"inLanguage":"pl-PL"}]}},"_links":{"self":[{"href":"https:\/\/kavita.com\/pl\/wp-json\/wp\/v2\/pages\/6912","targetHints":{"allow":["GET"]}}],"collection":[{"href":"https:\/\/kavita.com\/pl\/wp-json\/wp\/v2\/pages"}],"about":[{"href":"https:\/\/kavita.com\/pl\/wp-json\/wp\/v2\/types\/page"}],"author":[{"embeddable":true,"href":"https:\/\/kavita.com\/pl\/wp-json\/wp\/v2\/users\/1"}],"replies":[{"embeddable":true,"href":"https:\/\/kavita.com\/pl\/wp-json\/wp\/v2\/comments?post=6912"}],"version-history":[{"count":0,"href":"https:\/\/kavita.com\/pl\/wp-json\/wp\/v2\/pages\/6912\/revisions"}],"wp:attachment":[{"href":"https:\/\/kavita.com\/pl\/wp-json\/wp\/v2\/media?parent=6912"}],"curies":[{"name":"wp","href":"https:\/\/api.w.org\/{rel}","templated":true}]}}